{"id":288,"date":"2011-11-19T05:28:45","date_gmt":"2011-11-19T10:28:45","guid":{"rendered":"http:\/\/anvisible.com\/introduction-2\/"},"modified":"2015-11-26T08:39:26","modified_gmt":"2015-11-26T13:39:26","slug":"introduction-3","status":"publish","type":"page","link":"https:\/\/anvisible.com\/de\/introduction-3\/","title":{"rendered":"DAS HERZ VON AN"},"content":{"rendered":"<p style=\"text-align: justify;\"><strong>Nach der Aktivierung des Elften und letzten Tores des 11:11-Torwegs, finden wir uns inmitten der unglaublichsten, alles umfassenden Verwandlung, die wir jemals erfahren haben.<\/strong><\/p>\n<p style=\"text-align: justify;\"><strong>Die Reise durch 11:11 verschiebt unser ganzes Wesen, ordnet unsere Priorit\u00e4ten neu und bewegt uns hinein in die weit ausgedehnte Neue Landschaft des Diamanten des Nicht-Gesehenen. Etwas Wunderbares wird aus dieser ganzen Reise durch den 11:11-Torweg geboren, etwas, das uns zu Neueren und Aufrichtigeren Ebenen unseres Lebens und Seins emporhebt.<\/strong><\/p>\n<p style=\"text-align: justify;\"><strong>Das Herz von AN wird nun sichtbar<\/strong> <strong>&#8230;<\/strong><\/p>\n<p>Unsere letzten Blog-Eintr\u00e4ge:<\/p>\n<div class=\"an-display-posts\"><div class=\"listing-item\"><a class=\"image\" href=\"https:\/\/anvisible.com\/de\/11-11-anamua-closing-11-11-doorway-29\/\"><img width=\"113\" height=\"150\" src=\"https:\/\/anvisible.com\/wp-content\/blogs.dir\/1\/files\/2025\/05\/2024-11-ANAMUA-029-00001-113x150.jpg\" class=\"attachment-thumbnail size-thumbnail wp-post-image\" alt=\"\" decoding=\"async\" loading=\"lazy\" srcset=\"https:\/\/anvisible.com\/wp-content\/blogs.dir\/1\/files\/2025\/05\/2024-11-ANAMUA-029-00001-113x150.jpg 113w, https:\/\/anvisible.com\/wp-content\/blogs.dir\/1\/files\/2025\/05\/2024-11-ANAMUA-029-00001-225x300.jpg 225w, https:\/\/anvisible.com\/wp-content\/blogs.dir\/1\/files\/2025\/05\/2024-11-ANAMUA-029-00001-338x450.jpg 338w, https:\/\/anvisible.com\/wp-content\/blogs.dir\/1\/files\/2025\/05\/2024-11-ANAMUA-029-00001-768x1024.jpg 768w, https:\/\/anvisible.com\/wp-content\/blogs.dir\/1\/files\/2025\/05\/2024-11-ANAMUA-029-00001-1152x1536.jpg 1152w, https:\/\/anvisible.com\/wp-content\/blogs.dir\/1\/files\/2025\/05\/2024-11-ANAMUA-029-00001-400x533.jpg 400w, https:\/\/anvisible.com\/wp-content\/blogs.dir\/1\/files\/2025\/05\/2024-11-ANAMUA-029-00001.jpg 1200w\" sizes=\"(max-width: 113px) 100vw, 113px\" \/><\/a> <a class=\"title\" href=\"https:\/\/anvisible.com\/de\/11-11-anamua-closing-11-11-doorway-29\/\">11:11 AN A\u2019MUA ~ CLOSING THE 11:11 DOORWAY ~ Nov 9-23, 2024 (29)<\/a> <span class=\"date\">(5\/27\/2025)<\/span> <span class=\"excerpt-dash\">-<\/span> <span class=\"excerpt\">Cleaning up and Saying Farewell!<\/span><\/div><div class=\"listing-item\"><a class=\"image\" href=\"https:\/\/anvisible.com\/de\/11-11-anamua-closing-11-11-doorway-28\/\"><img width=\"200\" height=\"150\" src=\"https:\/\/anvisible.com\/wp-content\/blogs.dir\/1\/files\/2025\/05\/2024-11-ANAMUA-028-00001-200x150.jpg\" class=\"attachment-thumbnail size-thumbnail wp-post-image\" alt=\"\" decoding=\"async\" loading=\"lazy\" srcset=\"https:\/\/anvisible.com\/wp-content\/blogs.dir\/1\/files\/2025\/05\/2024-11-ANAMUA-028-00001-200x150.jpg 200w, https:\/\/anvisible.com\/wp-content\/blogs.dir\/1\/files\/2025\/05\/2024-11-ANAMUA-028-00001-400x300.jpg 400w, https:\/\/anvisible.com\/wp-content\/blogs.dir\/1\/files\/2025\/05\/2024-11-ANAMUA-028-00001-600x450.jpg 600w, https:\/\/anvisible.com\/wp-content\/blogs.dir\/1\/files\/2025\/05\/2024-11-ANAMUA-028-00001-768x576.jpg 768w, https:\/\/anvisible.com\/wp-content\/blogs.dir\/1\/files\/2025\/05\/2024-11-ANAMUA-028-00001-1536x1152.jpg 1536w, https:\/\/anvisible.com\/wp-content\/blogs.dir\/1\/files\/2025\/05\/2024-11-ANAMUA-028-00001-300x225.jpg 300w, https:\/\/anvisible.com\/wp-content\/blogs.dir\/1\/files\/2025\/05\/2024-11-ANAMUA-028-00001.jpg 1920w\" sizes=\"(max-width: 200px) 100vw, 200px\" \/><\/a> <a class=\"title\" href=\"https:\/\/anvisible.com\/de\/11-11-anamua-closing-11-11-doorway-28\/\">11:11 AN A\u2019MUA ~ CLOSING THE 11:11 DOORWAY ~ Nov 9-23, 2024 (28)<\/a> <span class=\"date\">(5\/25\/2025)<\/span> <span class=\"excerpt-dash\">-<\/span> <span class=\"excerpt\">We are finishing this monumental day of the \"Jewels in the Crown\".<\/span><\/div><div class=\"listing-item\"><a class=\"image\" href=\"https:\/\/anvisible.com\/de\/11-11-anamua-closing-11-11-doorway-27\/\"><img width=\"123\" height=\"150\" src=\"https:\/\/anvisible.com\/wp-content\/blogs.dir\/1\/files\/2025\/05\/2024-11-ANAMUA-027-00001-123x150.jpg\" class=\"attachment-thumbnail size-thumbnail wp-post-image\" alt=\"\" decoding=\"async\" loading=\"lazy\" srcset=\"https:\/\/anvisible.com\/wp-content\/blogs.dir\/1\/files\/2025\/05\/2024-11-ANAMUA-027-00001-123x150.jpg 123w, https:\/\/anvisible.com\/wp-content\/blogs.dir\/1\/files\/2025\/05\/2024-11-ANAMUA-027-00001-247x300.jpg 247w, https:\/\/anvisible.com\/wp-content\/blogs.dir\/1\/files\/2025\/05\/2024-11-ANAMUA-027-00001-370x450.jpg 370w, https:\/\/anvisible.com\/wp-content\/blogs.dir\/1\/files\/2025\/05\/2024-11-ANAMUA-027-00001-768x934.jpg 768w, https:\/\/anvisible.com\/wp-content\/blogs.dir\/1\/files\/2025\/05\/2024-11-ANAMUA-027-00001-1263x1536.jpg 1263w, https:\/\/anvisible.com\/wp-content\/blogs.dir\/1\/files\/2025\/05\/2024-11-ANAMUA-027-00001-400x486.jpg 400w, https:\/\/anvisible.com\/wp-content\/blogs.dir\/1\/files\/2025\/05\/2024-11-ANAMUA-027-00001.jpg 1579w\" sizes=\"(max-width: 123px) 100vw, 123px\" \/><\/a> <a class=\"title\" href=\"https:\/\/anvisible.com\/de\/11-11-anamua-closing-11-11-doorway-27\/\">11:11 AN A\u2019MUA ~ CLOSING THE 11:11 DOORWAY ~ Nov 9-23, 2024 (27)<\/a> <span class=\"date\">(5\/24\/2025)<\/span> <span class=\"excerpt-dash\">-<\/span> <span class=\"excerpt\">We came together as Jewels in the Crown.<\/span><\/div><\/div>\n<p style=\"text-align: center;\"><span style=\"font-size: medium;\"><strong>Das Herz von AN<\/strong><\/span><\/p>\n<p style=\"text-align: justify;\"><strong>Das Herz von AN ist der zentrale Kern von AN, das die Heilige Vereinigung von Sonne und Mond als Ein Wesen verk\u00f6rpert. AN stellt einen besonderen Zustand des Bewusstseins dar, der so zart und authentisch ist, dass man ihn erfahren muss, um ihn vollkommen zu verstehen.<\/strong><\/p>\n<p><strong>Wenn wir uns in das Herz von AN hinein stellen, dann k\u00f6nnen wir unsere Wildesten Tr\u00e4ume leben und unseren Wahren Zweck erf\u00fcllen.<\/strong><\/p>\n<div id=\"attachment_1289\" style=\"width: 401px\" class=\"wp-caption aligncenter\"><img aria-describedby=\"caption-attachment-1289\" decoding=\"async\" loading=\"lazy\" class=\"size-medium wp-image-1289\" title=\"DSCN7903-001\" src=\"http:\/\/anvisible.com\/files\/2011\/11\/DSCN7903-001-391x300.jpg\" alt=\"DSCN7903-001\" width=\"391\" height=\"300\" srcset=\"https:\/\/anvisible.com\/wp-content\/blogs.dir\/1\/files\/2011\/11\/DSCN7903-001-391x300.jpg 391w, https:\/\/anvisible.com\/wp-content\/blogs.dir\/1\/files\/2011\/11\/DSCN7903-001-195x150.jpg 195w, https:\/\/anvisible.com\/wp-content\/blogs.dir\/1\/files\/2011\/11\/DSCN7903-001-587x450.jpg 587w, https:\/\/anvisible.com\/wp-content\/blogs.dir\/1\/files\/2011\/11\/DSCN7903-001-400x306.jpg 400w, https:\/\/anvisible.com\/wp-content\/blogs.dir\/1\/files\/2011\/11\/DSCN7903-001.jpg 800w\" sizes=\"(max-width: 391px) 100vw, 391px\" \/><p id=\"caption-attachment-1289\" class=\"wp-caption-text\">AN wird sichtbar w\u00e4hrend der Aktivierung des Elften Tores.<\/p><\/div>\n<p style=\"text-align: center;\"><strong><\/strong><span style=\"font-size: medium;\"><strong><strong><\/p>\n<p>Unsere Vision:<\/p>\n<p><\/strong>Das Herz von AN<\/p>\n<p>Centro de la Vida Verdadera<\/p>\n<p>(Zentrum des Wahren Lebens)<\/strong><\/span><span style=\"font-size: medium;\"><strong><\/p>\n<p><\/strong><\/span><\/p>\n<p style=\"text-align: justify;\"><strong>Die heiligen Berge der Anden in S\u00fcdamerika beinhalten die st\u00e4rkste Konzentration an AN-Energie auf dem ganzen Planeten. Hier ist es, wo die T\u00fcrme des Lichts von AN zuerst aktiviert werden. Aber bevor das geschehen kann, muss das Herz von AN vollkommen manifestiert und aktiviert werden.<\/strong><\/p>\n<p style=\"text-align: justify;\"><strong>Eine engagierte Kerngruppe von uns hat das Herz von AN ins Leben zu rufen. Wir haben den richtigen Platz daf\u00fcr im Heiligen Tal in Peru gefunden. Das Herz von AN Zentrum wird als lebendes Beispiel daf\u00fcr dienen, wie man bewu\u00dft Wahre Leben als Wahre Eine lebt &#8211; in der Neuen Realit\u00e4t. Es wird dar\u00fcberhinaus ein friedlicher Hafen f\u00fcr viele von euch sein, die sich <strong>in <\/strong>pers\u00f6nlichen Retreat-Aufenthalten erholen und ihre Energie neu auff\u00fcllen und rekalibrieren wollen.<\/strong><\/p>\n<p style=\"text-align: justify;\"><strong>Das Herz von AN wird die Heimat spezieller Veranstaltungen sein, wie etwa\u00a0 tiefgehender, fortgeschrittener Workshops mit Solara und anderen AN-Workshopleitern in verschiedenen Sprachen. Wir werden spezielle Aktivit\u00e4ten f\u00fcr Gruppen anbieten, die uns besuchen wollen, Mandala-Workshops, 11:11-Heilige-T\u00e4nze und einzigartige Touren durch Peru und Bolivien mit Wahren Einen, die erfahrene Tourguides sind. Dies sind keine normalen &#8222;spirituellen&#8220; Touren, sondern sie werden dich zu dem authentischsten Platz in dir selbst f\u00fchren. <\/strong><\/p>\n<p style=\"text-align: justify;\"><strong>Im Herzen von AN wird es kleine G\u00e4steh\u00e4user und einen Workshop-Raum f\u00fcr Veranstaltungen geben, so dass jeder die Erfahrung <\/strong><strong><strong>machen kann<\/strong>, vollkommen in der Ultra-Gr\u00f6\u00dferen Realit\u00e4t eingeh\u00fcllt zu sein. Unsere Werkst\u00e4tten werden spezielle Produkte herstellen, die in der Energie von AN schwingen. Und wir wohnen nahe genug an <\/strong><strong><strong>Quetchua-<\/strong>D\u00f6rfern dran, so dass wir mit den Menschen dort in Kontakt stehen, ihnen Arbeit in unseren verschiedenen Projekten und ihren Kindern Kurse anbieten k\u00f6nnen. <\/strong><\/p>\n<div id=\"attachment_1295\" style=\"width: 421px\" class=\"wp-caption aligncenter\"><img aria-describedby=\"caption-attachment-1295\" decoding=\"async\" loading=\"lazy\" class=\"size-medium wp-image-1295\" title=\"IMG_4341 2\" src=\"http:\/\/anvisible.com\/files\/2011\/11\/IMG_4341-2-411x300.jpg\" alt=\"IMG_4341 2\" width=\"411\" height=\"300\" srcset=\"https:\/\/anvisible.com\/wp-content\/blogs.dir\/1\/files\/2011\/11\/IMG_4341-2-411x300.jpg 411w, https:\/\/anvisible.com\/wp-content\/blogs.dir\/1\/files\/2011\/11\/IMG_4341-2-205x150.jpg 205w, https:\/\/anvisible.com\/wp-content\/blogs.dir\/1\/files\/2011\/11\/IMG_4341-2-617x450.jpg 617w, https:\/\/anvisible.com\/wp-content\/blogs.dir\/1\/files\/2011\/11\/IMG_4341-2-400x291.jpg 400w, https:\/\/anvisible.com\/wp-content\/blogs.dir\/1\/files\/2011\/11\/IMG_4341-2.jpg 800w\" sizes=\"(max-width: 411px) 100vw, 411px\" \/><p id=\"caption-attachment-1295\" class=\"wp-caption-text\">Die Aktivierung des Elften Tores im Herzen von AN<\/p><\/div>\n<p style=\"text-align: center;\"><span style=\"font-size: medium;\"><strong>Der Aufruf<\/p>\n<p><\/strong><\/span><\/p>\n<p style=\"text-align: justify;\"><strong><strong>Es ist nun an der Zeit, das Herz von AN Zentrum im Physischen Wirklichkeit werden zu lassen. Im Juni 2013 haben wir ein wundersch\u00f6nes St\u00fcck Land im Heiligen Tal der Inkas in Peru gekauft, und haben dort Bauarbeiten begonnen. Eman\u00e1ku und Solara haben ihr Haus vollendet und leben seitdem dort. AN\u2022Wasi, unser kleines G\u00e4stehaus steht jetzt zur Vermietung an G\u00e4ste bereit, die die AN-Energien direkt erfahren wollen.<\/strong><\/strong><\/p>\n<p><strong>Das ist ein gewaltiges Projekt, und wir k\u00f6nnen das nur mit der Hilfe unserer Familie von AN tun. Wir rufen die Wahren Einen \u00fcberall auf der Welt dazu auf, uns darin zu unterst\u00fctzen, das Wahre Zuhause f\u00fcr das Herz von AN zu erschaffen.<\/strong><\/p>\n<p style=\"text-align: justify;\"><strong>Um unsere Vision in die Tat umzusetzen, m\u00fcssen wir derzeit Geldmittel sammeln, um ein benachbartes Grundst\u00fcck zu kaufen, auf dem wir das runde Workshop-Geb\u00e4ude bauen wollen, wo Veranstaltungen statt finden k\u00f6nnen. Je mehr Geld wir realisieren k\u00f6nnen, desto mehr k\u00f6nnen wir damit erschaffen.<\/p>\n<p><\/strong><\/p>\n<p style=\"text-align: justify;\"><strong>Deine Schenkung f\u00fcr das Herz von AN ist dringend n\u00f6tig und wird zutiefst wertgesch\u00e4tzt.<\/strong><\/p>\n<p style=\"text-align: justify;\"><strong>Dies ist ein dringender Aufruf, so dass wir schnell unseren n\u00e4chsten Schritt hin zu unserer Wahren Bestimmung verwirklichen k\u00f6nnen &#8211; zum Wohle aller.<\/strong><\/p>\n<p style=\"text-align: justify;\">","protected":false},"excerpt":{"rendered":"<p>Nach der Aktivierung des Elften und letzten Tores des 11:11-Torwegs, finden wir uns inmitten der unglaublichsten, alles umfassenden Verwandlung, die wir jemals erfahren haben. Die Reise durch 11:11 verschiebt unser ganzes Wesen, ordnet unsere Priorit\u00e4ten neu und bewegt uns hinein in die weit ausgedehnte Neue Landschaft des Diamanten des Nicht-Gesehenen. Etwas Wunderbares wird aus dieser <a class=\"read-more\" href=\"https:\/\/anvisible.com\/de\/11-11-anamua-closing-11-11-doorway-27\/\">[ Read More&#8230;. ]<\/a><\/p>\n","protected":false},"author":1,"featured_media":0,"parent":0,"menu_order":0,"comment_status":"closed","ping_status":"open","template":"","meta":[],"_links":{"self":[{"href":"https:\/\/anvisible.com\/de\/wp-json\/wp\/v2\/pages\/288"}],"collection":[{"href":"https:\/\/anvisible.com\/de\/wp-json\/wp\/v2\/pages"}],"about":[{"href":"https:\/\/anvisible.com\/de\/wp-json\/wp\/v2\/types\/page"}],"author":[{"embeddable":true,"href":"https:\/\/anvisible.com\/de\/wp-json\/wp\/v2\/users\/1"}],"replies":[{"embeddable":true,"href":"https:\/\/anvisible.com\/de\/wp-json\/wp\/v2\/comments?post=288"}],"version-history":[{"count":3,"href":"https:\/\/anvisible.com\/de\/wp-json\/wp\/v2\/pages\/288\/revisions"}],"predecessor-version":[{"id":5434,"href":"https:\/\/anvisible.com\/de\/wp-json\/wp\/v2\/pages\/288\/revisions\/5434"}],"wp:attachment":[{"href":"https:\/\/anvisible.com\/de\/wp-json\/wp\/v2\/media?parent=288"}],"curies":[{"name":"wp","href":"https:\/\/api.w.org\/{rel}","templated":true}]}}