{"id":349,"date":"2011-12-30T19:38:50","date_gmt":"2011-12-31T00:38:50","guid":{"rendered":"http:\/\/anvisible.com\/introduction\/an\/"},"modified":"2016-01-19T21:52:48","modified_gmt":"2016-01-20T02:52:48","slug":"an","status":"publish","type":"page","link":"https:\/\/anvisible.com\/de\/introduction-3\/an\/","title":{"rendered":"\u00dcber AN"},"content":{"rendered":"<p style=\"text-align: center;\"><span style=\"font-size: medium;\"><strong>&#8230; Was ist AN? &#8230;<\/strong><\/span><\/p>\n<p style=\"text-align: center;\"><img decoding=\"async\" loading=\"lazy\" class=\"aligncenter size-medium wp-image-347\" src=\"http:\/\/anvisible.com\/wp-content\/blogs.dir\/1\/files\/2011\/12\/TheNewAN-300x300.png\" alt=\"TheNewAN\" width=\"300\" height=\"300\" srcset=\"https:\/\/anvisible.com\/wp-content\/blogs.dir\/1\/files\/2011\/12\/TheNewAN-300x300.png 300w, https:\/\/anvisible.com\/wp-content\/blogs.dir\/1\/files\/2011\/12\/TheNewAN-150x150.png 150w, https:\/\/anvisible.com\/wp-content\/blogs.dir\/1\/files\/2011\/12\/TheNewAN-450x450.png 450w, https:\/\/anvisible.com\/wp-content\/blogs.dir\/1\/files\/2011\/12\/TheNewAN-400x399.png 400w, https:\/\/anvisible.com\/wp-content\/blogs.dir\/1\/files\/2011\/12\/TheNewAN.png 1024w\" sizes=\"(max-width: 300px) 100vw, 300px\" \/><\/p>\n<p style=\"text-align: justify;\"><strong><strong>AN ist die Sonne und der Mond vereinigt in einem Wesen. Die AN-Linie war auf Erden seit den ersten Anf\u00e4ngen. Die alten Zivilisationen der \u00c4gypter, der Druiden und der Inkas stammten aus der AN-Linie. Die ersten F\u00fchrer dieser Zivilisationen wurden aus Sonne und Mond geboren.<\/strong><\/strong><\/p>\n<p style=\"text-align: justify;\"><strong>Sp\u00e4ter verschwand AN aus der bekannten Geschichte und erschien erst vor kurzem wieder, haupts\u00e4chlich durch die Anstrengungen derer, die sich an ihre AN-Abstammung erinnern. Es ist nun die Zeit, da AN wieder vollkommen sichtbar wird.<\/strong><\/p>\n<p style=\"text-align: justify;\"><strong>AN ist auch denjenigen Polynesiern bekannt, die die Erinnerungen an die Ankunft auf diesem Planeten bewahrt haben &#8211; als sie in den himmlischen Kanus von den Sternen kamen. AN hat eine Verbindung mit dem mittleren Stern im G\u00fcrtel des Sternbilds Orion, der auch Al Nilam genannt wird, und AN ist zutiefst mit dem Torweg von 11:11 verkn\u00fcpft. Denn die 11:11-Reise bringt uns durch den zentralen Stern von AN als EINES.<\/strong><\/p>\n<p style=\"text-align: justify;\"><strong>\u00dcberall auf dem Planeten sind T\u00fcrme der Lichter von AN verstreut &#8211; die meisten davon in den Anden in S\u00fcdamerika. Die alten \u00c4gypter schrieben im &#8222;\u00c4gyptischen Totenbuch&#8220; und im &#8222;Papyrus von Ani&#8220; \u00fcber die T\u00fcrme der Lichter von AN. Sobald das Herz von AN auf physischer Ebene installiert ist, wird die Aktivierung der T\u00fcrme der Lichter von AN beginnen.<\/strong><\/p>\n<p style=\"text-align: justify;\"><strong>AN ist die Erinnerung an die Einheit, aus der wir alle kamen. Es spielt eine f\u00fchrende Rolle am Beginn des Neuen MUA (ein gr\u00f6\u00dferer neu beginnender Evolutionszyklus), der offiziell am 11.11.11 begann. Eine Neue Welt wird nun geboren.<\/strong><\/p>\n<p style=\"text-align: justify;\"><strong>Am Anfang dieses Neuen Zyklusses wurden die Welten in den Welten auf eine Neue Wahre Grundlage zur\u00fcckgesetzt. AN ist die Manifestation dieser Wahrhaftigkeit. AN ist diejenige Ebene unserer ewigen Niemals-Endenden-Geschichte, auf der wir sein k\u00f6nnen WER WIR WIRKLICH SIND, Wahrhaftigkeit verk\u00f6rpern k\u00f6nnen und diese auf allen Ebenen in allen Welten wirksam werden lassen k\u00f6nnen. Das Herz von AN ist das Zentrum der Manifestation zur Einheit hin. Es ist eine Bauplan, der sich von hier aus in alle Welt ausbreiten wird, und die Wahrhaftigkeit auf allen Ebenen neu erschaffen wird.<\/strong><\/p>\n<p style=\"text-align: center;\"><strong><strong>AN bringt Elemente zusammen, die zuvor als getrennt angesehen wurden. <\/strong><\/strong><\/p>\n<p style=\"text-align: center;\"><strong><strong>AN ist die Verbindung zwischen dem, Was War und dem, Was Sein Wird.<\/strong><\/strong><\/p>\n<p style=\"text-align: center;\"><strong><strong> Die Aktivierung des Herzens von AN ist der n\u00e4chste Schritt nach<\/strong><\/strong><\/p>\n<p style=\"text-align: center;\"><strong><strong>der Vollendung unserer Reise durch den Durchgang von 11:11.<\/strong><\/strong><\/p>\n<p style=\"text-align: center;\"><strong><strong>Und es hat schon begonnen &#8230;<\/strong><\/strong><\/p>\n<p>&nbsp;<\/p>","protected":false},"excerpt":{"rendered":"<p>&#8230; Was ist AN? &#8230; AN ist die Sonne und der Mond vereinigt in einem Wesen. Die AN-Linie war auf Erden seit den ersten Anf\u00e4ngen. Die alten Zivilisationen der \u00c4gypter, der Druiden und der Inkas stammten aus der AN-Linie. Die ersten F\u00fchrer dieser Zivilisationen wurden aus Sonne und Mond geboren. Sp\u00e4ter verschwand AN aus der <a class=\"read-more\" href=\"https:\/\/anvisible.com\/de\/introduction-3\/an\/\">[ Read More&#8230;. ]<\/a><\/p>\n","protected":false},"author":2,"featured_media":4752,"parent":288,"menu_order":0,"comment_status":"closed","ping_status":"closed","template":"","meta":[],"_links":{"self":[{"href":"https:\/\/anvisible.com\/de\/wp-json\/wp\/v2\/pages\/349"}],"collection":[{"href":"https:\/\/anvisible.com\/de\/wp-json\/wp\/v2\/pages"}],"about":[{"href":"https:\/\/anvisible.com\/de\/wp-json\/wp\/v2\/types\/page"}],"author":[{"embeddable":true,"href":"https:\/\/anvisible.com\/de\/wp-json\/wp\/v2\/users\/2"}],"replies":[{"embeddable":true,"href":"https:\/\/anvisible.com\/de\/wp-json\/wp\/v2\/comments?post=349"}],"version-history":[{"count":5,"href":"https:\/\/anvisible.com\/de\/wp-json\/wp\/v2\/pages\/349\/revisions"}],"predecessor-version":[{"id":5959,"href":"https:\/\/anvisible.com\/de\/wp-json\/wp\/v2\/pages\/349\/revisions\/5959"}],"up":[{"embeddable":true,"href":"https:\/\/anvisible.com\/de\/wp-json\/wp\/v2\/pages\/288"}],"wp:featuredmedia":[{"embeddable":true,"href":"https:\/\/anvisible.com\/de\/wp-json\/wp\/v2\/media\/4752"}],"wp:attachment":[{"href":"https:\/\/anvisible.com\/de\/wp-json\/wp\/v2\/media?parent=349"}],"curies":[{"name":"wp","href":"https:\/\/api.w.org\/{rel}","templated":true}]}}