{"id":4275,"date":"2015-06-09T12:23:17","date_gmt":"2015-06-09T17:23:17","guid":{"rendered":"http:\/\/anvisible.com\/alignment-with-the-activation-of-the-heart-of-an\/"},"modified":"2015-06-09T20:21:37","modified_gmt":"2015-06-10T01:21:37","slug":"einstimmen-in-die-aktivierung-des-herzens-von-an","status":"publish","type":"page","link":"https:\/\/anvisible.com\/de\/einstimmen-in-die-aktivierung-des-herzens-von-an\/","title":{"rendered":"Einstimmen in die Aktivierung des Herzens von AN"},"content":{"rendered":"<p style=\"text-align: center;\"><img decoding=\"async\" loading=\"lazy\" class=\"aligncenter size-medium wp-image-4271\" src=\"http:\/\/anvisible.com\/files\/2015\/06\/2015-04-07a-1028-308x300.jpg\" alt=\"2015-04-07a-1028\" width=\"308\" height=\"300\" srcset=\"https:\/\/anvisible.com\/wp-content\/blogs.dir\/1\/files\/2015\/06\/2015-04-07a-1028-308x300.jpg 308w, https:\/\/anvisible.com\/wp-content\/blogs.dir\/1\/files\/2015\/06\/2015-04-07a-1028-154x150.jpg 154w, https:\/\/anvisible.com\/wp-content\/blogs.dir\/1\/files\/2015\/06\/2015-04-07a-1028-462x450.jpg 462w, https:\/\/anvisible.com\/wp-content\/blogs.dir\/1\/files\/2015\/06\/2015-04-07a-1028-400x389.jpg 400w, https:\/\/anvisible.com\/wp-content\/blogs.dir\/1\/files\/2015\/06\/2015-04-07a-1028.jpg 794w\" sizes=\"(max-width: 308px) 100vw, 308px\" \/><\/p>\n<p style=\"text-align: center;\"><span style=\"font-size: x-large;\"><strong>Wie du in die Aktivierung des Herzens von AN mit einstimmen kannst<\/strong><\/span><\/p>\n<p style=\"text-align: justify;\"><strong><\/p>\n<p>Auch wenn du nicht physisch an der Aktivierung des Herzens von AN in Peru teilnehmen kannst, kannst du doch energetisch dabei sein &#8211; alleine oder zusammen mit einer Gruppe. <\/strong><\/p>\n<p style=\"text-align: justify;\"><strong>Offiziell wird das Herz von AN am 30 Juni im Herz-von-AN-Zentrum im Heiligen Tal in Peru aktiviert. Wir sind noch nicht sicher, zu welcher Uhrzeit die Aktivierung stattfindet, aber wir werden es euch wissen lassen, sobald wir uns dar\u00fcber im Klaren sind.<\/strong><\/p>\n<p style=\"text-align: justify;\"><strong>Die Aktivierung des Herzens von AN ist sehr verschieden von einer 11:11-Aktivierung, die immer gro\u00dfe Disziplin und Exaktheit erforderte. Bei AN geht es mehr um LIEBE und KREATIVIT\u00c4T. Auch wenn wir vielleicht 11:11-Mudras und einige der 11:11-Heiligen-T\u00e4nze verwenden, damit <\/strong><strong><strong>vor der Aktivierung<\/strong> die Teilnehmer\u00a0 besser zu einem Wesen werden, werden doch weder die Mudros noch die 11:11-T\u00e4nze Teil der Zeremonie selbst sein.<\/strong><\/p>\n<p style=\"text-align: justify;\"><strong>Unsere Zeremonie wird sich rund um unser AN\u2022Chakana abspielen. Ein Chakana ist eine Br\u00fccke zwischen Welten. W\u00e4hrend unserer Zeremonie werden wir alle diese Br\u00fccke \u00fcberqueren hin in die Neue Realit\u00e4t hinein. <\/strong><\/p>\n<p style=\"text-align: center;\"><strong>Es gibt vier energetische Eing\u00e4nge in unser AN\u2022Chakana:<\/strong><strong><\/strong><\/p>\n<p style=\"text-align: center;\"><strong>Inti Punku &#8211; das Tor der Sonne;<\/strong><\/p>\n<p style=\"text-align: center;\"><strong>Killa Punku &#8211; das Tor der Mondin; <\/strong><\/p>\n<p style=\"text-align: center;\"><strong>Inka Punku &#8211; das Tor von Sonne und Mond in Heiliger Ehe<\/strong><\/p>\n<p style=\"text-align: center;\"><strong>AN Punku &#8211; das AN-Tor von Sonne und Mond als Ein Wesen<\/p>\n<p><\/strong><\/p>\n<p style=\"text-align: center;\"><strong><img decoding=\"async\" loading=\"lazy\" class=\"aligncenter size-medium wp-image-4269\" src=\"http:\/\/anvisible.com\/files\/2015\/06\/2015-05-07-1014-400x300.jpg\" alt=\"2015-05-07-1014\" width=\"400\" height=\"300\" srcset=\"https:\/\/anvisible.com\/wp-content\/blogs.dir\/1\/files\/2015\/06\/2015-05-07-1014-400x300.jpg 400w, https:\/\/anvisible.com\/wp-content\/blogs.dir\/1\/files\/2015\/06\/2015-05-07-1014-200x150.jpg 200w, https:\/\/anvisible.com\/wp-content\/blogs.dir\/1\/files\/2015\/06\/2015-05-07-1014-600x450.jpg 600w, https:\/\/anvisible.com\/wp-content\/blogs.dir\/1\/files\/2015\/06\/2015-05-07-1014.jpg 1600w\" sizes=\"(max-width: 400px) 100vw, 400px\" \/><\/p>\n<p>Das AN\u2022Chakana<\/p>\n<p><\/strong><\/p>\n<p style=\"text-align: justify;\"><strong>Wenn Du mit uns in die gleiche Schwingung kommen m\u00f6chtest, dann suche dir bitte einen sch\u00f6nen Ort mit reiner, frischer AN-Energie. Das ist nicht das Gleiche wie ein fest etablierter Kraft-Ort. Wenn es dort Blumen gibt und flie\u00dfendes Wasser, dann ist das noch besser. <\/strong><\/p>\n<p style=\"text-align: justify;\"><strong>Wir haben viel dar\u00fcber nachgedacht, was die besten Aktivit\u00e4ten sein k\u00f6nnten f\u00fcr dieses Mit-Einstimmen in die Aktivierung. Weil AN so sehr mit Kreativit\u00e4t verbunden ist, kann es sinnvoll sein, Zeichnungen oder Gem\u00e4lde von AN anzufertigen. AN ist die Sonne und die Mondin verschmolzen zu einem Wesen. Wenn Du ein AN erschaffst, dann verschmilzt du dabei alle Polarit\u00e4ten in Eines zusammen. <\/strong><\/p>\n<p style=\"text-align: justify;\"><strong>Wenn Du ein AN gestaltest, dann haben Sonne und Mond die gleichen beiden Augen, die gleiche Nase und einen einzigen Mund. Hier ist als Beispiel ein Ausschnitt aus einem von Solara&#8217;s Gem\u00e4lden:<\/strong><\/p>\n<p style=\"text-align: justify;\"><strong><img decoding=\"async\" loading=\"lazy\" class=\"aligncenter size-medium wp-image-4270\" src=\"http:\/\/anvisible.com\/files\/2015\/06\/ANpaintdia38-002-433x300.jpg\" alt=\"ANpaintdia38-002\" width=\"433\" height=\"300\" srcset=\"https:\/\/anvisible.com\/wp-content\/blogs.dir\/1\/files\/2015\/06\/ANpaintdia38-002-433x300.jpg 433w, https:\/\/anvisible.com\/wp-content\/blogs.dir\/1\/files\/2015\/06\/ANpaintdia38-002-210x145.jpg 210w, https:\/\/anvisible.com\/wp-content\/blogs.dir\/1\/files\/2015\/06\/ANpaintdia38-002-400x276.jpg 400w, https:\/\/anvisible.com\/wp-content\/blogs.dir\/1\/files\/2015\/06\/ANpaintdia38-002.jpg 471w\" sizes=\"(max-width: 433px) 100vw, 433px\" \/>Es gibt au\u00dferdem zwei Musikst\u00fccke, die wir empfehlen, um die AN-Energien herein zu bringen. &#8222;The Family of AN&#8220; (dt. &#8222;Die Familie von AN&#8220;) wurde vor vielen Jahren von Matisha geschrieben, um die Familie von AN aufzuwecken. W\u00e4hrend der 38-st\u00fcndigen Aktivierung des Ersten Tores von 11:11 bei den Gro\u00dfen Pyramiden in \u00c4gypten wurde dieses Lide mindestens einmal jede Stunde gespielt. Nachdem diese Musik nun viele Jahre nicht mehr erh\u00e4ltlich war, freuen wir uns sie nun wieder anbieten zu k\u00f6nnen &#8211; in unserem Nvisible Mercado.<\/strong><\/p>\n<p style=\"text-align: justify;\"><strong>Das zweite Musikst\u00fcck ist von dem wundervollen Omashar, und es ist eines unserer Lieblingsst\u00fccke aller Zeiten.<\/strong><\/p>\n<p style=\"text-align: justify; padding-left: 30px;\"><strong>&#8222;Family of AN&#8220;\u00a0 ~ 10 min, 22 sec. Erh\u00e4ltlich zum Download hier: <span style=\"color: yellow;\"><a href=\"http:\/\/mercado.nvisible.com\/mercado\/melons\/the-family-of-an-matisha\/\" target=\"_blank\"><span style=\"color: yellow;\">http:\/\/mercado.nvisible.com\/mercado\/melons\/the-family-of-an-matisha\/<\/span><\/a><\/span><\/strong><\/p>\n<p style=\"text-align: justify; padding-left: 30px;\"><strong>&#8222;The Wonderful and the New&#8220; von Omashar ~ Dieses zutiefst ber\u00fchrende St\u00fcck erinnert an die gesamte Reise und an unsere Schritte hin zum Neuen und Wahren ~ 7 Minuten. Zum Download erh\u00e4ltlich von hier: <span style=\"color: yellow;\"><a href=\"http:\/\/mercado.nvisible.com\/mercado\/melons\/the-wonderful-and-the-new-omashars-remix-for-11th-gate-for-the-heart-of-an\/\" target=\"_blank\"><span style=\"color: yellow;\">http:\/\/mercado.nvisible.com\/mercado\/melons\/the-wonderful-and-the-new-omashars-remix-for-11th-gate-for-the-heart-of-an\/<\/span><\/a><\/span><\/strong><\/p>\n<p style=\"text-align: justify; padding-left: 30px;\"><strong>~IN WENIGEN TAGEN WERDEN WIR EINE FACEBOOK-GRUPPE F\u00dcR DIEJENIGEN BEREIT STELLEN, DIE IN DIE AKTIVIERUNG DES HERZENS VON AN MIT EINSTIMMEN WOLLEN <\/strong><strong>~<\/p>\n<p>Dort kannst du deinen Ort, deine kreativen Ideen, deine Erfahrungen und deine Photos mit anderen teilen!<\/p>\n<p><\/strong><\/p>\n<p style=\"text-align: justify;\"><strong><\/p>\n<p>MEHR INFORMATIONEN FOLGEN HIER BALD &#8230;<\/p>\n<p><\/strong><\/p>","protected":false},"excerpt":{"rendered":"<p>Wie du in die Aktivierung des Herzens von AN mit einstimmen kannst Auch wenn du nicht physisch an der Aktivierung des Herzens von AN in Peru teilnehmen kannst, kannst du doch energetisch dabei sein &#8211; alleine oder zusammen mit einer Gruppe. Offiziell wird das Herz von AN am 30 Juni im Herz-von-AN-Zentrum im Heiligen Tal <a class=\"read-more\" href=\"https:\/\/anvisible.com\/de\/einstimmen-in-die-aktivierung-des-herzens-von-an\/\">[ Read More&#8230;. ]<\/a><\/p>\n","protected":false},"author":4,"featured_media":0,"parent":0,"menu_order":0,"comment_status":"open","ping_status":"closed","template":"","meta":[],"_links":{"self":[{"href":"https:\/\/anvisible.com\/de\/wp-json\/wp\/v2\/pages\/4275"}],"collection":[{"href":"https:\/\/anvisible.com\/de\/wp-json\/wp\/v2\/pages"}],"about":[{"href":"https:\/\/anvisible.com\/de\/wp-json\/wp\/v2\/types\/page"}],"author":[{"embeddable":true,"href":"https:\/\/anvisible.com\/de\/wp-json\/wp\/v2\/users\/4"}],"replies":[{"embeddable":true,"href":"https:\/\/anvisible.com\/de\/wp-json\/wp\/v2\/comments?post=4275"}],"version-history":[{"count":3,"href":"https:\/\/anvisible.com\/de\/wp-json\/wp\/v2\/pages\/4275\/revisions"}],"predecessor-version":[{"id":4280,"href":"https:\/\/anvisible.com\/de\/wp-json\/wp\/v2\/pages\/4275\/revisions\/4280"}],"wp:attachment":[{"href":"https:\/\/anvisible.com\/de\/wp-json\/wp\/v2\/media?parent=4275"}],"curies":[{"name":"wp","href":"https:\/\/api.w.org\/{rel}","templated":true}]}}