{"id":4719,"date":"2019-01-11T11:11:00","date_gmt":"2019-01-11T16:11:00","guid":{"rendered":"http:\/\/anvisible.com\/accommodation\/"},"modified":"2015-07-30T13:28:58","modified_gmt":"2015-07-30T18:28:58","slug":"unterkunft","status":"publish","type":"page","link":"https:\/\/anvisible.com\/de\/unterkunft\/","title":{"rendered":"Unterkunft"},"content":{"rendered":"<p style=\"text-align: center;\"><span style=\"font-size: x-large;\"><strong><span style=\"font-size: large;\">Am Herzen von AN zu \u00fcbernachten ist eine wundervolle Erfahrung<\/p>\n<p>Wenn du hier auf dem Land wohnst,<\/p>\n<p>kannst du die wahre Magie der AN-Energien f\u00fchlen.<\/span><\/strong><\/span><\/p>\n<p style=\"text-align: center;\"><span style=\"font-size: x-large;\"><strong><span style=\"font-size: large;\"><\/p>\n<p><\/span><\/strong><\/span><\/p>\n<p style=\"text-align: center;\"><span style=\"font-size: x-large;\"><strong>AN\u2022WASI<\/strong><\/span><\/p>\n<p style=\"text-align: center;\"><img decoding=\"async\" loading=\"lazy\" class=\"aligncenter size-medium wp-image-4668\" src=\"http:\/\/anvisible.com\/files\/2015\/07\/2015-03-24-1007-400x300.jpg\" alt=\"2015-03-24-1007\" width=\"400\" height=\"300\" srcset=\"https:\/\/anvisible.com\/wp-content\/blogs.dir\/1\/files\/2015\/07\/2015-03-24-1007-400x300.jpg 400w, https:\/\/anvisible.com\/wp-content\/blogs.dir\/1\/files\/2015\/07\/2015-03-24-1007-200x150.jpg 200w, https:\/\/anvisible.com\/wp-content\/blogs.dir\/1\/files\/2015\/07\/2015-03-24-1007-600x450.jpg 600w, https:\/\/anvisible.com\/wp-content\/blogs.dir\/1\/files\/2015\/07\/2015-03-24-1007.jpg 1600w\" sizes=\"(max-width: 400px) 100vw, 400px\" \/><\/p>\n<p style=\"text-align: center;\"><span style=\"font-size: medium;\"><strong>AN\u2022Wasi ist unser G\u00e4stehaus am Herzen von AN<\/strong><\/span><\/p>\n<p style=\"text-align: center;\"><strong>Es kann f\u00fcr ein, zwei N\u00e4chte gebucht werden oder f\u00fcr l\u00e4ngere Aufenthalte<\/p>\n<p>Bald werden wir dazu spezielle Pauschal-Angebote haben,<\/p>\n<p>bei denen verschiedene Aktivit\u00e4ten am Herzen von AN<\/p>\n<p>und im Heiligen Tal der Inkas mit eingeschlossen sind<\/strong><strong><\/strong><\/p>\n<p style=\"text-align: center;\"><strong>AN\u2022Wasi&#8217;s Wohnzimmer.<\/strong><\/p>\n<p style=\"text-align: center;\"><strong><\/strong><img decoding=\"async\" loading=\"lazy\" class=\"aligncenter size-medium wp-image-4676\" src=\"http:\/\/anvisible.com\/files\/2015\/07\/2015-07-24-AN-Wasi-1005-399x300.jpg\" alt=\"2015-07-24-AN-Wasi-1005\" width=\"399\" height=\"300\" srcset=\"https:\/\/anvisible.com\/wp-content\/blogs.dir\/1\/files\/2015\/07\/2015-07-24-AN-Wasi-1005-399x300.jpg 399w, https:\/\/anvisible.com\/wp-content\/blogs.dir\/1\/files\/2015\/07\/2015-07-24-AN-Wasi-1005-199x150.jpg 199w, https:\/\/anvisible.com\/wp-content\/blogs.dir\/1\/files\/2015\/07\/2015-07-24-AN-Wasi-1005-599x450.jpg 599w, https:\/\/anvisible.com\/wp-content\/blogs.dir\/1\/files\/2015\/07\/2015-07-24-AN-Wasi-1005-400x300.jpg 400w\" sizes=\"(max-width: 399px) 100vw, 399px\" \/><\/p>\n<p style=\"text-align: center;\">\u2022<\/p>\n<p style=\"text-align: center;\"><strong><img decoding=\"async\" loading=\"lazy\" class=\"aligncenter size-medium wp-image-4670\" src=\"http:\/\/anvisible.com\/files\/2015\/07\/2015-07-24-AN-Wasi-1006-399x300.jpg\" alt=\"2015-07-24-AN-Wasi-1006\" width=\"399\" height=\"300\" srcset=\"https:\/\/anvisible.com\/wp-content\/blogs.dir\/1\/files\/2015\/07\/2015-07-24-AN-Wasi-1006-399x300.jpg 399w, https:\/\/anvisible.com\/wp-content\/blogs.dir\/1\/files\/2015\/07\/2015-07-24-AN-Wasi-1006-199x150.jpg 199w, https:\/\/anvisible.com\/wp-content\/blogs.dir\/1\/files\/2015\/07\/2015-07-24-AN-Wasi-1006-599x450.jpg 599w, https:\/\/anvisible.com\/wp-content\/blogs.dir\/1\/files\/2015\/07\/2015-07-24-AN-Wasi-1006-400x300.jpg 400w\" sizes=\"(max-width: 399px) 100vw, 399px\" \/><\/strong><\/p>\n<p style=\"text-align: center;\"><strong>Das Schlafzimmer oben in AN\u2022Wasi&#8217;s Turm.<\/strong><\/p>\n<p style=\"text-align: center;\"><strong><\/strong><img decoding=\"async\" loading=\"lazy\" class=\"aligncenter size-medium wp-image-4669\" src=\"http:\/\/anvisible.com\/files\/2015\/07\/2015-07-24-AN-Wasi-1002-399x300.jpg\" alt=\"2015-07-24-AN-Wasi-1002\" width=\"399\" height=\"300\" srcset=\"https:\/\/anvisible.com\/wp-content\/blogs.dir\/1\/files\/2015\/07\/2015-07-24-AN-Wasi-1002-399x300.jpg 399w, https:\/\/anvisible.com\/wp-content\/blogs.dir\/1\/files\/2015\/07\/2015-07-24-AN-Wasi-1002-199x150.jpg 199w, https:\/\/anvisible.com\/wp-content\/blogs.dir\/1\/files\/2015\/07\/2015-07-24-AN-Wasi-1002-599x450.jpg 599w, https:\/\/anvisible.com\/wp-content\/blogs.dir\/1\/files\/2015\/07\/2015-07-24-AN-Wasi-1002-400x300.jpg 400w\" sizes=\"(max-width: 399px) 100vw, 399px\" \/><\/p>\n<p style=\"text-align: center;\">\u2022<\/p>\n<p style=\"text-align: center;\"><img decoding=\"async\" loading=\"lazy\" class=\"aligncenter size-medium wp-image-4684\" src=\"http:\/\/anvisible.com\/files\/2015\/07\/2015-03-22-1007-400x300.jpg\" alt=\"2015-03-22-1007\" width=\"400\" height=\"300\" srcset=\"https:\/\/anvisible.com\/wp-content\/blogs.dir\/1\/files\/2015\/07\/2015-03-22-1007-400x300.jpg 400w, https:\/\/anvisible.com\/wp-content\/blogs.dir\/1\/files\/2015\/07\/2015-03-22-1007-200x150.jpg 200w, https:\/\/anvisible.com\/wp-content\/blogs.dir\/1\/files\/2015\/07\/2015-03-22-1007-600x450.jpg 600w, https:\/\/anvisible.com\/wp-content\/blogs.dir\/1\/files\/2015\/07\/2015-03-22-1007.jpg 1600w\" sizes=\"(max-width: 400px) 100vw, 400px\" \/><\/p>\n<p style=\"text-align: center;\">\u2022<\/p>\n<p style=\"text-align: center;\"><img decoding=\"async\" loading=\"lazy\" class=\"aligncenter size-medium wp-image-4683\" src=\"http:\/\/anvisible.com\/files\/2015\/07\/2015-07-24-AN-Wasi-1003-400x300.jpg\" alt=\"2015-07-24-AN-Wasi-1003\" width=\"400\" height=\"300\" srcset=\"https:\/\/anvisible.com\/wp-content\/blogs.dir\/1\/files\/2015\/07\/2015-07-24-AN-Wasi-1003-400x300.jpg 400w, https:\/\/anvisible.com\/wp-content\/blogs.dir\/1\/files\/2015\/07\/2015-07-24-AN-Wasi-1003-200x150.jpg 200w, https:\/\/anvisible.com\/wp-content\/blogs.dir\/1\/files\/2015\/07\/2015-07-24-AN-Wasi-1003-600x450.jpg 600w\" sizes=\"(max-width: 400px) 100vw, 400px\" \/><\/p>\n<p style=\"text-align: center;\"><strong>AN\u2022Wasi&#8217;s kreative K\u00fcche!<\/strong><\/p>\n<p style=\"text-align: center;\"><strong>Die K\u00fcche ist voll ausgestattet mit einem Herd, kleinem K\u00fchlschrank,<\/strong><\/p>\n<p style=\"text-align: center;\"><strong>T\u00f6pfe und Pfannen und sch\u00f6nem Geschirr.<\/strong><\/p>\n<p style=\"text-align: center;\"><strong>Es gibt gefiltertes Trinkwasser von einem nahegelegenen Gletscher.<\/strong><\/p>\n<p style=\"text-align: center;\"><strong><\/strong><img decoding=\"async\" loading=\"lazy\" class=\"aligncenter size-medium wp-image-4673\" src=\"http:\/\/anvisible.com\/files\/2015\/07\/2015-07-24-AN-Wasi-1009-400x300.jpg\" alt=\"2015-07-24-AN-Wasi-1009\" width=\"400\" height=\"300\" srcset=\"https:\/\/anvisible.com\/wp-content\/blogs.dir\/1\/files\/2015\/07\/2015-07-24-AN-Wasi-1009-400x300.jpg 400w, https:\/\/anvisible.com\/wp-content\/blogs.dir\/1\/files\/2015\/07\/2015-07-24-AN-Wasi-1009-200x150.jpg 200w, https:\/\/anvisible.com\/wp-content\/blogs.dir\/1\/files\/2015\/07\/2015-07-24-AN-Wasi-1009-600x450.jpg 600w\" sizes=\"(max-width: 400px) 100vw, 400px\" \/><\/p>\n<p style=\"text-align: center;\">\u2022<\/p>\n<p style=\"text-align: center;\"><img decoding=\"async\" loading=\"lazy\" class=\"aligncenter size-medium wp-image-4672\" src=\"http:\/\/anvisible.com\/files\/2015\/07\/2015-07-24-AN-Wasi-1008-400x300.jpg\" alt=\"2015-07-24-AN-Wasi-1008\" width=\"400\" height=\"300\" srcset=\"https:\/\/anvisible.com\/wp-content\/blogs.dir\/1\/files\/2015\/07\/2015-07-24-AN-Wasi-1008-400x299.jpg 400w, https:\/\/anvisible.com\/wp-content\/blogs.dir\/1\/files\/2015\/07\/2015-07-24-AN-Wasi-1008-200x150.jpg 200w, https:\/\/anvisible.com\/wp-content\/blogs.dir\/1\/files\/2015\/07\/2015-07-24-AN-Wasi-1008-600x450.jpg 600w\" sizes=\"(max-width: 400px) 100vw, 400px\" \/><\/p>\n<p style=\"text-align: center;\">\u2022<\/p>\n<p style=\"text-align: center;\"><img decoding=\"async\" loading=\"lazy\" class=\"aligncenter size-medium wp-image-4671\" src=\"http:\/\/anvisible.com\/files\/2015\/07\/2015-07-24-AN-Wasi-1007-400x300.jpg\" alt=\"2015-07-24-AN-Wasi-1007\" width=\"400\" height=\"300\" srcset=\"https:\/\/anvisible.com\/wp-content\/blogs.dir\/1\/files\/2015\/07\/2015-07-24-AN-Wasi-1007-400x300.jpg 400w, https:\/\/anvisible.com\/wp-content\/blogs.dir\/1\/files\/2015\/07\/2015-07-24-AN-Wasi-1007-200x150.jpg 200w, https:\/\/anvisible.com\/wp-content\/blogs.dir\/1\/files\/2015\/07\/2015-07-24-AN-Wasi-1007-600x450.jpg 600w\" sizes=\"(max-width: 400px) 100vw, 400px\" \/><\/p>\n<p style=\"text-align: center;\">\u2022<\/p>\n<p style=\"text-align: center;\"><img decoding=\"async\" loading=\"lazy\" class=\"aligncenter size-medium wp-image-4675\" src=\"http:\/\/anvisible.com\/files\/2015\/07\/2015-07-24-AN-Wasi-1011-400x300.jpg\" alt=\"2015-07-24-AN-Wasi-1011\" width=\"400\" height=\"300\" srcset=\"https:\/\/anvisible.com\/wp-content\/blogs.dir\/1\/files\/2015\/07\/2015-07-24-AN-Wasi-1011-400x300.jpg 400w, https:\/\/anvisible.com\/wp-content\/blogs.dir\/1\/files\/2015\/07\/2015-07-24-AN-Wasi-1011-200x150.jpg 200w, https:\/\/anvisible.com\/wp-content\/blogs.dir\/1\/files\/2015\/07\/2015-07-24-AN-Wasi-1011-600x450.jpg 600w\" sizes=\"(max-width: 400px) 100vw, 400px\" \/><\/p>\n<p style=\"text-align: center;\"><strong>AN\u2022Wasi&#8217;s Badezimmer<\/strong><\/p>\n<p style=\"text-align: center;\"><img decoding=\"async\" loading=\"lazy\" class=\"aligncenter size-medium wp-image-4674\" src=\"http:\/\/anvisible.com\/files\/2015\/07\/2015-07-24-AN-Wasi-1010-400x300.jpg\" alt=\"2015-07-24-AN-Wasi-1010\" width=\"400\" height=\"300\" srcset=\"https:\/\/anvisible.com\/wp-content\/blogs.dir\/1\/files\/2015\/07\/2015-07-24-AN-Wasi-1010-400x300.jpg 400w, https:\/\/anvisible.com\/wp-content\/blogs.dir\/1\/files\/2015\/07\/2015-07-24-AN-Wasi-1010-200x150.jpg 200w, https:\/\/anvisible.com\/wp-content\/blogs.dir\/1\/files\/2015\/07\/2015-07-24-AN-Wasi-1010-600x450.jpg 600w\" sizes=\"(max-width: 400px) 100vw, 400px\" \/><\/p>\n<p style=\"text-align: center;\"><strong>AN\u2022Wasi&#8217;s \u00fcberdachter Freisitz<\/p>\n<p><\/strong><\/p>\n<p style=\"text-align: center;\"><strong><\/strong><img decoding=\"async\" loading=\"lazy\" class=\"aligncenter size-medium wp-image-4677\" src=\"http:\/\/anvisible.com\/files\/2015\/07\/2015-07-24-AN-Wasi-1013-400x300.jpg\" alt=\"2015-07-24-AN-Wasi-1013\" width=\"400\" height=\"300\" srcset=\"https:\/\/anvisible.com\/wp-content\/blogs.dir\/1\/files\/2015\/07\/2015-07-24-AN-Wasi-1013-400x300.jpg 400w, https:\/\/anvisible.com\/wp-content\/blogs.dir\/1\/files\/2015\/07\/2015-07-24-AN-Wasi-1013-200x150.jpg 200w, https:\/\/anvisible.com\/wp-content\/blogs.dir\/1\/files\/2015\/07\/2015-07-24-AN-Wasi-1013-600x450.jpg 600w, https:\/\/anvisible.com\/wp-content\/blogs.dir\/1\/files\/2015\/07\/2015-07-24-AN-Wasi-1013.jpg 1000w\" sizes=\"(max-width: 400px) 100vw, 400px\" \/><\/p>\n<p style=\"text-align: center;\"><span style=\"font-size: large;\"><strong>Preise<\/strong><\/span><\/p>\n<p style=\"text-align: center;\"><strong>Pro \u00dcbernachtung: US $122 f\u00fcr eine oder zwei Personen.<\/strong><\/p>\n<p style=\"text-align: center;\"><strong>Lebensmittel f\u00fcr ein einfaches Fr\u00fchst\u00fcck sind darin enthalten.<\/strong><\/p>\n<p style=\"text-align: center;\"><strong>Bald werden Pauschalen angeboten, die besondere Aktivit\u00e4ten enthalten.<\/strong><\/p>\n<p style=\"text-align: center;\"><strong>Nachl\u00e4sse f\u00fcr l\u00e4ngere Aufenthalte und<\/p>\n<p>f\u00fcr TeilnehmerInnen von Meisterklassen am Herzen von AN sind m\u00f6glich.<\/strong><\/p>\n<p style=\"text-align: center;\"><strong>Transport zum Herzen von AN kann organisiert werden (es fallen Transportkosten an).<\/strong><\/p>\n<p style=\"text-align: center;\"><strong>Bitte schicke eine eMail an <a href=\"mailto:&#x73;&#x6f;&#x6c;&#x61;&#x72;&#x61;&#x40;&#x6e;&#x76;&#x69;&#x73;&#x69;&#x62;&#x6c;&#x65;&#x2e;&#x63;&#x6f;&#x6d;?subject=Unterkunft am Herzen von AN\">&#x73;&#x6f;&#x6c;&#x61;&#x72;&#x61;&#x40;<span class=\"oe_displaynone\">null<\/span>&#x6e;&#x76;&#x69;&#x73;&#x69;&#x62;&#x6c;&#x65;&#x2e;&#x63;&#x6f;&#x6d;<\/a> damit die Verf\u00fcgbarkeit<\/p>\n<p>f\u00fcr deine(n) Wunschtermin(e) gepr\u00fcft werden kann.<\/strong><\/p>\n<p style=\"text-align: center;\">","protected":false},"excerpt":{"rendered":"<p>Am Herzen von AN zu \u00fcbernachten ist eine wundervolle Erfahrung Wenn du hier auf dem Land wohnst, kannst du die wahre Magie der AN-Energien f\u00fchlen. AN\u2022WASI AN\u2022Wasi ist unser G\u00e4stehaus am Herzen von AN Es kann f\u00fcr ein, zwei N\u00e4chte gebucht werden oder f\u00fcr l\u00e4ngere Aufenthalte Bald werden wir dazu spezielle Pauschal-Angebote haben, bei denen <a class=\"read-more\" href=\"https:\/\/anvisible.com\/de\/unterkunft\/\">[ Read More&#8230;. ]<\/a><\/p>\n","protected":false},"author":4,"featured_media":0,"parent":0,"menu_order":0,"comment_status":"open","ping_status":"closed","template":"","meta":[],"_links":{"self":[{"href":"https:\/\/anvisible.com\/de\/wp-json\/wp\/v2\/pages\/4719"}],"collection":[{"href":"https:\/\/anvisible.com\/de\/wp-json\/wp\/v2\/pages"}],"about":[{"href":"https:\/\/anvisible.com\/de\/wp-json\/wp\/v2\/types\/page"}],"author":[{"embeddable":true,"href":"https:\/\/anvisible.com\/de\/wp-json\/wp\/v2\/users\/4"}],"replies":[{"embeddable":true,"href":"https:\/\/anvisible.com\/de\/wp-json\/wp\/v2\/comments?post=4719"}],"version-history":[{"count":3,"href":"https:\/\/anvisible.com\/de\/wp-json\/wp\/v2\/pages\/4719\/revisions"}],"predecessor-version":[{"id":4733,"href":"https:\/\/anvisible.com\/de\/wp-json\/wp\/v2\/pages\/4719\/revisions\/4733"}],"wp:attachment":[{"href":"https:\/\/anvisible.com\/de\/wp-json\/wp\/v2\/media?parent=4719"}],"curies":[{"name":"wp","href":"https:\/\/api.w.org\/{rel}","templated":true}]}}