{"id":4754,"date":"2019-01-11T11:11:07","date_gmt":"2019-01-11T16:11:07","guid":{"rendered":"http:\/\/anvisible.com\/visiting-the-heart-of-an\/"},"modified":"2016-02-11T15:07:08","modified_gmt":"2016-02-11T20:07:08","slug":"einzelne-besucher","status":"publish","type":"page","link":"https:\/\/anvisible.com\/de\/einzelne-besucher\/","title":{"rendered":"Besuche am Herzen von AN"},"content":{"rendered":"<p style=\"text-align: center;\"><span style=\"font-size: large;\"><strong><img decoding=\"async\" loading=\"lazy\" class=\"alignnone size-large wp-image-6555\" title=\"Rainbow-1001\" src=\"http:\/\/anvisible.com\/wp-content\/blogs.dir\/1\/files\/2015\/07\/Rainbow-1001-768x372.jpg\" alt=\"Rainbow-1001\" width=\"768\" height=\"372\" srcset=\"https:\/\/anvisible.com\/wp-content\/blogs.dir\/1\/files\/2015\/07\/Rainbow-1001-768x372.jpg 768w, https:\/\/anvisible.com\/wp-content\/blogs.dir\/1\/files\/2015\/07\/Rainbow-1001-210x102.jpg 210w, https:\/\/anvisible.com\/wp-content\/blogs.dir\/1\/files\/2015\/07\/Rainbow-1001-450x218.jpg 450w, https:\/\/anvisible.com\/wp-content\/blogs.dir\/1\/files\/2015\/07\/Rainbow-1001-400x194.jpg 400w\" sizes=\"(max-width: 768px) 100vw, 768px\" \/><\/strong><\/span><\/p>\n<p style=\"text-align: center;\"><span style=\"font-size: large;\"><strong>\u00a0EINZELNE BESUCHER<\/strong><\/span><\/p>\n<p style=\"padding-left: 30px; text-align: center;\"><strong>Wir hei\u00dfen Besucher am Herzen von AN herzlich willkommen! <\/strong><\/p>\n<p style=\"padding-left: 30px;\"><strong>Wir haben entdeckt, dass die Teilnahme an Aktivit\u00e4ten hier am Herzen von wesentlich effektiver daf\u00fcr sind, die Herz-von-AN-Energien zu erfahren, als nur ein paar Minuten auf dem Gel\u00e4nde umher zu laufen. Das Lesen der Karten f\u00fcr einzelne oder Gruppen oder Besuche am AN\u2022Chakan sind gegen Spenden m\u00f6glich.<\/strong><\/p>\n<p style=\"padding-left: 30px;\"><strong>Du kannst einen privaten Besuch am Herzen von AN arrangieren, wenn du mit uns in Kontakt trittst bevor du herkommst. Wir k\u00f6nnen immer wieder mitten in anderen Aktivit\u00e4ten stecken und dadurch nicht in der Lage sein, uns um Besucher zu k\u00fcmmern &#8211; es ist somit besser, uns vor deinem Besuch hier zu kontaktieren, so dass du keine Entt\u00e4uschung erlebst, falls wir keine Zeit f\u00fcr dich haben. <\/strong><\/p>\n<p style=\"padding-left: 30px; text-align: center;\"><img decoding=\"async\" loading=\"lazy\" class=\"aligncenter size-medium wp-image-4661\" src=\"http:\/\/anvisible.com\/files\/2015\/07\/2015-06-30a-1016-450x298.jpg\" alt=\"In the afternoon we returned to the AN\u00e2\u0080\u00a2Chakana.\" width=\"450\" height=\"298\" srcset=\"https:\/\/anvisible.com\/wp-content\/blogs.dir\/1\/files\/2015\/07\/2015-06-30a-1016-450x298.jpg 450w, https:\/\/anvisible.com\/wp-content\/blogs.dir\/1\/files\/2015\/07\/2015-06-30a-1016-210x139.jpg 210w, https:\/\/anvisible.com\/wp-content\/blogs.dir\/1\/files\/2015\/07\/2015-06-30a-1016-679x450.jpg 679w, https:\/\/anvisible.com\/wp-content\/blogs.dir\/1\/files\/2015\/07\/2015-06-30a-1016-400x265.jpg 400w, https:\/\/anvisible.com\/wp-content\/blogs.dir\/1\/files\/2015\/07\/2015-06-30a-1016.jpg 1600w\" sizes=\"(max-width: 450px) 100vw, 450px\" \/><\/p>\n<h3 style=\"text-align: center;\"><strong>FREIWILLIGE AM HERZEN VON AN<\/strong><\/h3>\n<p style=\"text-align: center;\"><strong>In diesem Moment sind wir auf Freiwillige Helfer nicht eingestellt.<\/strong><\/p>\n<p style=\"text-align: center;\"><strong>Wir haben nur ein kleines St\u00fcck Land, und wir haben keine Unterkunftsm\u00f6glichkeiten oder K\u00fcchen f\u00fcr Freiwillige.<\/strong><\/p>\n<p style=\"text-align: center;\"><strong>Doch immer wieder kommt es vor, dass wir dringend Hilfe f\u00fcr Projekte ben\u00f6tigen,<\/strong><\/p>\n<p style=\"text-align: center;\"><strong>wie z.B. beim Sortieren der Kartenstapel f\u00fcr &#8222;Die Karten von AN&#8220;.<\/strong><\/p>\n<p style=\"text-align: center;\"><strong>In solchen F\u00e4llen sind wir froh \u00fcber jede Hilfe &#8211;<\/strong><\/p>\n<p style=\"text-align: center;\"><strong>\u00fcblicherweise handelt es sich dann um ein, zwei Tage konzentrierte Arbeit.<\/strong><\/p>","protected":false},"excerpt":{"rendered":"<p>\u00a0EINZELNE BESUCHER Wir hei\u00dfen Besucher am Herzen von AN herzlich willkommen! Wir haben entdeckt, dass die Teilnahme an Aktivit\u00e4ten hier am Herzen von wesentlich effektiver daf\u00fcr sind, die Herz-von-AN-Energien zu erfahren, als nur ein paar Minuten auf dem Gel\u00e4nde umher zu laufen. Das Lesen der Karten f\u00fcr einzelne oder Gruppen oder Besuche am AN\u2022Chakan sind <a class=\"read-more\" href=\"https:\/\/anvisible.com\/de\/einzelne-besucher\/\">[ Read More&#8230;. ]<\/a><\/p>\n","protected":false},"author":1,"featured_media":0,"parent":0,"menu_order":0,"comment_status":"open","ping_status":"closed","template":"","meta":[],"_links":{"self":[{"href":"https:\/\/anvisible.com\/de\/wp-json\/wp\/v2\/pages\/4754"}],"collection":[{"href":"https:\/\/anvisible.com\/de\/wp-json\/wp\/v2\/pages"}],"about":[{"href":"https:\/\/anvisible.com\/de\/wp-json\/wp\/v2\/types\/page"}],"author":[{"embeddable":true,"href":"https:\/\/anvisible.com\/de\/wp-json\/wp\/v2\/users\/1"}],"replies":[{"embeddable":true,"href":"https:\/\/anvisible.com\/de\/wp-json\/wp\/v2\/comments?post=4754"}],"version-history":[{"count":6,"href":"https:\/\/anvisible.com\/de\/wp-json\/wp\/v2\/pages\/4754\/revisions"}],"predecessor-version":[{"id":6576,"href":"https:\/\/anvisible.com\/de\/wp-json\/wp\/v2\/pages\/4754\/revisions\/6576"}],"wp:attachment":[{"href":"https:\/\/anvisible.com\/de\/wp-json\/wp\/v2\/media?parent=4754"}],"curies":[{"name":"wp","href":"https:\/\/api.w.org\/{rel}","templated":true}]}}