{"id":6523,"date":"2019-01-28T11:11:14","date_gmt":"2019-01-28T16:11:14","guid":{"rendered":"http:\/\/anvisible.com\/de\/events\/"},"modified":"2018-01-23T10:47:53","modified_gmt":"2018-01-23T15:47:53","slug":"events","status":"publish","type":"page","link":"https:\/\/anvisible.com\/de\/events\/","title":{"rendered":"Veranstaltungen am Herzen von AN in 2018"},"content":{"rendered":"<p>&nbsp;<\/p>\n<p style=\"text-align: center;\"><span style=\"font-family: tahoma,arial,helvetica,sans-serif; font-size: 24px;\"><strong>\u2022 17. &#8211; 21.\u00a0Mai 2018 \u2022<\/strong><\/span><\/p>\n<p style=\"text-align: center;\"><span style=\"font-size: 24px;\"><strong><span style=\"font-family: arial,helvetica,sans-serif;\">TRANSFORMATION MIT DEN KARTEN VON AN<\/span><\/strong><\/span><\/p>\n<p style=\"text-align: center;\"><span style=\"font-size: 24px;\"><strong><span style=\"font-family: arial,helvetica,sans-serif;\">Meisterklasse<\/span><\/strong><\/span><\/p>\n<p><img decoding=\"async\" loading=\"lazy\" class=\"aligncenter size-medium wp-image-18630\" src=\"http:\/\/anvisible.com\/wp-content\/blogs.dir\/1\/files\/2018\/01\/2018-01-04-00035-400x300.jpg\" alt=\"2018-01-04-00035\" width=\"400\" height=\"300\" srcset=\"https:\/\/anvisible.com\/wp-content\/blogs.dir\/1\/files\/2018\/01\/2018-01-04-00035-400x300.jpg 400w, https:\/\/anvisible.com\/wp-content\/blogs.dir\/1\/files\/2018\/01\/2018-01-04-00035-200x150.jpg 200w, https:\/\/anvisible.com\/wp-content\/blogs.dir\/1\/files\/2018\/01\/2018-01-04-00035-768x576.jpg 768w, https:\/\/anvisible.com\/wp-content\/blogs.dir\/1\/files\/2018\/01\/2018-01-04-00035-600x450.jpg 600w, https:\/\/anvisible.com\/wp-content\/blogs.dir\/1\/files\/2018\/01\/2018-01-04-00035-300x225.jpg 300w, https:\/\/anvisible.com\/wp-content\/blogs.dir\/1\/files\/2018\/01\/2018-01-04-00035.jpg 960w\" sizes=\"(max-width: 400px) 100vw, 400px\" \/><\/p>\n<p>&nbsp;<\/p>\n<p style=\"text-align: center;\"><span style=\"font-family: tahoma,arial,helvetica,sans-serif;\"><strong><span style=\"font-size: 24px;\">\u2022 23. &#8211; 28.\u00a0Mai 2018 \u2022<\/span><\/strong><\/span><\/p>\n<p style=\"text-align: center;\"><span style=\"font-family: arial,helvetica,sans-serif;\"><strong><span style=\"font-size: 24px;\">EINTAUCHEN IN DIE<\/span><\/strong><\/span><\/p>\n<p style=\"text-align: center;\"><span style=\"font-family: arial,helvetica,sans-serif;\"><strong><span style=\"font-size: 24px;\">NEUE REALIT\u00c4T\u00a0VON\u00a0AN<\/span><\/strong><\/span><\/p>\n<p style=\"text-align: center;\"><span style=\"font-family: arial,helvetica,sans-serif;\"><strong><span style=\"font-size: 24px;\"><br \/>\nEine transformierende Reise<\/span><\/strong><\/span><\/p>\n<p style=\"text-align: center;\"><span style=\"font-family: arial,helvetica,sans-serif;\"><strong><span style=\"font-size: 24px;\">in\u00a0die Zeitlos Wahren Welten<\/span><\/strong><\/span><\/p>\n<p style=\"text-align: center;\"><span style=\"font-family: arial,helvetica,sans-serif;\"><strong><span style=\"font-size: 24px;\">der Neuen Realit\u00e4t von\u00a0AN<\/span><\/strong><\/span><\/p>\n<p style=\"text-align: center;\"><img decoding=\"async\" loading=\"lazy\" class=\"aligncenter size-medium wp-image-18464\" src=\"http:\/\/anvisible.com\/wp-content\/blogs.dir\/1\/files\/2018\/01\/2018-01-04-00002-450x298.jpg\" alt=\"2018-01-04-00002\" width=\"450\" height=\"298\" srcset=\"https:\/\/anvisible.com\/wp-content\/blogs.dir\/1\/files\/2018\/01\/2018-01-04-00002-450x298.jpg 450w, https:\/\/anvisible.com\/wp-content\/blogs.dir\/1\/files\/2018\/01\/2018-01-04-00002-210x139.jpg 210w, https:\/\/anvisible.com\/wp-content\/blogs.dir\/1\/files\/2018\/01\/2018-01-04-00002-768x509.jpg 768w, https:\/\/anvisible.com\/wp-content\/blogs.dir\/1\/files\/2018\/01\/2018-01-04-00002-640x424.jpg 640w, https:\/\/anvisible.com\/wp-content\/blogs.dir\/1\/files\/2018\/01\/2018-01-04-00002-400x265.jpg 400w, https:\/\/anvisible.com\/wp-content\/blogs.dir\/1\/files\/2018\/01\/2018-01-04-00002-300x199.jpg 300w, https:\/\/anvisible.com\/wp-content\/blogs.dir\/1\/files\/2018\/01\/2018-01-04-00002.jpg 960w\" sizes=\"(max-width: 450px) 100vw, 450px\" \/><\/p>\n<p style=\"text-align: center;\"><span style=\"font-size: 16px;\">\u00a0\u2022 Wir empfehlen, an beiden Veranstaltungen teilzunehmen! \u2022<\/span><\/p>\n<p style=\"text-align: center;\">Diese beiden Veranstaltungen sind perfekt aufeinander abgestimmt<br \/>\nund erg\u00e4nzen sich gegenseitig.<\/p>\n<p style=\"text-align: justify;\">In der Meisterklasse mit den Karten von AN werden wir eine tiefe innere Transformation erfahren. Und dann k\u00f6nnen wir &#8211; w\u00e4hrend des Eintauchens in die Neue Realit\u00e4t von AN diese pers\u00f6nliche Verwandlung im Physischen verankern, zusammen mit anderen als Ein Wahres Wesen.<\/p>\n<p>&nbsp;<\/p>\n<p style=\"text-align: center;\"><span style=\"font-family: tahoma,arial,helvetica,sans-serif;\"><strong><em><a href=\"http:\/\/emanaku.pointinspace.com\/2018HANRegForm.php?lang=de\">Registriere Dich hier,<\/a><br \/>\noder klicke auf eine Veranstaltung in der folgenden Liste<br \/>\nf\u00fcr mehr Informationen und Registrierung<\/em><\/strong><\/span><\/p>\n<p>CONTENTS<\/p>","protected":false},"excerpt":{"rendered":"<p>Die diesj\u00e4hrigen Veranstaltungen am Herzen von AN im Heiligen Tal der Inkas in Peru.<\/p>\n","protected":false},"author":2,"featured_media":18811,"parent":0,"menu_order":0,"comment_status":"closed","ping_status":"closed","template":"","meta":[],"_links":{"self":[{"href":"https:\/\/anvisible.com\/de\/wp-json\/wp\/v2\/pages\/6523"}],"collection":[{"href":"https:\/\/anvisible.com\/de\/wp-json\/wp\/v2\/pages"}],"about":[{"href":"https:\/\/anvisible.com\/de\/wp-json\/wp\/v2\/types\/page"}],"author":[{"embeddable":true,"href":"https:\/\/anvisible.com\/de\/wp-json\/wp\/v2\/users\/2"}],"replies":[{"embeddable":true,"href":"https:\/\/anvisible.com\/de\/wp-json\/wp\/v2\/comments?post=6523"}],"version-history":[{"count":19,"href":"https:\/\/anvisible.com\/de\/wp-json\/wp\/v2\/pages\/6523\/revisions"}],"predecessor-version":[{"id":18850,"href":"https:\/\/anvisible.com\/de\/wp-json\/wp\/v2\/pages\/6523\/revisions\/18850"}],"wp:featuredmedia":[{"embeddable":true,"href":"https:\/\/anvisible.com\/de\/wp-json\/wp\/v2\/media\/18811"}],"wp:attachment":[{"href":"https:\/\/anvisible.com\/de\/wp-json\/wp\/v2\/media?parent=6523"}],"curies":[{"name":"wp","href":"https:\/\/api.w.org\/{rel}","templated":true}]}}