{"id":6562,"date":"2016-02-11T13:13:31","date_gmt":"2016-02-11T18:13:31","guid":{"rendered":"http:\/\/anvisible.com\/de\/group-visits\/"},"modified":"2016-12-13T10:38:15","modified_gmt":"2016-12-13T15:38:15","slug":"gruppen-besuche","status":"publish","type":"page","link":"https:\/\/anvisible.com\/de\/gruppen-besuche\/","title":{"rendered":"Gruppen-Besuche am Herzen von AN"},"content":{"rendered":"<p style=\"text-align: center;\"><img decoding=\"async\" loading=\"lazy\" class=\"aligncenter size-medium wp-image-4661\" src=\"http:\/\/anvisible.com\/files\/2015\/07\/2015-06-30a-1016-450x298.jpg\" alt=\"In the afternoon we returned to the AN\u00e2\u0080\u00a2Chakana.\" width=\"450\" height=\"298\" srcset=\"https:\/\/anvisible.com\/wp-content\/blogs.dir\/1\/files\/2015\/07\/2015-06-30a-1016-450x298.jpg 450w, https:\/\/anvisible.com\/wp-content\/blogs.dir\/1\/files\/2015\/07\/2015-06-30a-1016-210x139.jpg 210w, https:\/\/anvisible.com\/wp-content\/blogs.dir\/1\/files\/2015\/07\/2015-06-30a-1016-679x450.jpg 679w, https:\/\/anvisible.com\/wp-content\/blogs.dir\/1\/files\/2015\/07\/2015-06-30a-1016-400x265.jpg 400w, https:\/\/anvisible.com\/wp-content\/blogs.dir\/1\/files\/2015\/07\/2015-06-30a-1016.jpg 1600w\" sizes=\"(max-width: 450px) 100vw, 450px\" \/><\/p>\n<p style=\"text-align: center;\"><span style=\"font-size: large;\"><strong>BESUCHE MIT EINER GRUPPE am Herzen von AN<\/strong><\/span><\/p>\n<p style=\"text-align: center;\"><strong>Einzigartige Erlebnisse am Herzen von AN und Meisterklassen<br \/>\nk\u00f6nnen speziell f\u00fcr deine Gruppe organisiert werden.<\/strong><\/p>\n<p style=\"text-align: center;\"><strong>Einge der m\u00f6glichen Workshops und Themen k\u00f6nnen sein:<\/strong><\/p>\n<p style=\"text-align: center;\">\u2022 \u2022 \u2022 \u2022<\/p>\n<p style=\"text-align: center;\"><span style=\"font-size: medium;\"><strong>\u2022 \u2022 F\u00dcHRUNGEN\u00a0\u2022 \u2022<\/strong><\/span><\/p>\n<p style=\"text-align: center;\"><strong>F\u00fchrung \u00fcber das Gel\u00e4nde des Herzens von AN,<br \/>\nBesuch des\u00a0AN\u2022Chakana und Gehen auf dem\u00a0AN\u2022Labyrinth in die Neue Realit\u00e4t hinein<br \/>\nmit\u00a0Solara und Eman\u00e1ku<\/strong><\/p>\n<p style=\"text-align: center;\"><em><strong>Eine Stunde &#8211;<\/strong>\u00a0<b>freiwillige Spende<\/b><\/em><\/p>\n<p style=\"text-align: center;\"><strong>\u2022 \u2022 INDIVIDUELLE UND GRUPPEN-LESUNGEN\u00a0\u2022 \u2022<br \/>\nMIT DEN KARTEN VON AN<\/strong><\/p>\n<p style=\"text-align: center;\"><strong>\u2022 Lesen der Karten von AN f\u00fcr jeden Gruppenteilnehmer:<br \/>\nMit Solara und Eman\u00e1ku f\u00fcr bis zu sechs\u00a0Personen.<\/strong><br \/>\n<strong><em>Zwei bis vier Stunden mit Kaffee-Pausen<\/em><\/strong><\/p>\n<p style=\"text-align: center;\"><strong><span style=\"font-size: medium;\">\u2022 \u2022 SPEZIELLE AKTIVIT\u00c4TEN \u2022 \u2022<\/span><\/strong><\/p>\n<p style=\"text-align: center;\"><strong><span style=\"font-size: medium;\">Gestaltung Heiliger T\u00e4nze<\/span><\/strong><\/p>\n<p style=\"text-align: center;\"><strong>Zusammen lernen wir den Tanz von AN, oder wir erschaffen einen v\u00f6llig neuen Heiligen Tanz!<\/strong><\/p>\n<p><img decoding=\"async\" loading=\"lazy\" class=\"size-medium wp-image-6246 aligncenter\" src=\"http:\/\/anvisible.com\/wp-content\/blogs.dir\/1\/files\/2015\/07\/2015-06-30-Ankasha-2100-450x300.jpg\" alt=\"Both dances were specially created for the Activation of the Heart of AN.\" width=\"450\" height=\"300\" srcset=\"https:\/\/anvisible.com\/wp-content\/blogs.dir\/1\/files\/2015\/07\/2015-06-30-Ankasha-2100-450x300.jpg 450w, https:\/\/anvisible.com\/wp-content\/blogs.dir\/1\/files\/2015\/07\/2015-06-30-Ankasha-2100-210x140.jpg 210w, https:\/\/anvisible.com\/wp-content\/blogs.dir\/1\/files\/2015\/07\/2015-06-30-Ankasha-2100-768x512.jpg 768w, https:\/\/anvisible.com\/wp-content\/blogs.dir\/1\/files\/2015\/07\/2015-06-30-Ankasha-2100-675x450.jpg 675w, https:\/\/anvisible.com\/wp-content\/blogs.dir\/1\/files\/2015\/07\/2015-06-30-Ankasha-2100-400x267.jpg 400w, https:\/\/anvisible.com\/wp-content\/blogs.dir\/1\/files\/2015\/07\/2015-06-30-Ankasha-2100.jpg 1600w\" sizes=\"(max-width: 450px) 100vw, 450px\" \/><\/p>\n<p style=\"text-align: center;\"><strong><strong>\u2022 Der Tanz von\u00a0AN auf dem\u00a0AN\u2022Chakana \u2022<\/strong><\/strong><\/p>\n<p style=\"text-align: center;\"><strong>Der Tanz von Sonne und Mond, wie sie zu AN verschmelzen<br \/>\nwird auf den verschiedenen Ebenen des AN\u2022Chakana ausgef\u00fchrt.<br \/>\nJedes Mal, wenn wir tanzen, ist es wie das erste Mal.<br \/>\nDenn der Tanz von AN entwickelt sich<br \/>\nund ver\u00e4ndert die Energien derer, die ihn tanzen,<br \/>\nim gegenw\u00e4rtigen Moment der Neuen Realit\u00e4t.<\/strong><\/p>\n<p style=\"text-align: center;\"><strong>\u2022 Die\u00a011:11-Mudras \u2022<\/strong><\/p>\n<p><img decoding=\"async\" loading=\"lazy\" class=\"aligncenter wp-image-6251 size-medium\" src=\"http:\/\/anvisible.com\/wp-content\/blogs.dir\/1\/files\/2015\/07\/11-08-1005-450x252.jpg\" alt=\"Fourth Gate\" width=\"450\" height=\"252\" srcset=\"https:\/\/anvisible.com\/wp-content\/blogs.dir\/1\/files\/2015\/07\/11-08-1005-450x252.jpg 450w, https:\/\/anvisible.com\/wp-content\/blogs.dir\/1\/files\/2015\/07\/11-08-1005-210x118.jpg 210w, https:\/\/anvisible.com\/wp-content\/blogs.dir\/1\/files\/2015\/07\/11-08-1005-768x430.jpg 768w, https:\/\/anvisible.com\/wp-content\/blogs.dir\/1\/files\/2015\/07\/11-08-1005-400x224.jpg 400w\" sizes=\"(max-width: 450px) 100vw, 450px\" \/><\/p>\n<p style=\"text-align: center;\"><strong>In ein bis zwei Stunden lernen wir die kraftvollen Bewegungen<br \/>\nder wunderbaren\u00a011:11-Mudras.<\/strong><\/p>\n<p>&nbsp;<\/p>\n<p style=\"text-align: center;\"><strong>\u2022 \u2022 MEISTERKLASSEN \u2022 \u2022<\/strong><\/p>\n<p style=\"text-align: center;\"><strong>\u2022 Das Lesen der Karten von AN &#8211;\u00a0Meisterklasse \u2022<\/strong><\/p>\n<p style=\"text-align: center;\"><img decoding=\"async\" loading=\"lazy\" class=\"alignnone size-medium wp-image-6269\" src=\"http:\/\/anvisible.com\/wp-content\/blogs.dir\/1\/files\/2015\/07\/2015-12-30-Cards-1019-450x300.jpg\" alt=\"2015-12-30-Cards-1019\" width=\"450\" height=\"300\" srcset=\"https:\/\/anvisible.com\/wp-content\/blogs.dir\/1\/files\/2015\/07\/2015-12-30-Cards-1019-450x300.jpg 450w, https:\/\/anvisible.com\/wp-content\/blogs.dir\/1\/files\/2015\/07\/2015-12-30-Cards-1019-210x140.jpg 210w, https:\/\/anvisible.com\/wp-content\/blogs.dir\/1\/files\/2015\/07\/2015-12-30-Cards-1019-768x512.jpg 768w, https:\/\/anvisible.com\/wp-content\/blogs.dir\/1\/files\/2015\/07\/2015-12-30-Cards-1019-675x450.jpg 675w, https:\/\/anvisible.com\/wp-content\/blogs.dir\/1\/files\/2015\/07\/2015-12-30-Cards-1019-400x267.jpg 400w\" sizes=\"(max-width: 450px) 100vw, 450px\" \/><\/p>\n<p style=\"text-align: center;\"><strong>Ein brillantes, super-konzentriertes Eintauchen<br \/>\nin Solara\u2019s neue Karten von AN.<br \/>\nDie Karten von AN sind das hervorragendste, lebendige, interaktive Werkzeug<br \/>\nf\u00fcr das Leben in der Neuen Realit\u00e4t als Wahre Eine.<\/strong><\/p>\n<p style=\"text-align: center;\"><strong>Entwickle ein tieferes Verst\u00e4ndnis f\u00fcr deinen einzigartigen Weg<br \/>\nund deine Wahre Bestimmung.<br \/>\nLerne die Karten von AN f\u00fcr dich selbst und f\u00fcr andere zu lesen.<br \/>\nDiese Meisterklasse ist eine zutiefst transformierende,<br \/>\nlebensver\u00e4ndernde Erfahrung!<\/strong><\/p>\n<p style=\"text-align: center;\"><strong>(Schlie\u00dft einen Besuch auf dem Markt von Chinchero mit ein,<br \/>\nwo man spezielle Gewebe als Karten-Lege-Tuch kaufen kann)<\/strong><\/p>\n<p style=\"text-align: center;\"><em><strong>Diese Meisterklasse dauert f\u00fcnf Tage f\u00fcr 8 bis 12 Personen<\/strong><\/em><\/p>\n<p style=\"text-align: center;\"><span style=\"font-size: medium;\"><strong>\u2022 \u2022 WORKSHOPS \u2022 \u2022<\/strong><\/span><\/p>\n<p style=\"text-align: center;\"><span style=\"font-size: medium;\"><strong>\u2022 Ein Wahres Leben als Wahre Eine leben\u00a0\u2022<\/strong><\/span><\/p>\n<p style=\"text-align: center;\"><img decoding=\"async\" loading=\"lazy\" class=\"alignnone size-medium wp-image-6259\" src=\"http:\/\/anvisible.com\/wp-content\/blogs.dir\/1\/files\/2015\/07\/2015-06-30-Ankasha-b-3060-381x300.jpg\" alt=\"2015-06-30-Ankasha-b-3060\" width=\"381\" height=\"300\" srcset=\"https:\/\/anvisible.com\/wp-content\/blogs.dir\/1\/files\/2015\/07\/2015-06-30-Ankasha-b-3060-381x300.jpg 381w, https:\/\/anvisible.com\/wp-content\/blogs.dir\/1\/files\/2015\/07\/2015-06-30-Ankasha-b-3060-190x150.jpg 190w, https:\/\/anvisible.com\/wp-content\/blogs.dir\/1\/files\/2015\/07\/2015-06-30-Ankasha-b-3060-768x606.jpg 768w, https:\/\/anvisible.com\/wp-content\/blogs.dir\/1\/files\/2015\/07\/2015-06-30-Ankasha-b-3060-571x450.jpg 571w, https:\/\/anvisible.com\/wp-content\/blogs.dir\/1\/files\/2015\/07\/2015-06-30-Ankasha-b-3060-400x315.jpg 400w, https:\/\/anvisible.com\/wp-content\/blogs.dir\/1\/files\/2015\/07\/2015-06-30-Ankasha-b-3060.jpg 1262w\" sizes=\"(max-width: 381px) 100vw, 381px\" \/><\/p>\n<p style=\"text-align: center;\"><span style=\"font-size: 14px;\"><strong>Drei Tage &#8211; ein\u00a0interaktiver Workshop am Herzen von\u00a0AN,<br \/>\nwobei wir tief eintauchen in die Neue Realit\u00e4t<\/strong><\/span><\/p>\n<p style=\"text-align: center;\">.<\/p>\n<p style=\"text-align: center;\"><strong><span style=\"font-size: medium;\">\u2022 Erschaffe deine pers\u00f6nliche Mandala-Landkarte\u00a0\u2022<\/span><\/strong><\/p>\n<p style=\"text-align: center;\"><img decoding=\"async\" loading=\"lazy\" class=\"alignnone size-medium wp-image-6264\" src=\"http:\/\/anvisible.com\/wp-content\/blogs.dir\/1\/files\/2015\/07\/2010-02-27-glitter-300x300.jpg\" alt=\"2010-02-27-glitter\" width=\"300\" height=\"300\" srcset=\"https:\/\/anvisible.com\/wp-content\/blogs.dir\/1\/files\/2015\/07\/2010-02-27-glitter-300x300.jpg 300w, https:\/\/anvisible.com\/wp-content\/blogs.dir\/1\/files\/2015\/07\/2010-02-27-glitter-150x150.jpg 150w, https:\/\/anvisible.com\/wp-content\/blogs.dir\/1\/files\/2015\/07\/2010-02-27-glitter-768x769.jpg 768w, https:\/\/anvisible.com\/wp-content\/blogs.dir\/1\/files\/2015\/07\/2010-02-27-glitter-449x450.jpg 449w, https:\/\/anvisible.com\/wp-content\/blogs.dir\/1\/files\/2015\/07\/2010-02-27-glitter-400x401.jpg 400w, https:\/\/anvisible.com\/wp-content\/blogs.dir\/1\/files\/2015\/07\/2010-02-27-glitter.jpg 1944w\" sizes=\"(max-width: 300px) 100vw, 300px\" \/><\/p>\n<p style=\"text-align: center;\"><strong><span style=\"font-size: 14px;\">Ein spezieller Workshop f\u00fcr das Malen von Mandalas,<\/span><br \/>\n<span style=\"font-size: 14px;\">die uns wie eine\u00a0pers\u00f6nliche Landkarte zeigen,<\/span><br \/>\n<span style=\"font-size: 14px;\">wie wir\u00a0innerhalb der Neuen Realit\u00e4t\u00a0da stehen<\/span><span style=\"font-size: 14.166666030883789px; line-height: 17.5px;\">.<\/span><span style=\"font-size: 14px;\">\u00a0<\/span><\/strong><\/p>\n<p style=\"text-align: center;\"><span style=\"font-size: 14px;\"><strong>Im Unterschied zu anderen Mandala-Workshops<br \/>\narbeiten wir hier innerhalb der Energiefrequenz des Herzens von AN.<\/strong><\/span><\/p>\n<p style=\"text-align: center;\"><em><strong><span style=\"font-size: 14px;\">Mandala\u00a0<\/span><span style=\"font-size: 14.166666030883789px; line-height: 17.5px;\">Workshops<\/span><span style=\"font-size: 14px;\">\u00a0k\u00f6nnen 1 bis 3 Tage dauern<\/span><\/strong><\/em><\/p>\n<p style=\"text-align: center;\"><strong>\u2022 \u2022 \u2022 \u2022 \u00a0\u2022 \u2022 \u2022 \u2022 \u00a0\u2022 \u2022 \u2022 \u2022<\/strong><\/p>\n<p style=\"text-align: center;\"><strong><strong>Falls du ein spezielles Arrangement f\u00fcr deine Gruppe w\u00fcnschst,<br \/>\nschicke\u00a0uns bitte eine\u00a0eMail (in deutsch oder englisch) an\u00a0<\/strong><\/strong><strong> &#x73;&#x6f;&#x6c;&#x61;&#x72;&#x61;&#x40;<span class=\"oe_displaynone\">null<\/span>&#x6e;&#x76;&#x69;&#x73;&#x69;&#x62;&#x6c;&#x65;&#x2e;&#x63;&#x6f;&#x6d;<\/strong><\/p>\n<p style=\"text-align: center;\"><span style=\"font-size: 14px;\"><strong>Manchmal haben wir langfristig geplante Aktivit\u00e4ten am Herzen von AN:<br \/>\ndann kann es sein, dass wir uns nicht um Besucher k\u00fcmmern k\u00f6nnen;<br \/>\ndeshalb ist es sehr hilfreich, wenn wir rechtzeitig von deinem Besuch wissen<br \/>\n<\/strong><\/span><\/p>\n<p style=\"text-align: center;\"><span style=\"font-size: 14px;\"><strong>Schenkungen im Zusammenhang mit deinem Besuch werden gerne und dankbar akzeptiert!<\/strong><\/span><\/p>\n<p style=\"text-align: center;\"><strong>\u2022 \u2022 \u2022 \u2022 \u00a0\u2022 \u2022 \u2022 \u2022 \u00a0\u2022 \u2022 \u2022 \u2022<\/strong><\/p>\n<p style=\"text-align: center;\"><img decoding=\"async\" loading=\"lazy\" class=\"aligncenter size-medium wp-image-4662\" src=\"http:\/\/anvisible.com\/files\/2015\/07\/2015-06-30-Ankasha-2141-450x300.jpg\" alt=\"The beautiful AN\u00e2\u0080\u00a2Chakana.\" width=\"450\" height=\"300\" srcset=\"https:\/\/anvisible.com\/wp-content\/blogs.dir\/1\/files\/2015\/07\/2015-06-30-Ankasha-2141-450x300.jpg 450w, https:\/\/anvisible.com\/wp-content\/blogs.dir\/1\/files\/2015\/07\/2015-06-30-Ankasha-2141-210x140.jpg 210w, https:\/\/anvisible.com\/wp-content\/blogs.dir\/1\/files\/2015\/07\/2015-06-30-Ankasha-2141-674x450.jpg 674w, https:\/\/anvisible.com\/wp-content\/blogs.dir\/1\/files\/2015\/07\/2015-06-30-Ankasha-2141-400x266.jpg 400w, https:\/\/anvisible.com\/wp-content\/blogs.dir\/1\/files\/2015\/07\/2015-06-30-Ankasha-2141.jpg 1600w\" sizes=\"(max-width: 450px) 100vw, 450px\" \/><\/p>\n<h3 style=\"text-align: center;\"><span style=\"font-size: large;\"><strong>HOCHZEITEN AM HERZEN VON AN<\/strong><\/span><\/h3>\n<p style=\"text-align: center;\"><span style=\"font-size: 14px;\"><strong>Ab\u00a02016 stellen wir das Herz von AN f\u00fcr ganz besondere Hochzeiten zur Verf\u00fcgung!<br \/>\n<\/strong><\/span><strong><span style=\"font-size: 14px;\">Diese werden sich rund um das AN\u2022Chakana abspielen<\/span><br \/>\n<span style=\"font-size: 14px;\">mit dem Heiligen Berg,\u00a0Apu Sawasiray als Zeuge eurer Verbindung<\/span><br \/>\n<em><span style=\"font-size: 14px;\">(der Name bedeutet\u00a0<\/span><span style=\"font-size: 14.166666030883789px; line-height: 17.5px;\">\u201c<\/span><span style=\"font-size: 14px;\">In der Ehe zusammen gen\u00e4ht&#8220;)<\/span><\/em><\/strong><\/p>\n<p style=\"text-align: center;\"><span style=\"font-size: 14px;\"><strong>Wir k\u00f6nnen zus\u00e4tzlich euren Hochzeitsempfang hier auf dem Gel\u00e4nde<br \/>\noder in einem nahen Hotel organisieren.<\/strong><\/span><\/p>\n<p>&nbsp;<\/p>\n<p style=\"text-align: center;\"><img decoding=\"async\" loading=\"lazy\" class=\"aligncenter size-medium wp-image-4807\" title=\"2015-06-26-1005\" src=\"http:\/\/anvisible.com\/files\/2015\/07\/2015-06-26-1005-400x300.jpg\" alt=\"2015-06-26-1005\" width=\"400\" height=\"300\" srcset=\"https:\/\/anvisible.com\/wp-content\/blogs.dir\/1\/files\/2015\/07\/2015-06-26-1005-400x300.jpg 400w, https:\/\/anvisible.com\/wp-content\/blogs.dir\/1\/files\/2015\/07\/2015-06-26-1005-200x150.jpg 200w, https:\/\/anvisible.com\/wp-content\/blogs.dir\/1\/files\/2015\/07\/2015-06-26-1005-600x450.jpg 600w, https:\/\/anvisible.com\/wp-content\/blogs.dir\/1\/files\/2015\/07\/2015-06-26-1005.jpg 1600w\" sizes=\"(max-width: 400px) 100vw, 400px\" \/><\/p>","protected":false},"excerpt":{"rendered":"<p>BESUCHE MIT EINER GRUPPE am Herzen von AN Einzigartige Erlebnisse am Herzen von AN und Meisterklassen k\u00f6nnen speziell f\u00fcr deine Gruppe organisiert werden. Einge der m\u00f6glichen Workshops und Themen k\u00f6nnen sein: \u2022 \u2022 \u2022 \u2022 \u2022 \u2022 F\u00dcHRUNGEN\u00a0\u2022 \u2022 F\u00fchrung \u00fcber das Gel\u00e4nde des Herzens von AN, Besuch des\u00a0AN\u2022Chakana und Gehen auf dem\u00a0AN\u2022Labyrinth in die <a class=\"read-more\" href=\"https:\/\/anvisible.com\/de\/gruppen-besuche\/\">[ Read More&#8230;. ]<\/a><\/p>\n","protected":false},"author":2,"featured_media":0,"parent":0,"menu_order":0,"comment_status":"open","ping_status":"closed","template":"","meta":[],"_links":{"self":[{"href":"https:\/\/anvisible.com\/de\/wp-json\/wp\/v2\/pages\/6562"}],"collection":[{"href":"https:\/\/anvisible.com\/de\/wp-json\/wp\/v2\/pages"}],"about":[{"href":"https:\/\/anvisible.com\/de\/wp-json\/wp\/v2\/types\/page"}],"author":[{"embeddable":true,"href":"https:\/\/anvisible.com\/de\/wp-json\/wp\/v2\/users\/2"}],"replies":[{"embeddable":true,"href":"https:\/\/anvisible.com\/de\/wp-json\/wp\/v2\/comments?post=6562"}],"version-history":[{"count":7,"href":"https:\/\/anvisible.com\/de\/wp-json\/wp\/v2\/pages\/6562\/revisions"}],"predecessor-version":[{"id":11592,"href":"https:\/\/anvisible.com\/de\/wp-json\/wp\/v2\/pages\/6562\/revisions\/11592"}],"wp:attachment":[{"href":"https:\/\/anvisible.com\/de\/wp-json\/wp\/v2\/media?parent=6562"}],"curies":[{"name":"wp","href":"https:\/\/api.w.org\/{rel}","templated":true}]}}