{"id":1413,"date":"2013-07-13T11:06:59","date_gmt":"2013-07-13T16:06:59","guid":{"rendered":"http:\/\/anvisible.com\/?page_id=1413"},"modified":"2015-01-16T09:54:55","modified_gmt":"2015-01-16T14:54:55","slug":"en-este-momento","status":"publish","type":"page","link":"https:\/\/anvisible.com\/es\/en-este-momento\/","title":{"rendered":"En este Momento\u2026."},"content":{"rendered":"<h2 style=\"text-align: center;\">Nuestra Situaci\u00f3n Actual<\/h2>\n<dl>\n<dt><img decoding=\"async\" loading=\"lazy\" class=\"aligncenter\" src=\"http:\/\/anvisible.com\/files\/2013\/07\/IMG_5122-002-450x300.jpg\" alt=\"Our Beautiful Land\" width=\"450\" height=\"300\" \/><\/dt>\n<dt><\/dt>\n<\/dl>\n<p style=\"text-align: center;\">Para conocer las \u00faltimas actualizaciones y reportes semanales<\/p>\n<p>de los progresos por favor revisen nuestro blog<\/p>\n<p>en <a href=\"http:\/\/anvisible.com\/es\/category\/blog-es\/\" target=\"_blank\">esta p\u00e1gina web<\/a>.<\/p>\n<p style=\"text-align: justify;\"><strong>\u00a1El 26 de Junio, finalmente compramos nuestra hermosa tierra para el Coraz\u00f3n de AN!<\/strong><\/p>\n<p style=\"text-align: justify;\">De hecho compramos dos peque\u00f1os terrenos adyacentes que hacen un total de 7,500 metros cuadrados o casi dos acres. Si bien es un comienzo algo humilde para el Coraz\u00f3n de AN es todo lo que pudimos costear.<\/p>\n<p style=\"text-align: justify;\">Nuestra tierra esta ubicado en un valle peque\u00f1o en el pueblo de Huar\u00e1n, en el Valle Sagrado de los Incas, cerca de Cusco, Per\u00fa. La foto de arriba muestra nuestra espectacular vista de la monta\u00f1a sagrada Apu Sawasiray. Sawasiray significa: COSER JUNTOS EN MATRIMONIO en el idioma quechua. Junto con la monta\u00f1a cercana Apu Pitusiray: COSER JUNTOS EN UNION, las dos monta\u00f1as sagradas forman una pareja eterna. Tan perfectas energ\u00edas para el CORAZ\u00d3N DE AN que representa la uni\u00f3n sagrada del Sol y la Luna en un S\u00f3lo Ser.<\/p>\n<p style=\"text-align: justify;\">Nuestra nueva tierra es soleada, silenciosa y con una gentil pendiente. En un lado de la propiedad hay una acequia (canal de irrigaci\u00f3n) que tiene agua todo el a\u00f1o. El lado opuesto de nuestro terreno tiene la fachada en un peque\u00f1o camino de tierra. Cruzando este camino hay un arroyo que funciona todo el a\u00f1o. Esto nos da el sonido refrescante de agua corriendo en los dos lados de la propiedad.<\/p>\n<p style=\"text-align: justify;\">La tierra contiene varios hundimientos circulares, algunos rodeados por paredes de piedras hechas a mano, que fueron usados para sembrar. Aqu\u00ed es donde pondremos nuestras construcciones y algunos jardines peque\u00f1os. Estamos muy emocionados de finalmente tener el lugar en donde anclar las energ\u00edas del Coraz\u00f3n de <strong>AN.<\/strong><\/p>\n<dl>\n<dt><img decoding=\"async\" loading=\"lazy\" class=\"aligncenter size-medium wp-image-1345\" src=\"http:\/\/anvisible.com\/files\/2013\/07\/IMG_5125LL-450x300.jpg\" alt=\"IMG_5125LL\" width=\"450\" height=\"300\" srcset=\"https:\/\/anvisible.com\/wp-content\/blogs.dir\/1\/files\/2013\/07\/IMG_5125LL-450x300.jpg 450w, https:\/\/anvisible.com\/wp-content\/blogs.dir\/1\/files\/2013\/07\/IMG_5125LL-210x140.jpg 210w, https:\/\/anvisible.com\/wp-content\/blogs.dir\/1\/files\/2013\/07\/IMG_5125LL-400x267.jpg 400w, https:\/\/anvisible.com\/wp-content\/blogs.dir\/1\/files\/2013\/07\/IMG_5125LL.jpg 600w\" sizes=\"(max-width: 450px) 100vw, 450px\" \/><\/dt>\n<\/dl>\n<h2 style=\"text-align: center;\">Nuestros Pr\u00f3ximos Pasos<\/h2>\n<p><strong>ACTUALIZADO ENERO 2, 2015<\/strong><\/p>\n<p>En Agosto del 2013 comenzamos la construcci\u00f3n del Coraz\u00f3n de An. La casa de Solara y Eman\u00e1ku estuvo terminada en setiembre del 2014 y el 3 de octubre ellos r\u00e1pidamente se mudaron ah\u00ed. Desde este momento ellos viven ah\u00ed.<\/p>\n<p>Tambi\u00e9n hemos terminado de cercar nuestra propiedad con una combinaci\u00f3n de paredes de adobe y rejas de metal. Hemos plantado flores rosadas a lo largo de la reja de metal.<\/p>\n<p>Estamos en el proceso de construir una casa separada, muy dulce, de una habitaci\u00f3n, llamada AN\u2022Wasi que podr\u00e1 ser alquilada por quienes quieran visitar el Coraz\u00f3n de An y quedarse en el terreno por algunos d\u00edas.<\/p>\n<p>La pared, rejas, puerta de entrada, sistema de agua, sistema el\u00e9ctrico, pozo s\u00e9ptico y la AN\u2022Wasi han sido parcialmente financiados por las donaciones que hemos ido recibiendo hasta ahora para el Coraz\u00f3n de An, mientras que Solara y Eman\u00e1ku han pagado personalmente por la construcci\u00f3n de su casa, la compra del terreno y mucho m\u00e1s<strong>.<\/strong><\/p>\n<p><img decoding=\"async\" loading=\"lazy\" class=\"aligncenter size-medium wp-image-2971\" title=\"2015-01-01-1002\" src=\"http:\/\/anvisible.com\/files\/2013\/07\/2015-01-01-1002-450x300.jpg\" alt=\"2015-01-01-1002\" width=\"450\" height=\"300\" srcset=\"https:\/\/anvisible.com\/wp-content\/blogs.dir\/1\/files\/2013\/07\/2015-01-01-1002-450x300.jpg 450w, https:\/\/anvisible.com\/wp-content\/blogs.dir\/1\/files\/2013\/07\/2015-01-01-1002-210x140.jpg 210w, https:\/\/anvisible.com\/wp-content\/blogs.dir\/1\/files\/2013\/07\/2015-01-01-1002-674x450.jpg 674w, https:\/\/anvisible.com\/wp-content\/blogs.dir\/1\/files\/2013\/07\/2015-01-01-1002-400x266.jpg 400w, https:\/\/anvisible.com\/wp-content\/blogs.dir\/1\/files\/2013\/07\/2015-01-01-1002.jpg 1600w\" sizes=\"(max-width: 450px) 100vw, 450px\" \/><\/p>\n<p style=\"text-align: center;\">Vista del Coraz\u00f3n de An el 1 de Enero, 2015.<\/p>\n<p>La casa de Solara y Eman\u00e1ku esta en primer plano<\/p>\n<p>y la casi terminada AN\u2022Wasi al fondo<\/p>\n<h2 style=\"text-align: center;\">Nuestros Planes para el 2015<\/h2>\n<ul style=\"list-style-type: disc;\">\n<li style=\"text-align: justify;\"><strong><span style=\"font-size: medium;\">Terminar la construcci\u00f3n de nuestra casa de hu\u00e9spedes, AN\u2022Wasi y volverla disponible para ser alquilada por los visitantes al Coraz\u00f3n de AN. No ser\u00e1 s\u00f3lo un lugar donde quedarse pues estamos planeando crear algunos programas exclusivos para quienes se hospeden ah\u00ed.(Apenas la AN\u2022Wasi este terminada, tendremos informaci\u00f3n acerca de las reservas en una nueva secci\u00f3n de nuestra p\u00e1gina web)<\/span><\/strong><\/li>\n<\/ul>\n<ul style=\"list-style-type: disc;\">\n<li style=\"text-align: justify;\"><strong><span style=\"font-size: medium;\">Construir una casa peque\u00f1a para el guardi\u00e1n y encontrar el guardi\u00e1n\/jardinero perfecto para el Coraz\u00f3n de AN.<\/span><\/strong><\/li>\n<\/ul>\n<ul style=\"list-style-type: disc;\">\n<li style=\"text-align: justify;\"><strong><span style=\"font-size: medium;\">Conseguir dos perros hermosos y de coraz\u00f3n verdadero.<\/span><\/strong><\/li>\n<\/ul>\n<ul style=\"list-style-type: disc;\">\n<li style=\"text-align: justify;\"><strong><span style=\"font-size: medium;\">Construir la AN Tawa Chakana, que es la variaci\u00f3n particular de AN de la chakana Inka que ser\u00e1 usada en las Activaciones de las Torres de Luz de AN.<\/span><\/strong><\/li>\n<\/ul>\n<ul style=\"list-style-type: disc;\">\n<li style=\"text-align: justify;\"><strong><span style=\"font-size: medium;\">Comprar la tierra de nuestro Santuario AN\u2022Sonqo<\/span><\/strong><\/li>\n<\/ul>\n<ul style=\"list-style-type: disc;\">\n<li style=\"text-align: justify;\"><strong><span style=\"font-size: medium;\">Construir nuestro Santuario.<\/span><\/strong><\/li>\n<\/ul>\n<ul style=\"list-style-type: disc;\">\n<li style=\"text-align: justify;\"><strong><span style=\"font-size: medium;\">Tambi\u00e9n estamos creando programas especiales para grupos espirituales y viajeros que quieran visitarnos.<\/span><\/strong><\/li>\n<\/ul>\n<ul style=\"list-style-type: disc;\">\n<li style=\"text-align: justify;\"><strong><span style=\"font-size: medium;\">En los pr\u00f3ximos seis meses se llevar\u00e1n a cabo Talleres \u00danicos y Clases Maestras . Esto incluye Clases Maestras del Coraz\u00f3n de AN, Talleres de M\u00e1ndalas y una vez que Solara haya publicado su nuevo mazo de cartas del 11:11 AN tendremos talleres concentrados para quienes quieran recibir entrenamientos profundos para convertirse en un Lector de Cartas.<\/span><\/strong><\/li>\n<\/ul>\n<ul style=\"list-style-type: disc;\">\n<li style=\"text-align: justify;\"><strong><span style=\"font-size: medium;\">La Activaci\u00f3n oficial del Coraz\u00f3n de AN \u2013un gran evento que se desarrollara en alg\u00fan momento entre Abril \u2013Agosto.<\/span><\/strong><\/li>\n<\/ul>\n<ul style=\"list-style-type: disc;\">\n<li style=\"text-align: justify;\"><strong><span style=\"font-size: medium;\">Sembrar un huerto org\u00e1nico y \u00e1rboles frutales.<\/span><\/strong><\/li>\n<\/ul>\n<ul style=\"list-style-type: disc;\">\n<li style=\"text-align: justify;\"><strong><span style=\"font-size: medium;\">Construir una peque\u00f1a casa para las alpacas y conseguir dos alpacas. Las Alpacas de AN!<\/span><\/strong><\/li>\n<\/ul>\n<h2 style=\"text-align: center;\">C\u00f3mo Puedes Ayudar<\/h2>\n<p style=\"text-align: justify;\"><strong>Hay muchas maneras importantes en como la Familia de An puede ayudarnos a manifestar el Coraz\u00f3n de An. Sabemos que muchos de ustedes est\u00e1n emocionados de ver el Coraz\u00f3n de An establecido en el plano f\u00edsico. Y que est\u00e1n consientes de su importancia para todo el planeta en estos tiempos salvajes de cambio de la dualidad a la Unidad. Y muchos de ustedes est\u00e1n ansiosos por visitarnos y participar en varios niveles con nosotros. Sin embargo nada de esto podr\u00e1 ser posible sin su apoyo.<\/strong><\/p>\n<p style=\"text-align: center;\"><strong>AQU\u00cd ESTA NUESTRA PROPUESTA DE PLANO ORIGINAL PARA EL CORAZ\u00d3N DE AN:<\/strong><\/p>\n<p><strong><img decoding=\"async\" loading=\"lazy\" class=\"aligncenter size-large wp-image-1386\" title=\"Terreno-Descriptions-es\" src=\"http:\/\/anvisible.com\/files\/2013\/08\/Terreno-Descriptions-es-599x450.jpg\" alt=\"Terreno-Descriptions-es\" width=\"599\" height=\"450\" srcset=\"https:\/\/anvisible.com\/wp-content\/blogs.dir\/1\/files\/2013\/08\/Terreno-Descriptions-es-599x450.jpg 599w, https:\/\/anvisible.com\/wp-content\/blogs.dir\/1\/files\/2013\/08\/Terreno-Descriptions-es-199x150.jpg 199w, https:\/\/anvisible.com\/wp-content\/blogs.dir\/1\/files\/2013\/08\/Terreno-Descriptions-es-399x300.jpg 399w, https:\/\/anvisible.com\/wp-content\/blogs.dir\/1\/files\/2013\/08\/Terreno-Descriptions-es-400x300.jpg 400w, https:\/\/anvisible.com\/wp-content\/blogs.dir\/1\/files\/2013\/08\/Terreno-Descriptions-es.jpg 1466w\" sizes=\"(max-width: 599px) 100vw, 599px\" \/><\/strong><\/p>\n<p style=\"text-align: center;\">Nuestro Plan Maestro tuvo que ser cambiado bastante<\/p>\n<p>debido a muchos nuevos acontecimientos.<\/p>\n<p>Esperamos pronto tener un mapa revisado para mostrarles los cambios.<\/p>\n<p style=\"text-align: justify;\">Primero descubrimos que el lugar donde \u00edbamos a construir el Santuario \/ Centro de Eventos era demasiado peque\u00f1o. Luego descubrimos que un terreno muy hermoso, adyacente al nuestro, estaba disponible para ser comprado. Este terreno tiene el tama\u00f1o perfecto para nuestro Santuario permiti\u00e9ndonos el espacio para una construcci\u00f3n separada con ba\u00f1os y otro espacio para una peque\u00f1a cocina y tienda, as\u00ed como numerosas \u00e1reas exteriores de descanso para las pausas durante los eventos.<\/p>\n<p style=\"text-align: justify;\">Necesitamos conseguir el dinero para comprar esta tierra y construir el Santuario pronto.<\/p>\n<p style=\"text-align: justify;\">Nuestra casa de hu\u00e9spedes , AN\u2022Wasi esta ahora en el \u00e1rea marcada como \u201cEstacionamiento\u201d (Parking) y la Casita del Guardi\u00e1n, pendiente de construir, se mover\u00e1 al \u00e1rea marcada Recepci\u00f3n.<\/p>\n<p><strong><\/p>\n<p><\/strong><\/p>\n<h2 style=\"text-align: center;\">Recaudar Fondos para Crear nuestra Visi\u00f3n<\/h2>\n<p style=\"text-align: center;\"><strong><span style=\"font-size: medium;\">Nuestras necesidades M\u00e1s Urgentes son:<\/span><\/strong><\/p>\n<ul>\n<li style=\"text-align: center;\"><strong><span style=\"font-size: medium;\">Recaudar el dinero para poder comprar la tierra para el Santuario y poder construir el Santuario.<\/span><\/strong><\/li>\n<li style=\"text-align: center;\"><strong><span style=\"font-size: medium;\">El Coraz\u00f3n de An puede ser abierto y recibir visitantes y albergar eventos especiales.<\/span><\/strong><\/li>\n<\/ul>\n<ol>\n<li style=\"text-align: justify;\"><strong><span style=\"font-size: small;\">Nuestra primera prioridad es recaudar el dinero para comprar el terreno adyacente y construir nuestro Santuario AN Sonqo.<\/span><\/strong>\n<p><strong><span style=\"font-size: small;\"> Este tendra un gran edificio circular con muchas ventanas donde podremos albergar talleres y eventos especiales. Una vez que AN Sonqo (el \u00abCoraz\u00f3n de AN\u00bb en quechua) este construido, estaremos listos para organizar eventos en el Coraz\u00f3n de AN. (ya tenemos varios grupos que quieren visitarnos, pero sin esta construcci\u00f3n no tendr\u00e1n qu\u00e9 visitar). El costo de comprar el terreno y construir el Santuario \u2013 Espacio para Talleres esta alrededor de los US $90,000 \u2013 $100,000.<\/span><\/strong><\/li>\n<li style=\"text-align: justify;\"><strong><span style=\"font-size: small;\">Luego quisi\u00e9remos recaudar fondos para construir varios oct\u00e1gonos de dos pisos. Nuestros oct\u00e1gonos ser\u00e1n unidades auto contenidas con cocinas peque\u00f1as, sala de estar y ba\u00f1o en el primer piso, m\u00e1s 1 o 2 cuartos en el piso superior. Nuestros Oct\u00e1gonos ser\u00e1n usados tanto por el staff como por los visitantes. Construir cada Oct\u00e1gono costara alrededor de USD$30,000<\/span><\/strong><\/li>\n<li style=\"text-align: justify;\"><strong><span style=\"font-size: small;\">Conseguir el dinero para construir un edificio de Recepci\u00f3n que contenga un comedor, cocina, peque\u00f1o deposito, sala de estar, ba\u00f1os y cuartos para los visitantes. Este costo tendr\u00e1 que ser determinado.<\/span><\/strong><\/li>\n<li style=\"text-align: justify;\"><strong><span style=\"font-size: small;\">Recaudar dinero para comprar otros terrenos alrededor de la propiedad. Esta zona de amortiguamiento nos permitir\u00eda asegurar que tendremos privacidad y silencio. Adem\u00e1s nos dar\u00eda m\u00e1s espacio para crear jardines, estudios de arte y m\u00e1s espacio para vivir.<\/span><\/strong><\/li>\n<\/ol>\n<p style=\"text-align: center;\"><span style=\"font-size: medium;\"><strong>C\u00f3mo podemos lograr esto como Un S\u00f3lo Ser?<\/strong><\/span><\/p>\n<p><strong><span style=\"font-size: small;\">Tomar\u00eda solo 30 personas que donen $2000 cada uno para comprar el terreno para el Santuario.<\/span><\/strong><\/p>\n<p><strong><span style=\"font-size: small;\">O 40 personas donando $1000 cada uno para construir el Santuario- Espacio para Talleres.<\/span><\/strong><\/p>\n<p><strong><span style=\"font-size: small;\">O 60 personas donando $500 cada uno para construir un Oct\u00e1gono.<\/span><\/strong><\/p>\n<p><strong><span style=\"font-size: small;\">Demos un paso adelante como Familia de AN y manifestemos el Coraz\u00f3n de AN juntos. Pueden hacer una donaci\u00f3n aqu\u00ed<\/span><\/strong><\/p>\n<p style=\"text-align: center;\"><a title=\"Haz una Donaci\u00f3n!\" href=\"http:\/\/anvisible.com\/es\/donate\/\">\u00a0Pueden hacer una donaci\u00f3n aqu\u00ed.<\/a><\/p>\n<p style=\"text-align: center;\"><em><strong>Traducido por Maru<\/strong><\/em><\/p>\n<p><strong><\/p>\n<p><\/strong><\/p>","protected":false},"excerpt":{"rendered":"<p>Nuestra Situaci\u00f3n Actual Para conocer las \u00faltimas actualizaciones y reportes semanales de los progresos por favor revisen nuestro blog en esta p\u00e1gina web. \u00a1El 26 de Junio, finalmente compramos nuestra hermosa tierra para el Coraz\u00f3n de AN! De hecho compramos dos peque\u00f1os terrenos adyacentes que hacen un total de 7,500 metros cuadrados o casi dos <a class=\"read-more\" href=\"https:\/\/anvisible.com\/es\/en-este-momento\/\">[ Read More&#8230;. ]<\/a><\/p>\n","protected":false},"author":1,"featured_media":0,"parent":0,"menu_order":0,"comment_status":"open","ping_status":"closed","template":"","meta":[],"_links":{"self":[{"href":"https:\/\/anvisible.com\/es\/wp-json\/wp\/v2\/pages\/1413"}],"collection":[{"href":"https:\/\/anvisible.com\/es\/wp-json\/wp\/v2\/pages"}],"about":[{"href":"https:\/\/anvisible.com\/es\/wp-json\/wp\/v2\/types\/page"}],"author":[{"embeddable":true,"href":"https:\/\/anvisible.com\/es\/wp-json\/wp\/v2\/users\/1"}],"replies":[{"embeddable":true,"href":"https:\/\/anvisible.com\/es\/wp-json\/wp\/v2\/comments?post=1413"}],"version-history":[{"count":3,"href":"https:\/\/anvisible.com\/es\/wp-json\/wp\/v2\/pages\/1413\/revisions"}],"predecessor-version":[{"id":1423,"href":"https:\/\/anvisible.com\/es\/wp-json\/wp\/v2\/pages\/1413\/revisions\/1423"}],"wp:attachment":[{"href":"https:\/\/anvisible.com\/es\/wp-json\/wp\/v2\/media?parent=1413"}],"curies":[{"name":"wp","href":"https:\/\/api.w.org\/{rel}","templated":true}]}}