{"id":16469,"date":"2017-07-26T17:53:31","date_gmt":"2017-07-26T22:53:31","guid":{"rendered":"http:\/\/anvisible.com\/es\/the-support-ring-for-the-heart-of-an\/"},"modified":"2017-08-10T22:01:16","modified_gmt":"2017-08-11T03:01:16","slug":"creando-un-circulo-de-ayuda-para-el-corazon-de-an","status":"publish","type":"page","link":"https:\/\/anvisible.com\/es\/creando-un-circulo-de-ayuda-para-el-corazon-de-an\/","title":{"rendered":"Creando un Circulo de Ayuda para el Coraz\u00f3n de AN"},"content":{"rendered":"<p style=\"text-align: center;\"><span style=\"font-family: arial,helvetica,sans-serif; font-size: 20px;\"><strong>UN LLAMADO DESDE NUESTROS CORAZONES\u00a0<\/strong><\/span><br \/>\n<span style=\"font-family: arial,helvetica,sans-serif; font-size: 20px;\"><strong>PARA NUESTRA 11:11 FAMILIA DE AN!<\/strong><\/span><\/p>\n<p style=\"text-align: center;\"><img decoding=\"async\" loading=\"lazy\" class=\"alignnone size-medium wp-image-16340\" src=\"http:\/\/anvisible.com\/wp-content\/blogs.dir\/1\/files\/2017\/07\/ANpaintdia38-002-433x300.jpg\" alt=\"ANpaintdia38-002\" width=\"433\" height=\"300\" srcset=\"https:\/\/anvisible.com\/wp-content\/blogs.dir\/1\/files\/2017\/07\/ANpaintdia38-002-433x300.jpg 433w, https:\/\/anvisible.com\/wp-content\/blogs.dir\/1\/files\/2017\/07\/ANpaintdia38-002-210x145.jpg 210w, https:\/\/anvisible.com\/wp-content\/blogs.dir\/1\/files\/2017\/07\/ANpaintdia38-002-400x277.jpg 400w, https:\/\/anvisible.com\/wp-content\/blogs.dir\/1\/files\/2017\/07\/ANpaintdia38-002-300x208.jpg 300w, https:\/\/anvisible.com\/wp-content\/blogs.dir\/1\/files\/2017\/07\/ANpaintdia38-002.jpg 471w\" sizes=\"(max-width: 433px) 100vw, 433px\" \/><\/p>\n<p style=\"text-align: justify;\"><span style=\"font-family: arial,helvetica,sans-serif;\"><strong>Aqu\u00ed en el coraz\u00f3n de la AN en Per\u00fa, nos encontramos en una posici\u00f3n algo inc\u00f3moda. S\u00ed, las energ\u00edas de la Nueva Realidad est\u00e1n vibrantemente vivas y en constante expansi\u00f3n, mientras que la Torre de la Luz de la AN transmite fuertemente la resonancia de AN en todo el mundo. Sin embargo, Emanaku y yo estamos en la posici\u00f3n casi imposible de tratar de hacer todo lo que hay que hacer, todo por nosotros mismos.<\/strong><\/span><\/p>\n<p style=\"text-align: justify;\"><span style=\"font-family: arial,helvetica,sans-serif;\"><strong>Hemos trabajado duro para crear la Torre de la Luz de AN, transformando un desbrozado y surcado campo de ma\u00edz en el poderoso v\u00f3rtice energ\u00e9tico de AN. Tambi\u00e9n trabajamos duro organizando y facilitando nuestros brillantes Eventos Especiales en Mayo. <\/strong><\/span><\/p>\n<p style=\"text-align: center;\"><img decoding=\"async\" loading=\"lazy\" class=\"size-medium wp-image-16246 aligncenter\" src=\"http:\/\/anvisible.com\/wp-content\/blogs.dir\/1\/files\/2017\/07\/2017-05-LandBefore-1004-400x300.jpg\" alt=\"2017-05-LandBefore-1004\" width=\"400\" height=\"300\" srcset=\"https:\/\/anvisible.com\/wp-content\/blogs.dir\/1\/files\/2017\/07\/2017-05-LandBefore-1004-400x300.jpg 400w, https:\/\/anvisible.com\/wp-content\/blogs.dir\/1\/files\/2017\/07\/2017-05-LandBefore-1004-200x150.jpg 200w, https:\/\/anvisible.com\/wp-content\/blogs.dir\/1\/files\/2017\/07\/2017-05-LandBefore-1004-768x576.jpg 768w, https:\/\/anvisible.com\/wp-content\/blogs.dir\/1\/files\/2017\/07\/2017-05-LandBefore-1004-600x450.jpg 600w, https:\/\/anvisible.com\/wp-content\/blogs.dir\/1\/files\/2017\/07\/2017-05-LandBefore-1004-300x225.jpg 300w\" sizes=\"(max-width: 400px) 100vw, 400px\" \/><br \/>\n<span style=\"font-size: 12px; font-family: arial,helvetica,sans-serif;\"><strong>La tierra de AN \u2022 Sonqo antes de que la compramos, cuando era un campo de ma\u00edz sin cercar.<\/strong><\/span><\/p>\n<p style=\"text-align: justify;\"><span style=\"font-family: arial,helvetica,sans-serif;\"><strong>Sin embargo, cuando terminaron nuestros Eventos Especiales, nos quedamos con muy poco dinero. Todos nuestros ingresos se hab\u00edan dedicado a preparar la tierra y crear la Torre de Luz, adem\u00e1s de pagar unos cuantos pr\u00e9stamos de comprar la nueva tierra, de modo que no nos quedaba nada personalmente por los meses de intenso trabajo que hab\u00edamos hecho.<\/strong><\/span><\/p>\n<p style=\"text-align: justify;\"><img decoding=\"async\" loading=\"lazy\" class=\"size-medium wp-image-16256 aligncenter\" src=\"http:\/\/anvisible.com\/wp-content\/blogs.dir\/1\/files\/2017\/07\/2017-06-23-ANSonqo-Beams-1022-450x253.jpg\" alt=\"2017-06-23-ANSonqo-Beams-1022\" width=\"450\" height=\"253\" srcset=\"https:\/\/anvisible.com\/wp-content\/blogs.dir\/1\/files\/2017\/07\/2017-06-23-ANSonqo-Beams-1022-450x253.jpg 450w, https:\/\/anvisible.com\/wp-content\/blogs.dir\/1\/files\/2017\/07\/2017-06-23-ANSonqo-Beams-1022-210x118.jpg 210w, https:\/\/anvisible.com\/wp-content\/blogs.dir\/1\/files\/2017\/07\/2017-06-23-ANSonqo-Beams-1022-768x432.jpg 768w, https:\/\/anvisible.com\/wp-content\/blogs.dir\/1\/files\/2017\/07\/2017-06-23-ANSonqo-Beams-1022-400x225.jpg 400w, https:\/\/anvisible.com\/wp-content\/blogs.dir\/1\/files\/2017\/07\/2017-06-23-ANSonqo-Beams-1022-300x169.jpg 300w, https:\/\/anvisible.com\/wp-content\/blogs.dir\/1\/files\/2017\/07\/2017-06-23-ANSonqo-Beams-1022.jpg 1920w\" sizes=\"(max-width: 450px) 100vw, 450px\" \/><\/p>\n<p style=\"text-align: center;\"><span style=\"font-size: 12px; font-family: arial,helvetica,sans-serif;\"><strong>La tierra AN \u2022 Sonqo con la Torre de Luz de AN,<br \/>\nCercada y plantada con flores.<\/strong><\/span><\/p>\n<p style=\"text-align: justify;\"><span style=\"font-family: arial,helvetica,sans-serif;\"><strong>La compra de la tierra sagrada para la Torre de la Luz de AN fue posible gracias al apoyo de nuestra amada Familia de AN, por lo que estamos PROFUNDAMENTE agradecidos. \u00a1No podr\u00edamos haberlo hecho sin ustedes ! Pero parte de este apoyo tan necesario vino en forma de pr\u00e9stamos personales de familiares y amigos, dej\u00e1ndonos con deudas pendientes de $ 43,340 para pagar. Esto es un poco abrumador para nosotros.<\/strong><\/span><\/p>\n<p style=\"text-align: justify;\"><span style=\"font-family: arial,helvetica,sans-serif;\"><strong>Al mismo tiempo, no podemos simplemente dejar de hacer las mejoras necesarias aqu\u00ed hasta que obtengamos los pr\u00e9stamos pagados. Debido a que estamos en tiempos tan cr\u00edticos, la energ\u00eda de la Nueva Realidad de AN necesita ser constantemente amplificada y expandida . Este es el verdadero prop\u00f3sito del Coraz\u00f3n de AN y por qu\u00e9 nosotros estamos aqu\u00ed!<br \/>\n<\/strong><\/span><\/p>\n<p style=\"text-align: center;\"><span style=\"font-family: arial,helvetica,sans-serif;\"><strong><br \/>\n<span style=\"color: #00ffff;\">\u2022 AQU\u00cd EST\u00c1 UNA LISTA DE PROYECTOS LOABLES QUE QUEREMOS HACER ESTE A\u00d1O \u2022<\/span><br \/>\n<\/strong><\/span><\/p>\n<p style=\"text-align: center;\"><strong><span style=\"font-family: arial,helvetica,sans-serif;\">Haga clic <a href=\"\/?page_id=15984\" target=\"_blank\">en este enlace<\/a> para una VISI\u00d3N GENERAL DETALLADA DE NUESTROS PROYECTOS!<br \/>\n<\/span><\/strong><\/p>\n<p style=\"text-align: justify; padding-left: 30px;\"><span style=\"font-family: arial,helvetica,sans-serif;\"><strong><span style=\"color: #00ffff;\">\u2022 Reimprimir \u00abLas Cartas de AN\u00bb y hacer nuevas bolsas de tarjetas para ellas.<\/span> (Estamos casi agotados.) <a href=\"\/?p=15951\" target=\"_blank\">more info<\/a><\/strong><\/span><\/p>\n<p style=\"text-align: justify; padding-left: 30px;\"><span style=\"font-family: arial,helvetica,sans-serif;\"><strong><span style=\"color: #00ffff;\">\u2022 Levantar los cinco c\u00edrculos interiores de la Torre de AN antes de la siguiente Activaci\u00f3n en Octubre.<\/span> <a href=\"\/?p=15910\" target=\"_blank\">more info<\/a><br \/>\n<\/strong><\/span><\/p>\n<p style=\"padding-left: 30px;\"><span style=\"font-family: arial,helvetica,sans-serif;\"><strong><span style=\"color: #00ffff;\">\u2022 Pagar los pr\u00e9stamos personales para comprar la tierra.<\/span> <a href=\"\/?p=15949\" target=\"_blank\">more info<\/a><\/strong><\/span><\/p>\n<p style=\"padding-left: 30px;\"><strong><span style=\"color: #00ffff;\">\u2022 Compre un cami\u00f3n lleno de le\u00f1a<span style=\"font-family: arial,helvetica,sans-serif;\">. <span style=\"color: #ffcc00;\">\u00a1HECHO!<\/span><\/span><\/span> <span style=\"font-family: arial,helvetica,sans-serif;\"><a href=\"\/?p=15960\" target=\"_blank\">more info<\/a><\/span><\/strong><\/p>\n<p style=\"padding-left: 30px;\"><strong><span style=\"color: #00ffff;\">\u2022 Plantar la hierba de centeno y el tr\u00e9bol rojo en la tierra AN \u2022 Sonqo <span style=\"font-family: arial,helvetica,sans-serif;\">.<\/span><\/span> <span style=\"font-family: arial,helvetica,sans-serif;\"><a href=\"\/?p=15955\" target=\"_blank\">more info<\/a><\/span><\/strong><\/p>\n<p style=\"padding-left: 30px;\"><strong><span style=\"color: #00ffff;\">\u2022 Pintar la pared reci\u00e9n enyesada por nuestra puerta de entrada. <span style=\"font-family: arial,helvetica,sans-serif;\">\u00a0<span style=\"color: #ffcc00;\">\u00a1En progreso!<\/span><\/span><\/span> <span style=\"font-family: arial,helvetica,sans-serif;\"><a href=\"\/?p=15958\" target=\"_blank\">more info<\/a><\/span><\/strong><\/p>\n<p style=\"padding-left: 30px;\"><span style=\"font-family: arial,helvetica,sans-serif;\"> <strong><span style=\"color: #00ffff;\"> \u2022 Repintar partes de nuestros edificios antes de la estaci\u00f3n de lluvias.<\/span><br \/>\n<\/strong><\/span><br \/>\n<span style=\"font-family: arial,helvetica,sans-serif;\"> <strong><span style=\"color: #00ffff;\"> \u2022 Construir m\u00e1s caminos de roca de rio en el \u00e1rea de la Torre de AN.\u00a0<\/span> <a href=\"\/?p=15953\" target=\"_blank\">more info<\/a><\/strong><\/span><\/p>\n<p style=\"padding-left: 30px;\"><strong><span style=\"color: #00ffff;\">\u2022 Crear una huerta org\u00e1nica<span style=\"font-family: arial,helvetica,sans-serif;\">.<\/span><\/span> <span style=\"font-family: arial,helvetica,sans-serif;\"><a href=\"\/?p=15948\" target=\"_blank\">more info<\/a><\/span><\/strong><\/p>\n<p style=\"padding-left: 30px;\"><span style=\"font-family: arial,helvetica,sans-serif;\"><strong> <span style=\"color: #00ffff;\">\u2022 Comprar e instalar desagues de lluvia en nuestra casa.<\/span><\/strong><\/span><br \/>\n<span style=\"font-family: arial,helvetica,sans-serif;\"> <strong><br \/>\n<span style=\"color: #00ffff;\">\u2022 Despu\u00e9s de que se establezca la hierba, compre dos Alpacas j\u00f3venes de AN.<\/span> <a href=\"\/?p=15956\" target=\"_blank\">more info<\/a><\/strong><\/span><\/p>\n<p style=\"padding-left: 30px;\"><span style=\"font-family: arial,helvetica,sans-serif;\"><strong><span style=\"color: #00ffff;\">\u2022 Comprar un deshidratador solar para frutas y verduras.<\/span> <a href=\"\/?p=15922\" target=\"_blank\">more info<\/a><\/strong><strong><br \/>\n<\/strong><\/span><\/p>\n<p style=\"text-align: justify;\"><span style=\"font-family: arial,helvetica,sans-serif;\"><strong>Muchos de estos proyectos requieren la contrataci\u00f3n de trabajadores y la compra de materiales de construcci\u00f3n. Requieren nuestra visi\u00f3n clara y supervisi\u00f3n constante. Esto es mucho para dos personas a asumir &#8230;<\/strong><\/span><\/p>\n<p style=\"text-align: justify;\"><img decoding=\"async\" loading=\"lazy\" class=\"size-medium wp-image-16376 aligncenter\" src=\"http:\/\/anvisible.com\/wp-content\/blogs.dir\/1\/files\/2017\/07\/2017-07-16-1044-400x300.jpg\" alt=\"2017-07-16-1044\" width=\"400\" height=\"300\" srcset=\"https:\/\/anvisible.com\/wp-content\/blogs.dir\/1\/files\/2017\/07\/2017-07-16-1044-400x300.jpg 400w, https:\/\/anvisible.com\/wp-content\/blogs.dir\/1\/files\/2017\/07\/2017-07-16-1044-200x150.jpg 200w, https:\/\/anvisible.com\/wp-content\/blogs.dir\/1\/files\/2017\/07\/2017-07-16-1044-768x576.jpg 768w, https:\/\/anvisible.com\/wp-content\/blogs.dir\/1\/files\/2017\/07\/2017-07-16-1044-600x450.jpg 600w, https:\/\/anvisible.com\/wp-content\/blogs.dir\/1\/files\/2017\/07\/2017-07-16-1044-300x225.jpg 300w, https:\/\/anvisible.com\/wp-content\/blogs.dir\/1\/files\/2017\/07\/2017-07-16-1044.jpg 1920w\" sizes=\"(max-width: 400px) 100vw, 400px\" \/><\/p>\n<p style=\"text-align: justify;\"><span style=\"font-family: arial,helvetica,sans-serif;\"><strong>Hemos estado haciendo todo lo que podemos para crear m\u00e1s ingresos para que podamos pagar los pr\u00e9stamos y hacer nuestros proyectos necesarios, pero s\u00f3lo hay tantas horas al d\u00eda y tenemos un mont\u00f3n de cosas que hacer para mantener la energ\u00eda aqu\u00ed, as\u00ed como la importante tarea de explorar y mapear la Nueva Realidad de AN.<\/strong><\/span><\/p>\n<p style=\"text-align: justify;\"><span style=\"font-family: arial,helvetica,sans-serif;\"><strong>Realmente me encantar\u00eda terminar de escribir la nueva edici\u00f3n de mi libro \u00ab11:11\u00bb para ser llamado \u00ab11:11 Reinicio \u00bb el cual est\u00e1 a m\u00e1s de la mitad. Me encantar\u00eda volver a escribir \u00bb La Leyenda de Altazar \u00bb fusionando las nuevas partes de la historia y los nuevos personajes que est\u00e1n en mi gui\u00f3n y precuela en un libro mucho m\u00e1s grande. Despu\u00e9s de que esto este hecho , me encantar\u00eda escribir un libro que contiene historias de mi vida ~ que tengo que hacer pronto, mientras todav\u00eda los recuerdo.<\/strong><\/span><\/p>\n<p style=\"text-align: justify;\"><span style=\"font-family: arial,helvetica,sans-serif;\"><strong>Aparte de supervisar muchos de los detalles pr\u00e1cticos aqu\u00ed, que toma mucho de su tiempo, Emanaku est\u00e1 haciendo un video de la Activaci\u00f3n de la Torre de Luz, que ser\u00e1 seguido por un video introductorio del Coraz\u00f3n de AN. Y aunque todav\u00eda no est\u00e1 en nuestra Lista de Proyectos, tambi\u00e9n nos gustar\u00eda publicar una edici\u00f3n en espa\u00f1ol de las \u00bb Cartas de AN\u00bb este a\u00f1o.<\/strong><\/span><\/p>\n<p style=\"text-align: justify;\"><span style=\"font-family: arial,helvetica,sans-serif;\"><strong>Despu\u00e9s de varios a\u00f1os de dedicados esfuerzos ~ sin vacaciones ni siquiera una noche lejos de la tierra ~ nos hemos dado cuenta de que simplemente no podemos hacer todo por nosotros mismos. NECESITAMOS SOPORTE. Ser\u00eda un gran avance si nuestra Familia de AN pudiera intervenir y COMPARTIR LA RESPONSABILIDAD CON NOSOTROS por el Coraz\u00f3n de AN.<\/strong><\/span><\/p>\n<h2 style=\"text-align: center;\"><span style=\"font-family: arial,helvetica,sans-serif;\">Los Guardianes de AN<\/span><\/h2>\n<p style=\"text-align: justify;\"><span style=\"font-family: arial,helvetica,sans-serif;\"><strong>Aqu\u00ed en el coraz\u00f3n de AN, tenemos un ayudante de tiempo completo llamado Pedro. Sus dos funciones principales son dormir aqu\u00ed por la noche, as\u00ed que tenemos a alguien que se queda por la entrada principal y cuidar de los jardines y regar las plantas durante los d\u00edas. Estamos pagando a Pedro por este trabajo tan necesario y apreciado.<\/strong><\/span><\/p>\n<p style=\"text-align: justify;\"><span style=\"font-family: arial,helvetica,sans-serif;\"><strong>Emanaku y yo somos los guardianes del Coraz\u00f3n de AN. Hemos anclado con \u00e9xito la Nueva Realidad aqu\u00ed. Apoyamos la visi\u00f3n del Coraz\u00f3n de AN y hacemos todo lo posible para manifestar lo que hay que hacer aqu\u00ed. Hemos comprado la tierra, construido los edificios, y creado los lugares especiales como la AN\u2022Chakana, AN\u2022Laberinto y Torre de AN. Poniendo dentro un mont\u00f3n de esfuerzo, mientras nos alineamos con la energ\u00eda de la tierra y de AN, lo hemos hecho exquisitamente hermoso aqu\u00ed.<\/strong><\/span><\/p>\n<p style=\"text-align: justify; padding-left: 30px;\"><span style=\"font-family: arial,helvetica,sans-serif;\"><strong><span style=\"color: #00ffff;\">Pero el Coraz\u00f3n de AN no es s\u00f3lo para nosotros dos &#8230;.<br \/>\nES PARA TODOS NOSOTROS .<br \/>\nEs para todo el planeta.<br \/>\nEl Coraz\u00f3n de AN es uno de los principales puntos de anclaje de la Nueva Realidad<br \/>\nen la Tierra y es tan necesario en este momento!<\/span><\/strong><\/span><\/p>\n<p style=\"text-align: justify;\"><span style=\"font-family: arial,helvetica,sans-serif;\"><strong>Pero as\u00ed como apoyamos a nuestro guardi\u00e1n Pedro, tambi\u00e9n necesitamos ser apoyados como guardianes y visionarios del Coraz\u00f3n de AN.<\/strong><\/span><\/p>\n<p style=\"text-align: justify;\"><img decoding=\"async\" loading=\"lazy\" class=\"size-medium wp-image-16018 aligncenter\" src=\"http:\/\/anvisible.com\/wp-content\/blogs.dir\/1\/files\/2017\/07\/2017-05-fromSolara-1124-400x300.jpg\" alt=\"2017-05-fromSolara-1124\" width=\"400\" height=\"300\" srcset=\"https:\/\/anvisible.com\/wp-content\/blogs.dir\/1\/files\/2017\/07\/2017-05-fromSolara-1124-400x300.jpg 400w, https:\/\/anvisible.com\/wp-content\/blogs.dir\/1\/files\/2017\/07\/2017-05-fromSolara-1124-200x150.jpg 200w, https:\/\/anvisible.com\/wp-content\/blogs.dir\/1\/files\/2017\/07\/2017-05-fromSolara-1124-768x576.jpg 768w, https:\/\/anvisible.com\/wp-content\/blogs.dir\/1\/files\/2017\/07\/2017-05-fromSolara-1124-600x450.jpg 600w, https:\/\/anvisible.com\/wp-content\/blogs.dir\/1\/files\/2017\/07\/2017-05-fromSolara-1124-300x225.jpg 300w, https:\/\/anvisible.com\/wp-content\/blogs.dir\/1\/files\/2017\/07\/2017-05-fromSolara-1124.jpg 2000w\" sizes=\"(max-width: 400px) 100vw, 400px\" \/><\/p>\n<p style=\"text-align: justify;\"><span style=\"font-family: arial,helvetica,sans-serif;\"><strong>Es hora de que el Coraz\u00f3n de AN se expanda a un nuevo nivel. Lo que imaginamos es un anillo de apoyo creado por la Familia de AN que rodea el Coraz\u00f3n de AN. Esto har\u00e1 el Coraz\u00f3n de AN en\u00e9rgicamente m\u00e1s fuerte por tener una base m\u00e1s amplia. Y nos liberar\u00e1 para hacer m\u00e1s de lo que vinimos a hacer aqu\u00ed.<\/strong><\/span><\/p>\n<p style=\"text-align: center;\"><span style=\"font-family: arial,helvetica,sans-serif;\"><strong><br \/>\n<span style=\"color: #00ffff;\">\u2022\u2206\u2022 MANERAS DE APOYAR EL CORAZ\u00d3N DE AN \u2022\u2206\u2022<\/span><br \/>\n<\/strong><\/span><\/p>\n<p style=\"text-align: justify; padding-left: 30px;\"><span style=\"font-family: arial,helvetica,sans-serif; color: #ffcc00;\"><strong>\u2022\u2206\u2022 CREAR UNA DONACI\u00d3N MENSUAL REGULAR<\/strong><\/span><br \/>\n<span style=\"font-family: arial,helvetica,sans-serif;\"><strong>Esto ser\u00eda una gran ayuda para nosotros. La ventaja de esto es que es un ingreso constante que podemos depender y nosotros REALMENTE necesitamos esto. Las donaciones pueden ser de cualquier cantidad ~ lo que sea c\u00f3modo para usted.<\/strong><\/span><\/p>\n<p style=\"text-align: justify; padding-left: 30px;\"><span style=\"font-family: arial,helvetica,sans-serif;\"><strong>Esto se puede hacer f\u00e1cilmente a trav\u00e9s de Paypal en <a href=\"\/?page_id=101\" target=\"_blank\">anvisible.com\/es\/donate<\/a><\/strong><\/span><br \/>\n<span style=\"font-family: arial,helvetica,sans-serif;\"><strong>O si no desea utilizar Paypal, podemos configurar pagos de tarjetas de cr\u00e9dito recurrentes con nuestro procesador de tarjetas de cr\u00e9dito. Para configurar esto, env\u00edeme un correo electr\u00f3nico a &#x73;&#x6f;&#x6c;&#x61;&#x72;&#x61;&#x40;<span class=\"oe_displaynone\">null<\/span>&#x6e;&#x76;&#x69;&#x73;&#x69;&#x62;&#x6c;&#x65;&#x2e;&#x63;&#x6f;&#x6d;<br \/>\n<\/strong><\/span><\/p>\n<p style=\"text-align: justify; padding-left: 30px;\"><span style=\"font-family: arial,helvetica,sans-serif; color: #ffcc00;\"><strong>\u2022\u2206\u2022 AYUDA A PATROCINAR UNO DE NUESTROS PROYECTOS<\/strong><\/span><br \/>\n<span style=\"font-family: arial,helvetica,sans-serif;\"><strong>Hemos creado una <a href=\"\/?page_id=15984\" target=\"_blank\">p\u00e1gina web especial<\/a>\u00a0(en ingl\u00e9s)\u00a0que tiene m\u00e1s detalles sobre nuestros proyectos, as\u00ed como estimaciones de costos preliminares de lo que necesitamos hacer.<\/strong><\/span><\/p>\n<p style=\"text-align: justify; padding-left: 30px;\"><span style=\"font-family: arial,helvetica,sans-serif; color: #ffcc00;\"><strong>\u2022\u2206\u2022 HACER COMPRAS EN EL AN\u2022MERCADO<\/strong><\/span><br \/>\n<span style=\"font-family: arial,helvetica,sans-serif;\"><strong>Creamos el AN \u2022 Mercado para hacer disponibles tesoros especiales para servir como piedras de toque de AN, al tiempo que apoyamos a los artesanos del Per\u00fa y complementamos nuestros ingresos.<\/strong><\/span><br \/>\n<span style=\"font-family: arial,helvetica,sans-serif;\"><strong>Hermosos Tesoros Peruanos para anclar la Nueva Realidad:<br \/>\n<a href=\"http:\/\/an-mercado.nvisible.com\" target=\"_blank\">an-mercado.nvisible.com<\/a><\/strong><\/span><\/p>\n<p style=\"text-align: justify; padding-left: 30px;\"><span style=\"font-family: arial,helvetica,sans-serif; color: #ffcc00;\"><strong>\u2022\u2206\u2022 SUSCRIBIRSE A LOS INFORMES DEL OLEAJE DE SOLARA<\/strong><\/span><br \/>\n<span style=\"font-family: arial,helvetica,sans-serif;\"><strong>Son s\u00f3lo $ 11 Dolares por mes, pero en este momento son nuestra principal forma de apoyo. Adem\u00e1s, los Informes del Oleaje son una gran ayuda para navegar las energ\u00edas que estamos experimentando actualmente:<br \/>\n<\/strong><\/span><span style=\"font-family: arial,helvetica,sans-serif;\"><strong>\u00a0<\/strong><\/span><a href=\"http:\/\/mercado.nvisible.com\/surf-report-subscriptions\/\" target=\"_blank\"><span style=\"font-family: arial,helvetica,sans-serif;\"><strong>mercado.nvisible.com\/surf-report-subscriptions<\/strong><\/span><\/a><\/p>\n<p style=\"text-align: justify; padding-left: 30px;\"><span style=\"font-family: arial,helvetica,sans-serif; color: #ffcc00;\"><strong>\u2022\u2206\u2022 TIENDA PARA LIBROS DE SOLARA, EBOOKS, MEDITACIONES GUIADAS y M\u00e1s<\/strong><\/span><br \/>\n<span style=\"font-family: arial,helvetica,sans-serif;\"><strong>En el Nvisible Mercado ofrecemos Libros y Libros Electr\u00f3nicos de Solara, M\u00fasica para Danzas Sagradas, por Omashar, Grabaciones y Viajes Guiados. Y si usted los ordena directamente de nosotros, recibimos un porcentaje mucho m\u00e1s alto de las ventas, que si usted los ordena desde Amazon. &#8211;\u00a0<\/strong><\/span> <span style=\"font-family: arial,helvetica,sans-serif;\"><strong><a href=\"http:\/\/mercado.nvisible.com\/\" target=\"_blank\">mercado.nvisible.com<\/a><\/strong><\/span><\/p>\n<p style=\"text-align: justify; padding-left: 30px;\"><span style=\"font-family: arial,helvetica,sans-serif; color: #ffcc00;\"><strong>\u2022\u2206\u2022 VISITA EL CORAZON DE AN!<\/strong><\/span><br \/>\n<span style=\"font-family: arial,helvetica,sans-serif;\"><strong>Usted puede venir para una visita privada y permanecer en nuestra hermosa <a href=\"\/?page_id=4665\" target=\"_blank\">casa de hu\u00e9spedes AN\u2022Wasi<\/a>. Podemos personalizar un paquete de retiro para usted aqu\u00ed que ser\u00e1 profundamente transformacional. \u00a1Individuales y grupos son bienvenidos!<\/strong><\/span><\/p>\n<p style=\"text-align: justify; padding-left: 30px;\"><span style=\"font-family: arial,helvetica,sans-serif;\"><strong>O usted puede participar en uno de nuestros Eventos Especiales en Octubre:<\/strong><\/span><br \/>\n<span style=\"font-family: arial,helvetica,sans-serif;\"> <strong> \u2022 Transformaci\u00f3n con la Clase Maestra de las Cartas de AN ~ 12 \u2013 16 Octubre\u00a0<a href=\"\/?p=16269\" target=\"_blank\">m\u00e1s informaci\u00f3n<\/a><\/strong><\/span><br \/>\n<span style=\"font-family: arial,helvetica,sans-serif;\"> <strong> \u2022 Encarnando la Torre de Luz de AN ~ 19- 24 Octubre <strong><a href=\"\/?p=16402\" target=\"_blank\">m\u00e1s informaci\u00f3n<\/a><\/strong><\/strong><\/span><\/p>\n<p style=\"text-align: justify; padding-left: 30px;\"><span style=\"font-family: arial,helvetica,sans-serif; color: #ffcc00;\"><strong>\u2022\u2206\u2022 TRANSFERENCIA DE MONEDA CIBERNETICA A NUESTRA CARTERA BITCOIN<\/strong><\/span><br \/>\n<span style=\"font-family: arial,helvetica,sans-serif;\"><strong>Esta opci\u00f3n estar\u00e1 funcionando en alg\u00fan momento en Agosto ya que actualmente no tenemos una.<br \/>\n<\/strong><\/span><\/p>\n<p style=\"text-align: justify;\"><span style=\"font-family: arial,helvetica,sans-serif;\"><strong>\u00a1Cualquier otra idea para ayudar a apoyar el coraz\u00f3n de AN es muy apreciada!<\/strong><\/span><\/p>\n<p style=\"text-align: center;\"><strong><span style=\"font-family: arial,helvetica,sans-serif;\">\u00a1Gracias!<br \/>\nLES AMAMOS.<\/span><\/strong><\/p>","protected":false},"excerpt":{"rendered":"<p>UN LLAMADO DESDE NUESTROS CORAZONES\u00a0 PARA NUESTRA 11:11 FAMILIA DE AN! Aqu\u00ed en el coraz\u00f3n de la AN en Per\u00fa, nos encontramos en una posici\u00f3n algo inc\u00f3moda. S\u00ed, las energ\u00edas de la Nueva Realidad est\u00e1n vibrantemente vivas y en constante expansi\u00f3n, mientras que la Torre de la Luz de la AN transmite fuertemente la resonancia <a class=\"read-more\" href=\"https:\/\/anvisible.com\/es\/creando-un-circulo-de-ayuda-para-el-corazon-de-an\/\">[ Read More&#8230;. ]<\/a><\/p>\n","protected":false},"author":4,"featured_media":16021,"parent":0,"menu_order":0,"comment_status":"closed","ping_status":"closed","template":"","meta":[],"_links":{"self":[{"href":"https:\/\/anvisible.com\/es\/wp-json\/wp\/v2\/pages\/16469"}],"collection":[{"href":"https:\/\/anvisible.com\/es\/wp-json\/wp\/v2\/pages"}],"about":[{"href":"https:\/\/anvisible.com\/es\/wp-json\/wp\/v2\/types\/page"}],"author":[{"embeddable":true,"href":"https:\/\/anvisible.com\/es\/wp-json\/wp\/v2\/users\/4"}],"replies":[{"embeddable":true,"href":"https:\/\/anvisible.com\/es\/wp-json\/wp\/v2\/comments?post=16469"}],"version-history":[{"count":2,"href":"https:\/\/anvisible.com\/es\/wp-json\/wp\/v2\/pages\/16469\/revisions"}],"predecessor-version":[{"id":16471,"href":"https:\/\/anvisible.com\/es\/wp-json\/wp\/v2\/pages\/16469\/revisions\/16471"}],"wp:featuredmedia":[{"embeddable":true,"href":"https:\/\/anvisible.com\/es\/wp-json\/wp\/v2\/media\/16021"}],"wp:attachment":[{"href":"https:\/\/anvisible.com\/es\/wp-json\/wp\/v2\/media?parent=16469"}],"curies":[{"name":"wp","href":"https:\/\/api.w.org\/{rel}","templated":true}]}}