{"id":292,"date":"2011-11-19T05:28:45","date_gmt":"2011-11-19T10:28:45","guid":{"rendered":"http:\/\/anvisible.com\/introduction-2\/"},"modified":"2012-02-15T20:51:58","modified_gmt":"2012-02-16T01:51:58","slug":"introduction","status":"publish","type":"page","link":"https:\/\/anvisible.com\/es\/introduction\/","title":{"rendered":"EL CORAZ\u00d3N DE AN"},"content":{"rendered":"<p style=\"text-align: justify\"><strong><img decoding=\"async\" loading=\"lazy\" class=\"aligncenter size-medium wp-image-40\" src=\"http:\/\/anvisible.com\/files\/2011\/11\/AN1-450x298.jpg\" alt=\"AN1\" width=\"450\" height=\"298\" srcset=\"https:\/\/anvisible.com\/wp-content\/blogs.dir\/1\/files\/2011\/11\/AN1-450x298.jpg 450w, https:\/\/anvisible.com\/wp-content\/blogs.dir\/1\/files\/2011\/11\/AN1-210x139.jpg 210w, https:\/\/anvisible.com\/wp-content\/blogs.dir\/1\/files\/2011\/11\/AN1-679x450.jpg 679w, https:\/\/anvisible.com\/wp-content\/blogs.dir\/1\/files\/2011\/11\/AN1-400x265.jpg 400w, https:\/\/anvisible.com\/wp-content\/blogs.dir\/1\/files\/2011\/11\/AN1.jpg 1600w\" sizes=\"(max-width: 450px) 100vw, 450px\" \/><\/p>\n<p>A medida que nos acercamos a la Activaci\u00f3n de la Und\u00e9cima y \u00faltima Puerta del Portal 11:11, nos encontramos en medio de la transformaci\u00f3n m\u00e1s increible y a gran escala que jam\u00e1s hemos experimentado.<\/p>\n<p><\/strong><\/p>\n<p style=\"text-align: justify\"><strong>El Viaje del 11:11 est\u00e1 cambiando todo nuestro ser, reacomodando nuestras prioridades y transformando profundamente nuestras experiencias en este mundo. Algo maravilloso est\u00e1 naciendo de todo nuestro viaje a trav\u00e9s del Portal 11:11, llev\u00e1ndonos a Nuevos niveles m\u00e1s Verdaderos de vivir y de ser.<\/strong><\/p>\n<p style=\"text-align: justify\"><strong>El Coraz\u00f3n de AN se est\u00e1 haciendo visible ahora<strong>&#8230;.<\/strong><\/p>\n<p><\/strong><\/p>\n<p style=\"text-align: center\"><span style=\"font-size: medium\"><strong>El Coraz\u00f3n de AN<\/strong><\/span><\/p>\n<p style=\"text-align: justify\"><strong>El Coraz\u00f3n de AN es el n\u00facleo central de AN que representa la uni\u00f3n sagrada del Sol y la Luna como Un Solo Ser. AN representa un estado de conciencia <strong>\u00fanico, <\/strong>que es tan Sublime y Real que debe ser experimentado para ser entendido en su totalidad.<\/strong><\/p>\n<p style=\"text-align: justify\"><strong>Cuando nos posicionamos a nosotros mismo en el Coraz\u00f3n de AN, podemos vivir nuestros Sue\u00f1os M\u00e1s Salvajes y cumplir nuestro Verdadero Prop\u00f3sito.<\/strong><\/p>\n<p style=\"text-align: center\"><strong><img decoding=\"async\" loading=\"lazy\" class=\"aligncenter size-medium wp-image-56\" src=\"http:\/\/anvisible.com\/files\/2011\/11\/AN3-450x253.jpg\" alt=\"AN3\" width=\"450\" height=\"253\" srcset=\"https:\/\/anvisible.com\/wp-content\/blogs.dir\/1\/files\/2011\/11\/AN3-450x253.jpg 450w, https:\/\/anvisible.com\/wp-content\/blogs.dir\/1\/files\/2011\/11\/AN3-210x118.jpg 210w, https:\/\/anvisible.com\/wp-content\/blogs.dir\/1\/files\/2011\/11\/AN3-768x432.jpg 768w, https:\/\/anvisible.com\/wp-content\/blogs.dir\/1\/files\/2011\/11\/AN3-400x225.jpg 400w, https:\/\/anvisible.com\/wp-content\/blogs.dir\/1\/files\/2011\/11\/AN3.jpg 1600w\" sizes=\"(max-width: 450px) 100vw, 450px\" \/><\/strong><span style=\"font-size: medium\"><strong><strong><\/p>\n<p>Nuestra Visi\u00f3n<\/p>\n<p><\/strong>El Coraz\u00f3n de AN<\/p>\n<p>Centro de la Vida Verdadera<\/strong><\/span><span style=\"font-size: medium\"><strong><\/p>\n<p><\/strong><\/span><\/p>\n<p style=\"text-align: justify\"><strong>Las sagradas Monta\u00f1as de los Andes en Am\u00e9rica del Sur sostienen la concentraci\u00f3n m\u00e1s fuerte de energ\u00eda de AN en todo el planeta.\u00a0 Es aqu\u00ed donde las Torres de Luz de AN comenzar\u00e1n a ser activadas en el 2012. Pero antes de que esto pueda suceder, el Coraz\u00f3n de AN necesita estar totalmente manifiesto y activado.<strong><strong><\/strong><\/strong><\/strong><\/p>\n<p style=\"text-align: justify\"><strong>Un dedicado grupo de nosotros de diferentes pa\u00edses estamos ahora listos para manifestar el Coraz\u00f3n de AN en forma de comunidad. Hemos encontrado el lugar correcto en el Valle Sagrado de Per\u00fa. El Centro del Coraz\u00f3n de AN funcionar\u00e1 como un ejemplo viviente de nuestro UN SOLO SER EN ACCI\u00d3N al concientemente Vivir Vidas Verdaderas como Verdaderos. Tambi\u00e9n ser\u00e1 un remanso de paz que muchos de ustedes podr\u00e1n visitar en retiros personales para reabastecer y recalibrarsu energ\u00eda.<\/strong><\/p>\n<p style=\"text-align: justify\"><strong>El Coraz\u00f3n de AN ser\u00e1 sede de eventos especiales y talleres profundos y avanzados con Solara y otros Facilitadores 11:11 en varios idiomas. Tambi\u00e9n ofreceremos clases de idiomas, talleres de mandalas y toures \u00fanicos de Per\u00fa y Bolivia con guias expertos que son Verdaderos. Estos no ser\u00e1n toures <strong>\u00abespirituales<strong>\u00bb normales; te llevar\u00e1n a los lugares m\u00e1s verdaderos dentro de t\u00ed mismo. El Coraz\u00f3n de AN incluir\u00e1 un hotel y restaurante para que todos puedan tener la experiencia de una completa immersi\u00f3n en la Realidad Ultra Mayor. Nuestros estudios de artesan\u00eda crear\u00e1n productos \u00fanicos con la resonancia de AN. Y estaremos lo suficientemente cerca de los pueblos Quechuas para interactuar con\u00a0 sus pobladores, ofreci\u00e9ndoles trabajos en distintos proyectos y clases para los ni\u00f1os.<\/strong><\/strong><\/strong><\/p>\n<p style=\"text-align: center\"><span style=\"font-size: medium\"><strong>El Llamado<\/p>\n<p><\/strong><\/span><\/p>\n<p style=\"text-align: justify\"><strong><strong>Ahora es tiempo de manifestar el Centro del Coraz\u00f3n de AN en lo f\u00edsico. Urgentemente necesitamos adquirir la propiedad adecuada en Los Andes de Per\u00fa lo antes posible.<\/strong><\/strong><\/p>\n<p style=\"text-align: justify\"><strong>Este es un gran proyecto y solo podemos llevarlo a cabo con la ayuda de nuestro Un Solo Ser. Estamos llamando a los Verdaderos en todo el mundo para ayudarnos a adquirir el verdadero hogar del el Coraz\u00f3n de AN.<\/strong><\/p>\n<p style=\"text-align: justify\"><strong>Para manifestar nuestra visi\u00f3n, estamos buscando a 2000 personas que puedan donar $1000 o m\u00e1s. Por supuesto, estamos agradecidos por las contribuciones de cualquier monto.<\/strong><\/p>\n<p><strong> Tu donaci\u00f3n al Coraz\u00f3n de AN es muy necesaria y profundamente apreciada.<\/strong><\/p>\n<p style=\"text-align: justify\"><strong>Este es un llamado urgente para que podamos manifestar r\u00e1pidamente el siguiente paso de nuestro Verdadero Prop\u00f3sito para el beneficio de todos.<\/strong><\/p>\n<p style=\"text-align: justify\"><strong><img decoding=\"async\" loading=\"lazy\" class=\"aligncenter size-medium wp-image-58\" src=\"http:\/\/anvisible.com\/files\/2011\/11\/AN2-450x253.jpg\" alt=\"AN2\" width=\"450\" height=\"253\" srcset=\"https:\/\/anvisible.com\/wp-content\/blogs.dir\/1\/files\/2011\/11\/AN2-450x253.jpg 450w, https:\/\/anvisible.com\/wp-content\/blogs.dir\/1\/files\/2011\/11\/AN2-210x118.jpg 210w, https:\/\/anvisible.com\/wp-content\/blogs.dir\/1\/files\/2011\/11\/AN2-768x432.jpg 768w, https:\/\/anvisible.com\/wp-content\/blogs.dir\/1\/files\/2011\/11\/AN2-400x225.jpg 400w, https:\/\/anvisible.com\/wp-content\/blogs.dir\/1\/files\/2011\/11\/AN2.jpg 800w\" sizes=\"(max-width: 450px) 100vw, 450px\" \/><\/strong><\/p>","protected":false},"excerpt":{"rendered":"<p>A medida que nos acercamos a la Activaci\u00f3n de la Und\u00e9cima y \u00faltima Puerta del Portal 11:11, nos encontramos en medio de la transformaci\u00f3n m\u00e1s increible y a gran escala que jam\u00e1s hemos experimentado. El Viaje del 11:11 est\u00e1 cambiando todo nuestro ser, reacomodando nuestras prioridades y transformando profundamente nuestras experiencias en este mundo. Algo <a class=\"read-more\" href=\"https:\/\/anvisible.com\/es\/introduction\/\">[ Read More&#8230;. ]<\/a><\/p>\n","protected":false},"author":1,"featured_media":0,"parent":0,"menu_order":0,"comment_status":"closed","ping_status":"open","template":"","meta":[],"_links":{"self":[{"href":"https:\/\/anvisible.com\/es\/wp-json\/wp\/v2\/pages\/292"}],"collection":[{"href":"https:\/\/anvisible.com\/es\/wp-json\/wp\/v2\/pages"}],"about":[{"href":"https:\/\/anvisible.com\/es\/wp-json\/wp\/v2\/types\/page"}],"author":[{"embeddable":true,"href":"https:\/\/anvisible.com\/es\/wp-json\/wp\/v2\/users\/1"}],"replies":[{"embeddable":true,"href":"https:\/\/anvisible.com\/es\/wp-json\/wp\/v2\/comments?post=292"}],"version-history":[{"count":3,"href":"https:\/\/anvisible.com\/es\/wp-json\/wp\/v2\/pages\/292\/revisions"}],"predecessor-version":[{"id":357,"href":"https:\/\/anvisible.com\/es\/wp-json\/wp\/v2\/pages\/292\/revisions\/357"}],"wp:attachment":[{"href":"https:\/\/anvisible.com\/es\/wp-json\/wp\/v2\/media?parent=292"}],"curies":[{"name":"wp","href":"https:\/\/api.w.org\/{rel}","templated":true}]}}