{"id":434,"date":"2011-12-30T19:38:50","date_gmt":"2011-12-31T00:38:50","guid":{"rendered":"http:\/\/anvisible.com\/introduction\/an\/"},"modified":"2016-01-19T21:53:39","modified_gmt":"2016-01-20T02:53:39","slug":"an","status":"publish","type":"page","link":"https:\/\/anvisible.com\/es\/introduction\/an\/","title":{"rendered":"Acerca de AN"},"content":{"rendered":"<p style=\"text-align: center;\"><span style=\"font-size: medium;\"><strong>&#8230; \u00bfQu\u00e9 es AN? &#8230;<\/strong><\/span><\/p>\n<p style=\"text-align: center;\"><em><strong>AN se pronuncia Ahhn u On.<\/strong><\/em><\/p>\n<p style=\"text-align: center;\"><img decoding=\"async\" loading=\"lazy\" class=\"aligncenter size-medium wp-image-347\" src=\"http:\/\/anvisible.com\/wp-content\/blogs.dir\/1\/files\/2011\/12\/TheNewAN-300x300.png\" alt=\"TheNewAN\" width=\"300\" height=\"300\" srcset=\"https:\/\/anvisible.com\/wp-content\/blogs.dir\/1\/files\/2011\/12\/TheNewAN-300x300.png 300w, https:\/\/anvisible.com\/wp-content\/blogs.dir\/1\/files\/2011\/12\/TheNewAN-150x150.png 150w, https:\/\/anvisible.com\/wp-content\/blogs.dir\/1\/files\/2011\/12\/TheNewAN-450x450.png 450w, https:\/\/anvisible.com\/wp-content\/blogs.dir\/1\/files\/2011\/12\/TheNewAN-400x399.png 400w, https:\/\/anvisible.com\/wp-content\/blogs.dir\/1\/files\/2011\/12\/TheNewAN.png 1024w\" sizes=\"(max-width: 300px) 100vw, 300px\" \/><\/p>\n<p style=\"text-align: justify;\"><strong><strong>AN es el Sol y la Luna fusionados en Un Solo Ser. El linaje de AN ha estado en la Tierra desde el principio. Las antiguas civilizaciones de los Egipcios, Druidas e Incas vinieron del linaje de AN. Los primeros gobernantes de estas civilizaciones fueron nacidos del Sol y la Luna.<\/strong><\/strong><\/p>\n<p style=\"text-align: justify;\"><strong><strong>AN luego desapareci\u00f3 de la historia conocida y solo ha reaparecido recientemente, principalmente a trav\u00e9s de los esfuerzos de los que tienen memoria de su linaje AN. Ahora es tiempo para que AN se vuelva totalmente visible.<\/strong><\/strong><\/p>\n<p style=\"text-align: justify;\"><strong><strong>AN tambi\u00e9n es conocido para los Polineses que mantuvieron vivas las memorias de haber venido a este planeta desde las estrellas en canoas celestiales. AN est\u00e1 conectado a la estrella del medio en el Cintur\u00f3n de Ori\u00f3n conocida como Al Nilam y est\u00e1 profundamente alineada con el Portal del 11:11. Esto es porque nuestro viaje del 11:11 nos lleva a trav\u00e9s de la estrella central de AN como UNO.<\/strong><\/strong><\/p>\n<p>&nbsp;<\/p>\n<p style=\"text-align: justify;\"><strong>Hay Torres de Luz de AN esparcidas por el planeta, aunque la mayor\u00eda de ellas est\u00e1n situadas en las Monta\u00f1as de los Andes de Am\u00e9rica del Sur. Los Egipcios antiguos escribieron acerca de estas Torres de Luz de AN en el <strong>\u00abLibro Egipcio de los Muertos<strong>\u00bb o <strong>\u00abPapiro de Ani<strong>\u00ab. Una vez que el Coraz\u00f3n de AN se establezca en lo f\u00edsico, la activaci\u00f3n de estas Torres de Luz de AN habr\u00e1 de comenzar.<\/strong><\/strong><\/strong><\/strong><\/strong><\/p>\n<p style=\"text-align: justify;\"><strong><strong><strong><strong><strong>AN es el recuerdo de la Unidad de la que todos vinimos. Juega el rol l\u00edder al inicio del Nuevo MUA (mayor nuevo ciclo evolutivo) que oficialmente comenz\u00f3 en el <strong>11\/11\/11. Un Nuevo Mundo est\u00e1 ahora naciendo.<\/strong><\/strong><\/strong><\/strong><\/strong><\/strong><\/p>\n<p style=\"text-align: justify;\"><strong><strong><strong><strong><strong><strong>En el comienzo de este Nuevo Ciclo, los Mundos dentro de los Mundos se reconfiguran en una Nueva Base Verdadera. AN es la manifestaci\u00f3n de esa Verdad. AN es el florecimiento de nuestra eterna Historia Sin-Fin desde donde podemos ser QUIEN REALMENTE SOMOS, encarnar la Verdad y manifestarla en todos los niveles en todos los Mundos. El Coraz\u00f3n de AN es el N\u00facleo de la Manifestaci\u00f3n en la Unidad. Es una plantilla que ser\u00e1 esparcida desde aqu\u00ed hacia afuera en el Mundo, recreando Verdad en todos los niveles.<\/strong><\/strong><\/strong><\/strong><\/strong><\/strong><\/p>\n<p style=\"text-align: center;\"><strong><strong>AN fusiona elementos antes percipidos como separados.<\/strong><\/strong><\/p>\n<p style=\"text-align: center;\"><strong><strong>AN es el conector entre lo que era y lo que ser\u00e1.<\/strong><\/strong><\/p>\n<p style=\"text-align: center;\"><strong><strong>Activar el Coraz\u00f3n de AN es el siguiente paso luego de completar nuestra jornada<\/strong><\/strong><\/p>\n<p style=\"text-align: center;\"><strong><strong>a trav\u00e9s del Portal del 11:11<\/strong><\/strong><\/p>\n<p style=\"text-align: center;\"><strong><strong>Y ya ha comenzado. <\/strong><\/strong><\/p>","protected":false},"excerpt":{"rendered":"<p>&#8230; \u00bfQu\u00e9 es AN? &#8230; AN se pronuncia Ahhn u On. AN es el Sol y la Luna fusionados en Un Solo Ser. El linaje de AN ha estado en la Tierra desde el principio. Las antiguas civilizaciones de los Egipcios, Druidas e Incas vinieron del linaje de AN. Los primeros gobernantes de estas civilizaciones <a class=\"read-more\" href=\"https:\/\/anvisible.com\/es\/introduction\/an\/\">[ Read More&#8230;. ]<\/a><\/p>\n","protected":false},"author":2,"featured_media":5955,"parent":292,"menu_order":0,"comment_status":"closed","ping_status":"closed","template":"","meta":[],"_links":{"self":[{"href":"https:\/\/anvisible.com\/es\/wp-json\/wp\/v2\/pages\/434"}],"collection":[{"href":"https:\/\/anvisible.com\/es\/wp-json\/wp\/v2\/pages"}],"about":[{"href":"https:\/\/anvisible.com\/es\/wp-json\/wp\/v2\/types\/page"}],"author":[{"embeddable":true,"href":"https:\/\/anvisible.com\/es\/wp-json\/wp\/v2\/users\/2"}],"replies":[{"embeddable":true,"href":"https:\/\/anvisible.com\/es\/wp-json\/wp\/v2\/comments?post=434"}],"version-history":[{"count":6,"href":"https:\/\/anvisible.com\/es\/wp-json\/wp\/v2\/pages\/434\/revisions"}],"predecessor-version":[{"id":5961,"href":"https:\/\/anvisible.com\/es\/wp-json\/wp\/v2\/pages\/434\/revisions\/5961"}],"up":[{"embeddable":true,"href":"https:\/\/anvisible.com\/es\/wp-json\/wp\/v2\/pages\/292"}],"wp:featuredmedia":[{"embeddable":true,"href":"https:\/\/anvisible.com\/es\/wp-json\/wp\/v2\/media\/5955"}],"wp:attachment":[{"href":"https:\/\/anvisible.com\/es\/wp-json\/wp\/v2\/media?parent=434"}],"curies":[{"name":"wp","href":"https:\/\/api.w.org\/{rel}","templated":true}]}}