{"id":441,"date":"2011-12-28T22:19:26","date_gmt":"2011-12-29T03:19:26","guid":{"rendered":"http:\/\/anvisible.com\/wall-of-honor-2\/"},"modified":"2013-08-05T23:28:54","modified_gmt":"2013-08-06T04:28:54","slug":"wall-of-honor","status":"publish","type":"page","link":"https:\/\/anvisible.com\/es\/wall-of-honor\/","title":{"rendered":"\u00a1Amor, Amor, Amor!"},"content":{"rendered":"<p style=\"text-align: center;\"><span style=\"font-size: medium;\"><strong>A Nuestro UN SOLO SER EN ACCI\u00d3N<\/strong><\/span><\/p>\n<p><strong>Honramos profundamente los regalos de nuestro UN SOLO SER EN ACCI\u00d3N para manifestar el Coraz\u00f3n de AN:<\/strong><\/p>\n<p><strong><span style=\"color: #ffff00;\">January 21, 2013<\/span> Julie Ann from Singapore<\/strong><\/p>\n<p><strong><span style=\"color: #ffff00;\">January 19, 2013<\/span> Triana and Rafael from Chile<\/strong><\/p>\n<p><strong><span style=\"color: #ffff00;\">January 17, 2013<\/span> Virginia from Germany (again!)<\/strong><\/p>\n<p><strong><span style=\"color: #ffff00;\">January 4, 2013<\/span> Martina from Germany<\/strong><\/p>\n<p><strong><span style=\"color: #ffff00;\">December 8, 2012<\/span> Deb from Florida, USA<\/strong><\/p>\n<p><strong><span style=\"color: #ffff00;\">December 7, 2012<\/span> Angelika from Chile<\/strong><\/p>\n<p><strong><span style=\"color: #ffff00;\">November 30, 2012<\/span> Virginia from Germany<\/strong><\/p>\n<p><strong><span style=\"color: #ffff00;\">November 25, 2012<\/span> Yusuf G from Russia<\/strong><\/p>\n<p style=\"padding-left: 30px;\"><strong> <em>From Russia with Love :).<\/em><\/strong><\/p>\n<p><strong><span style=\"color: #ffff00;\">November 23, 2012<\/span> Maria F from Brazil<\/strong><\/p>\n<p><strong><span style=\"color: #ffff00;\">November 23, 2012<\/span> Anonymous<\/strong><\/p>\n<p><strong><span style=\"color: #ffff00;\">November 23, 2012<\/span> Rosana K from Brazil<\/strong><\/p>\n<p><strong><span style=\"color: #ffff00;\">November 23, 2012<\/span> Ingrid from Argentina<\/strong><\/p>\n<p style=\"padding-left: 30px;\"><strong> <em>For the land for the Heart of AN.<\/em><\/strong><\/p>\n<p><strong><span style=\"color: #ffff00;\">November 23, 2012<\/span> Marisa R from Brazil<\/strong><\/p>\n<p><strong><span style=\"color: #ffff00;\">November 23, 2012<\/span> Maru from Peru and Ankasha from Mexico<\/strong><\/p>\n<p><strong><span style=\"color: #ffff00;\">November 23, 2012<\/span> Tatiana Z and Anchor Group from Moscow<\/strong><\/p>\n<p><strong><span style=\"color: #ffff00;\">November 20, 2012<\/span> Andrey S from Russia<\/strong><\/p>\n<p><strong><span style=\"color: #ffff00;\">November 20, 2012<\/span> Bruno from Brazil<\/strong><\/p>\n<p style=\"padding-left: 30px;\"><strong> <em>With all my love for this Dream come true, please receive this small donation from the deep of my heart &#8211; Thank you for everything!.<\/em><\/strong><\/p>\n<p><strong><span style=\"color: #ffff00;\">November 12, 2012<\/span> Stefan B from Germany<\/strong><\/p>\n<p style=\"padding-left: 30px;\"><strong> <em>Unconditional donation to the Heart of AN. World of Nostrum *a source of LOVE, pure perfect divine unconditional LOVE &amp; Light.<\/em><\/strong><\/p>\n<p><strong><span style=\"color: #ffff00;\">November 7, 2012<\/span> Emily from Ireland<\/strong><\/p>\n<p><strong><span style=\"color: #ffff00;\">November 1, 2012<\/span> Anonymous from Chile<\/strong><\/p>\n<p><strong><span style=\"color: #ffff00;\"><strong><\/strong>October 8 2012 <span style=\"color: #ffffff;\">Alexander, Anastasia and the Saint-Petersburg Anchor Group.<\/span><\/span><\/strong><\/p>\n<p><strong><span style=\"color: #ffff00;\">October 8 2012 <span style=\"color: #ffffff;\">Eszter W from Austria<\/span><\/p>\n<p><\/span><\/strong><\/p>\n<p><strong><span style=\"color: #ffff00;\">October 1, 2012<span style=\"color: #ffffff;\"> Anonymous from Brazil<\/span><span style=\"color: #000000;\"><\/p>\n<p><\/span><\/span><\/strong><\/p>\n<p><strong><span style=\"color: #ffff00;\">October 1, 2012<\/span> Anonymous<\/strong><\/p>\n<p style=\"padding-left: 30px;\"><strong>( <a title=\"\u00a1Amor, Amor, Amor! (part 1)\" href=\"\/?page_id=1254\">click here<\/a> to see donations from September 2012 and earlier )<\/strong><\/p>\n<p><strong>Gracias a todos por ayudarnos a crear el Coraz\u00f3n de AN&#8230;<\/strong><\/p>","protected":false},"excerpt":{"rendered":"<p>A Nuestro UN SOLO SER EN ACCI\u00d3N Honramos profundamente los regalos de nuestro UN SOLO SER EN ACCI\u00d3N para manifestar el Coraz\u00f3n de AN: January 21, 2013 Julie Ann from Singapore January 19, 2013 Triana and Rafael from Chile January 17, 2013 Virginia from Germany (again!) January 4, 2013 Martina from Germany December 8, 2012 <a class=\"read-more\" href=\"https:\/\/anvisible.com\/es\/wall-of-honor\/\">[ Read More&#8230;. ]<\/a><\/p>\n","protected":false},"author":1,"featured_media":0,"parent":0,"menu_order":0,"comment_status":"closed","ping_status":"closed","template":"","meta":[],"_links":{"self":[{"href":"https:\/\/anvisible.com\/es\/wp-json\/wp\/v2\/pages\/441"}],"collection":[{"href":"https:\/\/anvisible.com\/es\/wp-json\/wp\/v2\/pages"}],"about":[{"href":"https:\/\/anvisible.com\/es\/wp-json\/wp\/v2\/types\/page"}],"author":[{"embeddable":true,"href":"https:\/\/anvisible.com\/es\/wp-json\/wp\/v2\/users\/1"}],"replies":[{"embeddable":true,"href":"https:\/\/anvisible.com\/es\/wp-json\/wp\/v2\/comments?post=441"}],"version-history":[{"count":3,"href":"https:\/\/anvisible.com\/es\/wp-json\/wp\/v2\/pages\/441\/revisions"}],"predecessor-version":[{"id":500,"href":"https:\/\/anvisible.com\/es\/wp-json\/wp\/v2\/pages\/441\/revisions\/500"}],"wp:attachment":[{"href":"https:\/\/anvisible.com\/es\/wp-json\/wp\/v2\/media?parent=441"}],"curies":[{"name":"wp","href":"https:\/\/api.w.org\/{rel}","templated":true}]}}