{"id":442,"date":"2011-12-28T22:15:24","date_gmt":"2011-12-29T03:15:24","guid":{"rendered":"http:\/\/anvisible.com\/donate-2\/"},"modified":"2017-02-05T12:36:58","modified_gmt":"2017-02-05T17:36:58","slug":"donate","status":"publish","type":"page","link":"https:\/\/anvisible.com\/es\/donate\/","title":{"rendered":"Haz una Donaci\u00f3n!"},"content":{"rendered":"<p>Con tu donaci\u00f3n ayudas a alambrar nuestro nuevo terreno para un santuario y para hacer el Coraz\u00f3n de AN muy fuerte y muy radiante.<\/p>\n<p>\u00a1Muchas Gracias!<\/p>\n<p><strong>Como puedes donar con tu tarjeta de cr\u00e9dito o con una cuenta de Paypal &#8230;<\/strong><\/p>\n<p>&nbsp;<\/p>\n<form id=\"donateplusform\" action=\"https:\/\/www.paypal.com\/cgi-bin\/webscr\" method=\"post\"><input type=\"hidden\" id=\"cmd\" name=\"cmd\" value=\"_donations\">\n\t\t\t<p class=\"donate_amount\"><label for=\"amount\">Please choose a donation amount:<\/label><br \/><input type=\"text\" name=\"amount\" id=\"amount\" value=\"\" \/> <small>(Currency: USD)<\/small><\/p>\n<input type=\"hidden\" name=\"a3\" id=\"a3\" value=\"\" \/>\n<p class=\"donate_recur\"><label for=\"recur\">Repeat Donation:<\/label>\n<select name=\"t3\" id=\"t3\"><option value=\"0\">Do not repeat<\/option><option value=\"M\">Monthly<\/option><\/select> x \n<input name=\"p3\" id=\"p3\" value=\"1\" type=\"text\" style=\"width:10px;\" \/>\n<\/p>\n\t\t\t<input type=\"hidden\" id=\"recognize\" name=\"recognize\" value=\"1\" \/>\n\t\t\t<div id=\"wallinfo\">\n\t\t\t<p class=\"show_onwall\" id=\"wallops\"><label for=\"show_onwall\">Show on Wall:<\/label><br \/><select name=\"item_number\">\n\t\t\t\t<option value=\"1:0\">My Name, Country and Comment<\/option>\n\t\t\t\t<option value=\"2:0\">Show me as Anonymous with my Country and Comment<\/option>\n\t\t\t<\/select><\/p>\n\t\t\t<div class=\"emanaku-donationform-left\">\n\t\t\t<p class=\"donor_name\"><label for=\"donor_name\">Name:<\/label><br \/><input type=\"text\" name=\"on0\" id=\"donor_name\" \/><\/p>\n\t\t\t<p class=\"donor_email\"><label for=\"donor_email\">Email:<\/label><br \/><input type=\"text\" name=\"os0\" id=\"donor_email\" \/><br \/><span id=\"charinfo\">Your email address will NOT be published.<\/span><\/p>\n\t\t\t<p class=\"donor_url\"><label for=\"donor_url\">Your Country:<\/label><br \/><input type=\"text\" name=\"on1\" id=\"donor_url\" \/><\/p>\n\t\t\t<\/div>\n\t\t\t<p  class=\"donor_comment\"><label for=\"donor_comment\">Comments:<\/label><br \/><textarea name=\"os1\" id=\"donor_comment\" rows=\"4\" cols=\"45\" style=\"width:90%\"><\/textarea><br \/><span id=\"charinfo\">Write your comment within 199 characters.<\/span> <\/p>\n\t\t\t<\/div><div class=\"clearright\"><\/div>\n<input type=\"hidden\" name=\"notify_url\" value=\"https:\/\/anvisible.com\/wp-content\/plugins\/donate-plus\/paypal.php\">\n<input type=\"hidden\" name=\"item_name\" value=\"A Gift to The Heart of AN\">\n<input type=\"hidden\" name=\"business\" value=\"&#x73;&#x6f;&#x6c;&#x61;&#x72;&#x61;&#x40;&#x6e;&#x76;&#x69;&#x73;&#x69;&#x62;&#x6c;&#x65;&#x2e;&#x63;&#x6f;&#x6d;\">\n<input type=\"hidden\" name=\"lc\" value=\"US\">\n<input type=\"hidden\" name=\"no_note\" value=\"1\">\n<input type=\"hidden\" name=\"no_shipping\" value=\"1\">\n<input type=\"hidden\" name=\"rm\" value=\"1\">\n<input type=\"hidden\" name=\"return\" value=\"https:\/\/anvisible.com\/dummy-page-for-donation-wall-do-not-remove-or-translate\/?thankyou=true\">\n<input type=\"hidden\" name=\"currency_code\" value=\"USD\">\n<input type=\"hidden\" name=\"bn\" value=\"PP-DonationsBF:btn_donateCC_LG.gif:NonHosted\">\n<p class=\"submit\"><input type=\"image\" src=\"https:\/\/www.paypal.com\/en_US\/i\/btn\/btn_donateCC_LG.gif\" border=\"0\" name=\"submit\" alt=\"\">\n<img alt=\"\" border=\"0\" src=\"https:\/\/www.paypal.com\/en_US\/i\/scr\/pixel.gif\" width=\"1\" height=\"1\"><br \/><span id=\"charinfo\">This leads you to the paypal website where you can pay with credit cards or with a paypal account<\/span><\/p>\n\n<\/form>\n<p style=\"text-align: center;\"><span style=\"font-size: medium;\"><strong>M\u00c9TODOS DE DONACI\u00d3N ALTERNATIVOS:<\/strong><\/span><\/p>\n<p><strong>Transferencias Bancarias:<\/strong><\/p>\n<p><strong>Nos puedes enviar una transferencia bancaria a nuestras cuentas en USA o Per\u00fa.<\/strong><\/p>\n<p><strong>Por favor env\u00edanos un email a &#x73;&#x6f;&#x6c;&#x61;&#x72;&#x61;&#x40;<span class=\"oe_displaynone\">null<\/span>&#x6e;&#x76;&#x69;&#x73;&#x69;&#x62;&#x6c;&#x65;&#x2e;&#x63;&#x6f;&#x6d; para la informaci\u00f3n de nuestros bancos.<\/strong><\/p>\n<p><strong>Cheques:<\/strong><\/p>\n<p><strong>O puedes enviar un cheque escrito en un banco de EE.UU. en en fondos de EE.UU. a:<\/strong><\/p>\n<p><strong>Sara Draim<\/strong><\/p>\n<p><strong>PO Box 611<\/strong><\/p>\n<p><strong>Taos, NM 87571 USA<\/strong><\/p>","protected":false},"excerpt":{"rendered":"<p>Con tu donaci\u00f3n ayudas a comprar terreno para un santuario y para hacer el Coraz\u00f3n de AN muy fuerte y muy radiante.<br \/>\n\u00a1Muchas Gracias!<\/p>\n","protected":false},"author":4,"featured_media":0,"parent":0,"menu_order":0,"comment_status":"closed","ping_status":"closed","template":"","meta":[],"_links":{"self":[{"href":"https:\/\/anvisible.com\/es\/wp-json\/wp\/v2\/pages\/442"}],"collection":[{"href":"https:\/\/anvisible.com\/es\/wp-json\/wp\/v2\/pages"}],"about":[{"href":"https:\/\/anvisible.com\/es\/wp-json\/wp\/v2\/types\/page"}],"author":[{"embeddable":true,"href":"https:\/\/anvisible.com\/es\/wp-json\/wp\/v2\/users\/4"}],"replies":[{"embeddable":true,"href":"https:\/\/anvisible.com\/es\/wp-json\/wp\/v2\/comments?post=442"}],"version-history":[{"count":8,"href":"https:\/\/anvisible.com\/es\/wp-json\/wp\/v2\/pages\/442\/revisions"}],"predecessor-version":[{"id":12422,"href":"https:\/\/anvisible.com\/es\/wp-json\/wp\/v2\/pages\/442\/revisions\/12422"}],"wp:attachment":[{"href":"https:\/\/anvisible.com\/es\/wp-json\/wp\/v2\/media?parent=442"}],"curies":[{"name":"wp","href":"https:\/\/api.w.org\/{rel}","templated":true}]}}