{"id":4813,"date":"2019-01-11T11:11:00","date_gmt":"2019-01-11T16:11:00","guid":{"rendered":"http:\/\/anvisible.com\/accommodation\/"},"modified":"2015-08-01T10:12:55","modified_gmt":"2015-08-01T15:12:55","slug":"accommodation","status":"publish","type":"page","link":"https:\/\/anvisible.com\/es\/accommodation\/","title":{"rendered":"Alojamiento"},"content":{"rendered":"<p style=\"text-align: center;\"><span style=\"font-size: x-large;\"><strong><span style=\"font-size: large;\">Dormir en El Coraz\u00f3n de AN es una increible experiencia.<\/p>\n<p>Cuando tu estas hospedado en el terreno , tu puedes sentir la verdadera magia de la exquisita energ\u00eda de AN.<\/span><\/strong><\/span><\/p>\n<p style=\"text-align: center;\"><span style=\"font-size: x-large;\"><strong><span style=\"font-size: large;\"><\/p>\n<p><\/span><\/strong><\/span><\/p>\n<p style=\"text-align: center;\"><span style=\"font-size: x-large;\"><strong>AN\u2022WASI<\/strong><\/span><\/p>\n<p style=\"text-align: center;\"><img decoding=\"async\" loading=\"lazy\" class=\"aligncenter size-medium wp-image-4668\" src=\"http:\/\/anvisible.com\/files\/2015\/07\/2015-03-24-1007-400x300.jpg\" alt=\"2015-03-24-1007\" width=\"400\" height=\"300\" srcset=\"https:\/\/anvisible.com\/wp-content\/blogs.dir\/1\/files\/2015\/07\/2015-03-24-1007-400x300.jpg 400w, https:\/\/anvisible.com\/wp-content\/blogs.dir\/1\/files\/2015\/07\/2015-03-24-1007-200x150.jpg 200w, https:\/\/anvisible.com\/wp-content\/blogs.dir\/1\/files\/2015\/07\/2015-03-24-1007-600x450.jpg 600w, https:\/\/anvisible.com\/wp-content\/blogs.dir\/1\/files\/2015\/07\/2015-03-24-1007.jpg 1600w\" sizes=\"(max-width: 400px) 100vw, 400px\" \/><\/p>\n<p style=\"text-align: center;\"><span style=\"font-size: medium;\"><strong>AN\u2022Wasi Es nuestra casa especial de invitados en el Coraz\u00f3n de AN.<\/strong><\/span><\/p>\n<p style=\"text-align: center;\"><strong>Est\u00e1 disponible por la noche o para estancias m\u00e1s largas.<\/p>\n<p>Ofertas especiales estar\u00e1n disponibles en el futuro<\/p>\n<p>las cuales incluyen diversas actividades en el Coraz\u00f3n de AN<\/p>\n<p>y en el Valle Sagrado<\/strong><\/p>\n<p style=\"text-align: center;\"><strong>La Sala de AN\u2022Wasi<\/strong><\/p>\n<p style=\"text-align: center;\"><strong><\/strong><img decoding=\"async\" loading=\"lazy\" class=\"aligncenter size-medium wp-image-4676\" src=\"http:\/\/anvisible.com\/files\/2015\/07\/2015-07-24-AN-Wasi-1005-399x300.jpg\" alt=\"2015-07-24-AN-Wasi-1005\" width=\"399\" height=\"300\" srcset=\"https:\/\/anvisible.com\/wp-content\/blogs.dir\/1\/files\/2015\/07\/2015-07-24-AN-Wasi-1005-399x300.jpg 399w, https:\/\/anvisible.com\/wp-content\/blogs.dir\/1\/files\/2015\/07\/2015-07-24-AN-Wasi-1005-199x150.jpg 199w, https:\/\/anvisible.com\/wp-content\/blogs.dir\/1\/files\/2015\/07\/2015-07-24-AN-Wasi-1005-599x450.jpg 599w, https:\/\/anvisible.com\/wp-content\/blogs.dir\/1\/files\/2015\/07\/2015-07-24-AN-Wasi-1005-400x300.jpg 400w\" sizes=\"(max-width: 399px) 100vw, 399px\" \/><\/p>\n<p style=\"text-align: center;\">\u2022<\/p>\n<p style=\"text-align: center;\"><strong><img decoding=\"async\" loading=\"lazy\" class=\"aligncenter size-medium wp-image-4670\" src=\"http:\/\/anvisible.com\/files\/2015\/07\/2015-07-24-AN-Wasi-1006-399x300.jpg\" alt=\"2015-07-24-AN-Wasi-1006\" width=\"399\" height=\"300\" srcset=\"https:\/\/anvisible.com\/wp-content\/blogs.dir\/1\/files\/2015\/07\/2015-07-24-AN-Wasi-1006-399x300.jpg 399w, https:\/\/anvisible.com\/wp-content\/blogs.dir\/1\/files\/2015\/07\/2015-07-24-AN-Wasi-1006-199x150.jpg 199w, https:\/\/anvisible.com\/wp-content\/blogs.dir\/1\/files\/2015\/07\/2015-07-24-AN-Wasi-1006-599x450.jpg 599w, https:\/\/anvisible.com\/wp-content\/blogs.dir\/1\/files\/2015\/07\/2015-07-24-AN-Wasi-1006-400x300.jpg 400w\" sizes=\"(max-width: 399px) 100vw, 399px\" \/><\/strong><\/p>\n<p style=\"text-align: center;\"><strong>El dormitorio de la planta superior en la Torre de AN \u2022 Wasi.<\/strong><\/p>\n<p style=\"text-align: center;\"><strong><\/strong><img decoding=\"async\" loading=\"lazy\" class=\"aligncenter size-medium wp-image-4669\" src=\"http:\/\/anvisible.com\/files\/2015\/07\/2015-07-24-AN-Wasi-1002-399x300.jpg\" alt=\"2015-07-24-AN-Wasi-1002\" width=\"399\" height=\"300\" srcset=\"https:\/\/anvisible.com\/wp-content\/blogs.dir\/1\/files\/2015\/07\/2015-07-24-AN-Wasi-1002-399x300.jpg 399w, https:\/\/anvisible.com\/wp-content\/blogs.dir\/1\/files\/2015\/07\/2015-07-24-AN-Wasi-1002-199x150.jpg 199w, https:\/\/anvisible.com\/wp-content\/blogs.dir\/1\/files\/2015\/07\/2015-07-24-AN-Wasi-1002-599x450.jpg 599w, https:\/\/anvisible.com\/wp-content\/blogs.dir\/1\/files\/2015\/07\/2015-07-24-AN-Wasi-1002-400x300.jpg 400w\" sizes=\"(max-width: 399px) 100vw, 399px\" \/><\/p>\n<p style=\"text-align: center;\">\u2022<\/p>\n<p style=\"text-align: center;\"><img decoding=\"async\" loading=\"lazy\" class=\"aligncenter size-medium wp-image-4684\" src=\"http:\/\/anvisible.com\/files\/2015\/07\/2015-03-22-1007-400x300.jpg\" alt=\"2015-03-22-1007\" width=\"400\" height=\"300\" srcset=\"https:\/\/anvisible.com\/wp-content\/blogs.dir\/1\/files\/2015\/07\/2015-03-22-1007-400x300.jpg 400w, https:\/\/anvisible.com\/wp-content\/blogs.dir\/1\/files\/2015\/07\/2015-03-22-1007-200x150.jpg 200w, https:\/\/anvisible.com\/wp-content\/blogs.dir\/1\/files\/2015\/07\/2015-03-22-1007-600x450.jpg 600w, https:\/\/anvisible.com\/wp-content\/blogs.dir\/1\/files\/2015\/07\/2015-03-22-1007.jpg 1600w\" sizes=\"(max-width: 400px) 100vw, 400px\" \/><\/p>\n<p style=\"text-align: center;\">\u2022<\/p>\n<p style=\"text-align: center;\"><img decoding=\"async\" loading=\"lazy\" class=\"aligncenter size-medium wp-image-4683\" src=\"http:\/\/anvisible.com\/files\/2015\/07\/2015-07-24-AN-Wasi-1003-400x300.jpg\" alt=\"2015-07-24-AN-Wasi-1003\" width=\"400\" height=\"300\" srcset=\"https:\/\/anvisible.com\/wp-content\/blogs.dir\/1\/files\/2015\/07\/2015-07-24-AN-Wasi-1003-400x300.jpg 400w, https:\/\/anvisible.com\/wp-content\/blogs.dir\/1\/files\/2015\/07\/2015-07-24-AN-Wasi-1003-200x150.jpg 200w, https:\/\/anvisible.com\/wp-content\/blogs.dir\/1\/files\/2015\/07\/2015-07-24-AN-Wasi-1003-600x450.jpg 600w\" sizes=\"(max-width: 400px) 100vw, 400px\" \/><\/p>\n<p style=\"text-align: center;\"><strong>Cocina creativa de AN\u2022Wasi!<\/p>\n<p>La cocina est\u00e1 totalmente equipada con una estufa, nevera peque\u00f1a,<\/p>\n<p>ollas y sartenes y platos muy bonitos.<\/p>\n<p>Hay tambi\u00e9n Agua potable filtrada desde un glaciar cercano.<\/p>\n<p><\/strong><\/p>\n<p style=\"text-align: center;\"><strong><\/strong><img decoding=\"async\" loading=\"lazy\" class=\"aligncenter size-medium wp-image-4673\" src=\"http:\/\/anvisible.com\/files\/2015\/07\/2015-07-24-AN-Wasi-1009-400x300.jpg\" alt=\"2015-07-24-AN-Wasi-1009\" width=\"400\" height=\"300\" srcset=\"https:\/\/anvisible.com\/wp-content\/blogs.dir\/1\/files\/2015\/07\/2015-07-24-AN-Wasi-1009-400x300.jpg 400w, https:\/\/anvisible.com\/wp-content\/blogs.dir\/1\/files\/2015\/07\/2015-07-24-AN-Wasi-1009-200x150.jpg 200w, https:\/\/anvisible.com\/wp-content\/blogs.dir\/1\/files\/2015\/07\/2015-07-24-AN-Wasi-1009-600x450.jpg 600w\" sizes=\"(max-width: 400px) 100vw, 400px\" \/><\/p>\n<p style=\"text-align: center;\">\u2022<\/p>\n<p style=\"text-align: center;\"><img decoding=\"async\" loading=\"lazy\" class=\"aligncenter size-medium wp-image-4672\" src=\"http:\/\/anvisible.com\/files\/2015\/07\/2015-07-24-AN-Wasi-1008-400x300.jpg\" alt=\"2015-07-24-AN-Wasi-1008\" width=\"400\" height=\"300\" srcset=\"https:\/\/anvisible.com\/wp-content\/blogs.dir\/1\/files\/2015\/07\/2015-07-24-AN-Wasi-1008-400x299.jpg 400w, https:\/\/anvisible.com\/wp-content\/blogs.dir\/1\/files\/2015\/07\/2015-07-24-AN-Wasi-1008-200x150.jpg 200w, https:\/\/anvisible.com\/wp-content\/blogs.dir\/1\/files\/2015\/07\/2015-07-24-AN-Wasi-1008-600x450.jpg 600w\" sizes=\"(max-width: 400px) 100vw, 400px\" \/><\/p>\n<p style=\"text-align: center;\">\u2022<\/p>\n<p style=\"text-align: center;\"><img decoding=\"async\" loading=\"lazy\" class=\"aligncenter size-medium wp-image-4671\" src=\"http:\/\/anvisible.com\/files\/2015\/07\/2015-07-24-AN-Wasi-1007-400x300.jpg\" alt=\"2015-07-24-AN-Wasi-1007\" width=\"400\" height=\"300\" srcset=\"https:\/\/anvisible.com\/wp-content\/blogs.dir\/1\/files\/2015\/07\/2015-07-24-AN-Wasi-1007-400x300.jpg 400w, https:\/\/anvisible.com\/wp-content\/blogs.dir\/1\/files\/2015\/07\/2015-07-24-AN-Wasi-1007-200x150.jpg 200w, https:\/\/anvisible.com\/wp-content\/blogs.dir\/1\/files\/2015\/07\/2015-07-24-AN-Wasi-1007-600x450.jpg 600w\" sizes=\"(max-width: 400px) 100vw, 400px\" \/><\/p>\n<p style=\"text-align: center;\">\u2022<\/p>\n<p style=\"text-align: center;\"><img decoding=\"async\" loading=\"lazy\" class=\"aligncenter size-medium wp-image-4675\" src=\"http:\/\/anvisible.com\/files\/2015\/07\/2015-07-24-AN-Wasi-1011-400x300.jpg\" alt=\"2015-07-24-AN-Wasi-1011\" width=\"400\" height=\"300\" srcset=\"https:\/\/anvisible.com\/wp-content\/blogs.dir\/1\/files\/2015\/07\/2015-07-24-AN-Wasi-1011-400x300.jpg 400w, https:\/\/anvisible.com\/wp-content\/blogs.dir\/1\/files\/2015\/07\/2015-07-24-AN-Wasi-1011-200x150.jpg 200w, https:\/\/anvisible.com\/wp-content\/blogs.dir\/1\/files\/2015\/07\/2015-07-24-AN-Wasi-1011-600x450.jpg 600w\" sizes=\"(max-width: 400px) 100vw, 400px\" \/><\/p>\n<p style=\"text-align: center;\"><strong>El Ba\u00f1o de AN\u2022Wasi<\/strong><\/p>\n<p style=\"text-align: center;\"><img decoding=\"async\" loading=\"lazy\" class=\"aligncenter size-medium wp-image-4674\" src=\"http:\/\/anvisible.com\/files\/2015\/07\/2015-07-24-AN-Wasi-1010-400x300.jpg\" alt=\"2015-07-24-AN-Wasi-1010\" width=\"400\" height=\"300\" srcset=\"https:\/\/anvisible.com\/wp-content\/blogs.dir\/1\/files\/2015\/07\/2015-07-24-AN-Wasi-1010-400x300.jpg 400w, https:\/\/anvisible.com\/wp-content\/blogs.dir\/1\/files\/2015\/07\/2015-07-24-AN-Wasi-1010-200x150.jpg 200w, https:\/\/anvisible.com\/wp-content\/blogs.dir\/1\/files\/2015\/07\/2015-07-24-AN-Wasi-1010-600x450.jpg 600w\" sizes=\"(max-width: 400px) 100vw, 400px\" \/><\/p>\n<p style=\"text-align: center;\"><strong>Area de Estar al aire libre de AN\u2022Wasi<\/strong><\/p>\n<p style=\"text-align: center;\"><strong><\/strong><img decoding=\"async\" loading=\"lazy\" class=\"aligncenter size-medium wp-image-4677\" src=\"http:\/\/anvisible.com\/files\/2015\/07\/2015-07-24-AN-Wasi-1013-400x300.jpg\" alt=\"2015-07-24-AN-Wasi-1013\" width=\"400\" height=\"300\" srcset=\"https:\/\/anvisible.com\/wp-content\/blogs.dir\/1\/files\/2015\/07\/2015-07-24-AN-Wasi-1013-400x300.jpg 400w, https:\/\/anvisible.com\/wp-content\/blogs.dir\/1\/files\/2015\/07\/2015-07-24-AN-Wasi-1013-200x150.jpg 200w, https:\/\/anvisible.com\/wp-content\/blogs.dir\/1\/files\/2015\/07\/2015-07-24-AN-Wasi-1013-600x450.jpg 600w, https:\/\/anvisible.com\/wp-content\/blogs.dir\/1\/files\/2015\/07\/2015-07-24-AN-Wasi-1013.jpg 1000w\" sizes=\"(max-width: 400px) 100vw, 400px\" \/><\/p>\n<p style=\"text-align: center;\"><span style=\"font-size: large;\"><strong>TARIFAS<\/strong><\/span><\/p>\n<p style=\"text-align: center;\"><strong>Costo por noche es de $122. D\u00f3lares  por una o dos personas<\/strong><\/p>\n<p style=\"text-align: center;\"><strong>Alimentos para un sencillo desayuno est\u00e1 incluido<\/p>\n<p>Paquetes pronto estar\u00e1n disponibles que incluyen actividades especiales<\/p>\n<p>Los descuentos est\u00e1n disponibles para estancias m\u00e1s largas<\/p>\n<p>y para aquellos que participan en clases maestras especiales en el Coraz\u00f3n de AN<\/p>\n<p>Transporte al Coraz\u00f3n de AN se puede arreglar por un cargo adicional.<\/p>\n<p>Por favor env\u00edenos un email a &#x73;&#x6f;&#x6c;&#x61;&#x72;&#x61;&#x40;<span class=\"oe_displaynone\">null<\/span>&#x6e;&#x76;&#x69;&#x73;&#x69;&#x62;&#x6c;&#x65;&#x2e;&#x63;&#x6f;&#x6d; por disponibilidad.<\/strong><\/p>\n<p style=\"text-align: center;\">","protected":false},"excerpt":{"rendered":"<p>Dormir en El Coraz\u00f3n de AN es una increible experiencia. Cuando tu estas hospedado en el terreno , tu puedes sentir la verdadera magia de la exquisita energ\u00eda de AN. AN\u2022WASI AN\u2022Wasi Es nuestra casa especial de invitados en el Coraz\u00f3n de AN. Est\u00e1 disponible por la noche o para estancias m\u00e1s largas. Ofertas especiales <a class=\"read-more\" href=\"https:\/\/anvisible.com\/es\/accommodation\/\">[ Read More&#8230;. ]<\/a><\/p>\n","protected":false},"author":4,"featured_media":0,"parent":0,"menu_order":0,"comment_status":"open","ping_status":"closed","template":"","meta":[],"_links":{"self":[{"href":"https:\/\/anvisible.com\/es\/wp-json\/wp\/v2\/pages\/4813"}],"collection":[{"href":"https:\/\/anvisible.com\/es\/wp-json\/wp\/v2\/pages"}],"about":[{"href":"https:\/\/anvisible.com\/es\/wp-json\/wp\/v2\/types\/page"}],"author":[{"embeddable":true,"href":"https:\/\/anvisible.com\/es\/wp-json\/wp\/v2\/users\/4"}],"replies":[{"embeddable":true,"href":"https:\/\/anvisible.com\/es\/wp-json\/wp\/v2\/comments?post=4813"}],"version-history":[{"count":3,"href":"https:\/\/anvisible.com\/es\/wp-json\/wp\/v2\/pages\/4813\/revisions"}],"predecessor-version":[{"id":4827,"href":"https:\/\/anvisible.com\/es\/wp-json\/wp\/v2\/pages\/4813\/revisions\/4827"}],"wp:attachment":[{"href":"https:\/\/anvisible.com\/es\/wp-json\/wp\/v2\/media?parent=4813"}],"curies":[{"name":"wp","href":"https:\/\/api.w.org\/{rel}","templated":true}]}}