{"id":4830,"date":"2019-01-11T11:11:07","date_gmt":"2019-01-11T16:11:07","guid":{"rendered":"http:\/\/anvisible.com\/visiting-the-heart-of-an\/"},"modified":"2015-08-05T20:45:28","modified_gmt":"2015-08-06T01:45:28","slug":"visitas","status":"publish","type":"page","link":"https:\/\/anvisible.com\/es\/visitas\/","title":{"rendered":"Visitas al Coraz\u00f3n de AN"},"content":{"rendered":"<p style=\"text-align: center;\"><img decoding=\"async\" loading=\"lazy\" class=\"aligncenter size-medium wp-image-4771\" src=\"http:\/\/anvisible.com\/files\/2015\/07\/2015-06-30-FromUrsulai-1014-450x98.jpg\" alt=\"2015-06-30-FromUrsulai-1014\" width=\"450\" height=\"98\" srcset=\"https:\/\/anvisible.com\/wp-content\/blogs.dir\/1\/files\/2015\/07\/2015-06-30-FromUrsulai-1014-450x98.jpg 450w, https:\/\/anvisible.com\/wp-content\/blogs.dir\/1\/files\/2015\/07\/2015-06-30-FromUrsulai-1014-210x46.jpg 210w, https:\/\/anvisible.com\/wp-content\/blogs.dir\/1\/files\/2015\/07\/2015-06-30-FromUrsulai-1014-768x168.jpg 768w, https:\/\/anvisible.com\/wp-content\/blogs.dir\/1\/files\/2015\/07\/2015-06-30-FromUrsulai-1014-400x87.jpg 400w, https:\/\/anvisible.com\/wp-content\/blogs.dir\/1\/files\/2015\/07\/2015-06-30-FromUrsulai-1014.jpg 1600w\" sizes=\"(max-width: 450px) 100vw, 450px\" \/><\/p>\n<p style=\"text-align: center;\"><span style=\"font-size: large;\"><strong>\u00a0VISITAS INDIVIDUALES<\/strong><\/span><\/p>\n<p style=\"padding-left: 30px; text-align: center;\"><strong>Los visitantes a \u201cEl Coraz\u00f3n de AN\u201d son Bienvenidos! <\/strong><\/p>\n<p style=\"padding-left: 30px; text-align: justify;\"><strong>Hemos descubierto que la participaci\u00f3n en actividades mientras est\u00e1s aqu\u00ed son mucho m\u00e1s efectivas para la experimentaci\u00f3n de las energ\u00edas de AN que tan solo caminar alrededor del terreno por algunos minutos. Lecturas individuales o grupales de las cartas de AN o una visita a la AN-Chakana tambi\u00e9n est\u00e1n disponibles bajo una donaci\u00f3n.<\/strong><\/p>\n<p style=\"padding-left: 30px; text-align: justify;\"><strong>Puedes organizar una visita provada al Coraz\u00f3n de AN contact\u00e1ndonos antes de venir. Algunas veces podemos estar en medio de una actividad en la que estemos muy ocupados para entretener a los visitantes, por lo que es de mucha ayuda que nos contactes en avanzada para tu visita y no quedes decepcionado de que no estemos disponibles.<\/strong><\/p>\n<p style=\"padding-left: 30px; text-align: center;\"><img decoding=\"async\" loading=\"lazy\" class=\"aligncenter size-medium wp-image-4661\" src=\"http:\/\/anvisible.com\/files\/2015\/07\/2015-06-30a-1016-450x298.jpg\" alt=\"In the afternoon we returned to the AN\u00e2\u0080\u00a2Chakana.\" width=\"450\" height=\"298\" srcset=\"https:\/\/anvisible.com\/wp-content\/blogs.dir\/1\/files\/2015\/07\/2015-06-30a-1016-450x298.jpg 450w, https:\/\/anvisible.com\/wp-content\/blogs.dir\/1\/files\/2015\/07\/2015-06-30a-1016-210x139.jpg 210w, https:\/\/anvisible.com\/wp-content\/blogs.dir\/1\/files\/2015\/07\/2015-06-30a-1016-679x450.jpg 679w, https:\/\/anvisible.com\/wp-content\/blogs.dir\/1\/files\/2015\/07\/2015-06-30a-1016-400x265.jpg 400w, https:\/\/anvisible.com\/wp-content\/blogs.dir\/1\/files\/2015\/07\/2015-06-30a-1016.jpg 1600w\" sizes=\"(max-width: 450px) 100vw, 450px\" \/><\/p>\n<p style=\"padding-left: 30px; text-align: center;\"><strong><\/strong><span style=\"font-size: large;\"><strong>EVENTOS GRUPALES<\/strong><\/span><\/p>\n<p style=\"padding-left: 30px; text-align: center;\"><strong>Experiencias \u00fanicas creadas especialmente para tu grupo del Coraz\u00f3n de AN o Clases maestras.<\/strong><\/p>\n<p style=\"text-align: center;\"><strong>Algunos de nuestros talleres y eventos disponibles incluyen:<\/strong><\/p>\n<p style=\"text-align: center;\">\u2022 \u2022 \u2022 \u2022<\/p>\n<p style=\"text-align: center;\"><strong>\u2022 <\/strong><strong><\/strong>Pl\u00e1tica sobre el Coraz\u00f3n de AN con una taza de t\u00e9<\/p>\n<p><em>Una Hora<\/em><\/p>\n<p style=\"padding-left: 30px; text-align: center;\"><strong>\u2022 Lecturas en Grupo de las cartas de AN<\/p>\n<p>Con Solara y Emanaku hasta 8 personas<\/p>\n<p><em>Dos horas con Coffe Brake.<\/em><\/p>\n<p><\/strong><\/p>\n<p style=\"padding-left: 30px; text-align: center;\"><strong>\u2022 Clase Maestra de Lectores de Cartas<\/p>\n<p>Requiere al menos 8 personas <em>por 6 d\u00edas<\/em>.<\/strong><\/p>\n<p style=\"padding-left: 30px; text-align: center;\"><strong>\u2022 Mapas Mandala del aqu\u00ed y ahora<\/p>\n<p><em>Un d\u00eda<\/em> de sesi\u00f3n creando mandalas &#8211; nuestros mapas personales del aqu\u00ed y ahora.<\/strong><\/p>\n<p style=\"padding-left: 30px; text-align: center;\"><strong>\u2022 Mudras del 11:11<\/p>\n<p><em>Sesi\u00f3n de una hora<\/em>.<\/strong><\/p>\n<p style=\"padding-left: 30px; text-align: center;\"><strong>\u2022 \u2022 \u2022 \u2022<\/p>\n<p><\/strong><\/p>\n<p style=\"padding-left: 30px; text-align: center;\"><strong>Si tu quisieras arreglar una cita especial para tu grupo, verifica disponibilidad y precios,<\/p>\n<p>porfavor cont\u00e1ctanos en &#x73;&#x6f;&#x6c;&#x61;&#x72;&#x61;&#x40;<span class=\"oe_displaynone\">null<\/span>&#x6e;&#x76;&#x69;&#x73;&#x69;&#x62;&#x6c;&#x65;&#x2e;&#x63;&#x6f;&#x6d;<\/strong><\/p>\n<p style=\"padding-left: 30px; text-align: center;\"><img decoding=\"async\" loading=\"lazy\" class=\"aligncenter size-medium wp-image-4662\" src=\"http:\/\/anvisible.com\/files\/2015\/07\/2015-06-30-Ankasha-2141-450x300.jpg\" alt=\"The beautiful AN\u00e2\u0080\u00a2Chakana.\" width=\"450\" height=\"300\" srcset=\"https:\/\/anvisible.com\/wp-content\/blogs.dir\/1\/files\/2015\/07\/2015-06-30-Ankasha-2141-450x300.jpg 450w, https:\/\/anvisible.com\/wp-content\/blogs.dir\/1\/files\/2015\/07\/2015-06-30-Ankasha-2141-210x140.jpg 210w, https:\/\/anvisible.com\/wp-content\/blogs.dir\/1\/files\/2015\/07\/2015-06-30-Ankasha-2141-674x450.jpg 674w, https:\/\/anvisible.com\/wp-content\/blogs.dir\/1\/files\/2015\/07\/2015-06-30-Ankasha-2141-400x266.jpg 400w, https:\/\/anvisible.com\/wp-content\/blogs.dir\/1\/files\/2015\/07\/2015-06-30-Ankasha-2141.jpg 1600w\" sizes=\"(max-width: 450px) 100vw, 450px\" \/><\/p>\n<h3 style=\"text-align: center;\"><span style=\"font-size: large;\"><strong>BODAS DEL CORAZ\u00d3N DE AN<\/strong><\/span><\/h3>\n<p style=\"text-align: center;\"><strong>M\u00e1s adelante este a\u00f1o, !seremos capaces de acoger Bodas del Coraz\u00f3n de AN!<\/p>\n<p>Esto suceder\u00e1 alrededor de la AN Chakana con la monta\u00f1a sagrada, Apu Sawasiray,<\/p>\n<p>(Que significa, \u201cHilvanar en matrimonio\u201d) como tu testigo.<\/p>\n<p>Podemos tambi\u00e9n organizar la fiesta para tu boda<\/p>\n<p>dentro del lugar o en un hotel cercano.<\/strong><\/p>\n<p><img decoding=\"async\" loading=\"lazy\" class=\"aligncenter size-medium wp-image-4775\" src=\"http:\/\/anvisible.com\/files\/2015\/07\/2015-06-26-1005-400x300.jpg\" alt=\"2015-06-26-1005\" width=\"400\" height=\"300\" srcset=\"https:\/\/anvisible.com\/wp-content\/blogs.dir\/1\/files\/2015\/07\/2015-06-26-1005-400x300.jpg 400w, https:\/\/anvisible.com\/wp-content\/blogs.dir\/1\/files\/2015\/07\/2015-06-26-1005-200x150.jpg 200w, https:\/\/anvisible.com\/wp-content\/blogs.dir\/1\/files\/2015\/07\/2015-06-26-1005-600x450.jpg 600w, https:\/\/anvisible.com\/wp-content\/blogs.dir\/1\/files\/2015\/07\/2015-06-26-1005.jpg 1600w\" sizes=\"(max-width: 400px) 100vw, 400px\" \/><\/p>\n<p style=\"text-align: center;\"><span style=\"font-size: large;\"><strong>VOLUNTARIADO EN EL CORAZ\u00d3N DE AN<\/strong><\/span><\/p>\n<p style=\"text-align: center;\"><strong>Por el momento, no estamos abiertos para volunatiado. \u00danicamente contamos con una porci\u00f3n de tierra peque\u00f1a y not tenemos las instalaciones apra hospedar o alimentar voluntarios.<\/strong><\/p>\n<p style=\"text-align: center;\"><strong>A\u00fan as\u00ed, hay momentos en que realmente necesitamos ayuda urgente con algunos proyectos, c\u00f3mo organizar los mazos de cartas de \u201cLas cartas de AN\u201d en estos momentos son realmente bienvenidos con ayudo por uno o dos d\u00edas.<\/strong><\/p>","protected":false},"excerpt":{"rendered":"<p>\u00a0VISITAS INDIVIDUALES Los visitantes a \u201cEl Coraz\u00f3n de AN\u201d son Bienvenidos! Hemos descubierto que la participaci\u00f3n en actividades mientras est\u00e1s aqu\u00ed son mucho m\u00e1s efectivas para la experimentaci\u00f3n de las energ\u00edas de AN que tan solo caminar alrededor del terreno por algunos minutos. Lecturas individuales o grupales de las cartas de AN o una visita <a class=\"read-more\" href=\"https:\/\/anvisible.com\/es\/visitas\/\">[ Read More&#8230;. ]<\/a><\/p>\n","protected":false},"author":1,"featured_media":0,"parent":0,"menu_order":0,"comment_status":"open","ping_status":"closed","template":"","meta":[],"_links":{"self":[{"href":"https:\/\/anvisible.com\/es\/wp-json\/wp\/v2\/pages\/4830"}],"collection":[{"href":"https:\/\/anvisible.com\/es\/wp-json\/wp\/v2\/pages"}],"about":[{"href":"https:\/\/anvisible.com\/es\/wp-json\/wp\/v2\/types\/page"}],"author":[{"embeddable":true,"href":"https:\/\/anvisible.com\/es\/wp-json\/wp\/v2\/users\/1"}],"replies":[{"embeddable":true,"href":"https:\/\/anvisible.com\/es\/wp-json\/wp\/v2\/comments?post=4830"}],"version-history":[{"count":3,"href":"https:\/\/anvisible.com\/es\/wp-json\/wp\/v2\/pages\/4830\/revisions"}],"predecessor-version":[{"id":4842,"href":"https:\/\/anvisible.com\/es\/wp-json\/wp\/v2\/pages\/4830\/revisions\/4842"}],"wp:attachment":[{"href":"https:\/\/anvisible.com\/es\/wp-json\/wp\/v2\/media?parent=4830"}],"curies":[{"name":"wp","href":"https:\/\/api.w.org\/{rel}","templated":true}]}}