{"id":6586,"date":"2019-01-28T11:11:14","date_gmt":"2019-01-28T16:11:14","guid":{"rendered":"http:\/\/anvisible.com\/es\/events\/"},"modified":"2018-01-23T11:03:01","modified_gmt":"2018-01-23T16:03:01","slug":"events","status":"publish","type":"page","link":"https:\/\/anvisible.com\/es\/events\/","title":{"rendered":"Eventos Especiales Mayo 2018"},"content":{"rendered":"<p>&nbsp;<\/p>\n<p style=\"text-align: center;\"><span style=\"font-family: tahoma,arial,helvetica,sans-serif; font-size: 24px;\"><strong>\u2022 17 &#8211;\u00a021 de Mayo 2018 \u2022<\/strong><\/span><\/p>\n<p style=\"text-align: center;\"><span style=\"font-size: 24px;\"><strong><span style=\"font-family: arial,helvetica,sans-serif;\">Transformaci\u00f3n con las CARTAS DE\u00a0AN<\/span><\/strong><\/span><\/p>\n<p style=\"text-align: center;\"><span style=\"font-size: 24px;\"><strong><span style=\"font-family: arial,helvetica,sans-serif;\">~ Clases Maestras\u00a0~<\/span><\/strong><\/span><\/p>\n<p><img decoding=\"async\" loading=\"lazy\" class=\"size-medium wp-image-18632 aligncenter\" src=\"http:\/\/anvisible.com\/wp-content\/blogs.dir\/1\/files\/2018\/01\/2018-01-04-00035-400x300.jpg\" alt=\"El Oct\u00e1gono est\u00e1 totalmente alineado con la Torre de AN. No se sienten separados en absoluto. Cuando est\u00e1s dentro del Oct\u00e1gono, sientes que tambi\u00e9n est\u00e1s dentro de la Torre\" width=\"400\" height=\"300\" srcset=\"https:\/\/anvisible.com\/wp-content\/blogs.dir\/1\/files\/2018\/01\/2018-01-04-00035-400x300.jpg 400w, https:\/\/anvisible.com\/wp-content\/blogs.dir\/1\/files\/2018\/01\/2018-01-04-00035-200x150.jpg 200w, https:\/\/anvisible.com\/wp-content\/blogs.dir\/1\/files\/2018\/01\/2018-01-04-00035-768x576.jpg 768w, https:\/\/anvisible.com\/wp-content\/blogs.dir\/1\/files\/2018\/01\/2018-01-04-00035-600x450.jpg 600w, https:\/\/anvisible.com\/wp-content\/blogs.dir\/1\/files\/2018\/01\/2018-01-04-00035-300x225.jpg 300w, https:\/\/anvisible.com\/wp-content\/blogs.dir\/1\/files\/2018\/01\/2018-01-04-00035.jpg 960w\" sizes=\"(max-width: 400px) 100vw, 400px\" \/><\/p>\n<p>&nbsp;<\/p>\n<p style=\"text-align: center;\"><span style=\"font-family: tahoma,arial,helvetica,sans-serif;\"><strong><span style=\"font-size: 24px;\">\u2022 23\u00a0&#8211;\u00a028 de Mayo 2018 \u2022<\/span><\/strong><\/span><\/p>\n<p style=\"text-align: center;\"><span style=\"font-family: arial,helvetica,sans-serif;\"><strong><br \/>\n<span style=\"font-size: 24px;\">Inmersi\u00f3n en la Nueva Realidad de AN<\/span><\/strong><\/span><\/p>\n<p style=\"text-align: center;\"><span style=\"font-family: arial,helvetica,sans-serif;\"><strong> <span style=\"font-size: 24px;\"><br \/>\nUna Viaje Transformacional<\/span><\/strong><\/span><\/p>\n<p style=\"text-align: center;\"><span style=\"font-family: arial,helvetica,sans-serif;\"><strong><span style=\"font-size: 24px;\">Dentro de la Atemporalidad de los Mundos<\/span><\/strong><\/span><\/p>\n<p style=\"text-align: center;\"><span style=\"font-family: arial,helvetica,sans-serif;\"><strong><span style=\"font-size: 24px;\">de la Nueva Realidad de\u00a0AN<\/span><\/strong><\/span><\/p>\n<p><img decoding=\"async\" loading=\"lazy\" class=\"size-medium wp-image-18466 aligncenter\" src=\"http:\/\/anvisible.com\/wp-content\/blogs.dir\/1\/files\/2018\/01\/2018-01-04-00002-450x298.jpg\" alt=\"La Torre de Luz de AN contin\u00faa siendo muy activa y totalmente magn\u00edfica\" width=\"450\" height=\"298\" srcset=\"https:\/\/anvisible.com\/wp-content\/blogs.dir\/1\/files\/2018\/01\/2018-01-04-00002-450x298.jpg 450w, https:\/\/anvisible.com\/wp-content\/blogs.dir\/1\/files\/2018\/01\/2018-01-04-00002-210x139.jpg 210w, https:\/\/anvisible.com\/wp-content\/blogs.dir\/1\/files\/2018\/01\/2018-01-04-00002-768x509.jpg 768w, https:\/\/anvisible.com\/wp-content\/blogs.dir\/1\/files\/2018\/01\/2018-01-04-00002-640x424.jpg 640w, https:\/\/anvisible.com\/wp-content\/blogs.dir\/1\/files\/2018\/01\/2018-01-04-00002-400x265.jpg 400w, https:\/\/anvisible.com\/wp-content\/blogs.dir\/1\/files\/2018\/01\/2018-01-04-00002-300x199.jpg 300w, https:\/\/anvisible.com\/wp-content\/blogs.dir\/1\/files\/2018\/01\/2018-01-04-00002.jpg 960w\" sizes=\"(max-width: 450px) 100vw, 450px\" \/><\/p>\n<p style=\"text-align: center;\"><span style=\"font-size: 20px;\">\u2022 Es muy recomendable participar en ambos eventos! \u2022<\/span><\/p>\n<p style=\"text-align: center;\"><span style=\"font-size: 20px;\">Nuestros dos Eventos Especiales est\u00e1n dise\u00f1ados<\/span><br \/>\n<span style=\"font-size: 20px;\">para complementarse perfectamente.<\/span><\/p>\n<p style=\"text-align: justify;\"><span style=\"font-size: 20px;\">En las Cartas de UNA Master Class, experimentaremos una profunda transformaci\u00f3n interior. Entonces, durante nuestra Inmersi\u00f3n en la Nueva Realidad de AN, anclaremos nuestra transformaci\u00f3n personal en lo f\u00edsico mientras nos alineamos como Un Verdadero Ser.<\/span><\/p>\n<p style=\"text-align: center;\"><span style=\"font-size: 16px;\"><em><a href=\"http:\/\/emanaku.pointinspace.com\/2018HANRegForm.php?lang=es\" target=\"_blank\">Reg\u00edstrese aqu\u00ed<\/a><\/em><\/span><br \/>\n<span style=\"font-size: 16px;\"> <em> Estos eventos especiales de AN pueden llenarse muy pronto.<\/em><\/span><br \/>\n<span style=\"font-size: 16px;\"> <em> Por favor, reg\u00edstrese pronto si desea participar.<\/em><\/span><\/p>\n<p style=\"text-align: center;\"><span style=\"font-size: 16px;\"><em>S\u00f3lo podemos reservar espacios para inscripciones confirmadas.<\/em><\/span><\/p>\n<p style=\"text-align: center;\"><span style=\"font-size: 16px;\"><em>Haga clic en un evento para ver m\u00e1s informaci\u00f3n e inscribirse:<\/em><\/span><\/p>\n<p>CONTENTS<\/p>","protected":false},"excerpt":{"rendered":"<p>Eventos Especiales en 2018 al Coraz\u00f3n de AN en El Valle Sagrado de los Inkas, Per\u00fa<\/p>\n","protected":false},"author":2,"featured_media":18813,"parent":0,"menu_order":0,"comment_status":"closed","ping_status":"closed","template":"","meta":[],"_links":{"self":[{"href":"https:\/\/anvisible.com\/es\/wp-json\/wp\/v2\/pages\/6586"}],"collection":[{"href":"https:\/\/anvisible.com\/es\/wp-json\/wp\/v2\/pages"}],"about":[{"href":"https:\/\/anvisible.com\/es\/wp-json\/wp\/v2\/types\/page"}],"author":[{"embeddable":true,"href":"https:\/\/anvisible.com\/es\/wp-json\/wp\/v2\/users\/2"}],"replies":[{"embeddable":true,"href":"https:\/\/anvisible.com\/es\/wp-json\/wp\/v2\/comments?post=6586"}],"version-history":[{"count":11,"href":"https:\/\/anvisible.com\/es\/wp-json\/wp\/v2\/pages\/6586\/revisions"}],"predecessor-version":[{"id":18854,"href":"https:\/\/anvisible.com\/es\/wp-json\/wp\/v2\/pages\/6586\/revisions\/18854"}],"wp:featuredmedia":[{"embeddable":true,"href":"https:\/\/anvisible.com\/es\/wp-json\/wp\/v2\/media\/18813"}],"wp:attachment":[{"href":"https:\/\/anvisible.com\/es\/wp-json\/wp\/v2\/media?parent=6586"}],"curies":[{"name":"wp","href":"https:\/\/api.w.org\/{rel}","templated":true}]}}