{"id":722,"date":"2012-01-03T12:39:12","date_gmt":"2012-01-03T17:39:12","guid":{"rendered":"http:\/\/anvisible.com\/?page_id=722"},"modified":"2012-01-03T12:59:20","modified_gmt":"2012-01-03T17:59:20","slug":"%c2%a1un-solo-ser-en-acci%c3%b3n","status":"publish","type":"page","link":"https:\/\/anvisible.com\/es\/introduction\/%c2%a1un-solo-ser-en-acci%c3%b3n\/","title":{"rendered":"\u00a1Un Solo Ser en Acci\u00f3n!"},"content":{"rendered":"<p style=\"text-align: center\"><strong><span style=\"font-size: medium\">Quien se beneficiar\u00e1 del Coraz\u00f3n de AN<\/span><\/p>\n<p><\/strong><\/p>\n<p style=\"text-align: justify\"><strong>El Coraz\u00f3n de AN est\u00e1 siendo creado por nuestro Un Solo Ser para el beneficio de todos. De hecho, su creaci\u00f3n, desarrolloy \u00e9xito depende completamente de nuestro UN SOLO SER EN ACCI\u00d3N.<\/strong><\/p>\n<p style=\"text-align: justify\"><strong>Mientras que un grupo peque\u00f1o de nosotros viviremos ah\u00ed permamentemente para manejar nuestro Centro, funcionar\u00e1 como un lugar de sustento, inspiraci\u00f3n, recalibraci\u00f3n y renovaci\u00f3n para que todos puedan visitar. Ofreceremos una variedad de eventos especiales, talleres y ceremonias que no est\u00e1n disponibles en ning\u00fan otro lugar, a la vez que toures \u00fanicos de Per\u00fa y Bolivia.<\/strong><\/p>\n<p style=\"text-align: justify\"><strong>El Coraz\u00f3n de AN es el punto de anclaje para las energ\u00edas de AN. Desde aqu\u00ed, las energ\u00edas de AN se difundir\u00e1n hacia afuera por todo este planeta. Este es el siguiente paso despu\u00e9s de nuestro viaje a trav\u00e9s del Portal 11:11.<\/strong><\/p>\n<p style=\"text-align: justify\"><strong>El Coraz\u00f3n de AN es un prototipo para Vivir Vidas Verdaderas como Verdaderos. Aqu\u00ed, crearemos nuevas maneras de vivir y de ser y las implementaremos en nuestras vidas diarias. El Coraz\u00f3n de AN es un laboratorio viviente de lo Nuevo y Verdadero anclado en la Realidad Ultra Mayor.<\/strong><\/p>\n<p style=\"text-align: center\"><span style=\"font-size: medium\"><strong><\/p>\n<p><\/strong><\/span><\/p>\n<p style=\"text-align: center\"><strong><span style=\"font-size: medium\">\u00bfPor qu\u00e9 colaborar con el Coraz\u00f3n de AN?<\/span><\/p>\n<p><\/strong><\/p>\n<p style=\"text-align: justify\"><strong>Al colabroar con el Coraz\u00f3n de AN, no estas colaborando con \u201cnosotros\u201d, est\u00e1s colaborando con todo nuestro Un Solo Ser. El Coraz\u00f3n de AN es una colaboraci\u00f3n de nuestro Un Solo Ser, alumbrada a trav\u00e9s de nuestro UN SOLO SER EN ACCI\u00d3N. Es por esto que el Coraz\u00f3n de AN necesita ser creado por nosotros como Un Solo Ser, en vez de por un peque\u00f1o grupo de nosotros.<\/strong><\/p>\n<p style=\"text-align: justify\"><strong>Algunos de nosotros tienen las ideas, algunos tienen las habilidades o conecciones y algunos tienen el dinero para adquirirlo. Del mismo modo, algunos vivir\u00e1n ah\u00ed permanentemente, mientras otros visitar\u00e1n. Algunos tal vez n\u00fanca lo visiten, pero estar\u00e1n profundamente tocados por su existencia.<\/strong><\/p>\n<p style=\"text-align: justify\"><strong>Ahora debemos combinar nuestras \u00fanicas y distintas piezas del rompecabezas para crear algo absolutamente Nuevo y Verdadero.<\/strong><\/p>\n<p style=\"text-align: justify\"><strong>El Coraz\u00f3n de AN es para todos nosotros y es por eso que necesita el apoyo consciente de todos.<\/strong><\/p>\n<p style=\"text-align: justify\"><strong>\u00a1Es el tiempo para nuestro UN SOLO SER EN ACCI\u00d3N!<\/strong><\/p>\n<p>&nbsp;<\/p>\n<p>&nbsp;<\/p>","protected":false},"excerpt":{"rendered":"<p>Quien se beneficiar\u00e1 del Coraz\u00f3n de AN El Coraz\u00f3n de AN est\u00e1 siendo creado por nuestro Un Solo Ser para el beneficio de todos. De hecho, su creaci\u00f3n, desarrolloy \u00e9xito depende completamente de nuestro UN SOLO SER EN ACCI\u00d3N. Mientras que un grupo peque\u00f1o de nosotros viviremos ah\u00ed permamentemente para manejar nuestro Centro, funcionar\u00e1 como <a class=\"read-more\" href=\"https:\/\/anvisible.com\/es\/introduction\/%c2%a1un-solo-ser-en-acci%c3%b3n\/\">[ Read More&#8230;. ]<\/a><\/p>\n","protected":false},"author":6,"featured_media":0,"parent":292,"menu_order":0,"comment_status":"closed","ping_status":"closed","template":"","meta":[],"_links":{"self":[{"href":"https:\/\/anvisible.com\/es\/wp-json\/wp\/v2\/pages\/722"}],"collection":[{"href":"https:\/\/anvisible.com\/es\/wp-json\/wp\/v2\/pages"}],"about":[{"href":"https:\/\/anvisible.com\/es\/wp-json\/wp\/v2\/types\/page"}],"author":[{"embeddable":true,"href":"https:\/\/anvisible.com\/es\/wp-json\/wp\/v2\/users\/6"}],"replies":[{"embeddable":true,"href":"https:\/\/anvisible.com\/es\/wp-json\/wp\/v2\/comments?post=722"}],"version-history":[{"count":2,"href":"https:\/\/anvisible.com\/es\/wp-json\/wp\/v2\/pages\/722\/revisions"}],"predecessor-version":[{"id":727,"href":"https:\/\/anvisible.com\/es\/wp-json\/wp\/v2\/pages\/722\/revisions\/727"}],"up":[{"embeddable":true,"href":"https:\/\/anvisible.com\/es\/wp-json\/wp\/v2\/pages\/292"}],"wp:attachment":[{"href":"https:\/\/anvisible.com\/es\/wp-json\/wp\/v2\/media?parent=722"}],"curies":[{"name":"wp","href":"https:\/\/api.w.org\/{rel}","templated":true}]}}