{"id":1457,"date":"2013-07-13T11:06:59","date_gmt":"2013-07-13T16:06:59","guid":{"rendered":"http:\/\/anvisible.com\/?page_id=1457"},"modified":"2013-08-25T02:58:59","modified_gmt":"2013-08-25T07:58:59","slug":"neste-momento","status":"publish","type":"page","link":"https:\/\/anvisible.com\/pt\/neste-momento\/","title":{"rendered":"Neste momento &#8230;."},"content":{"rendered":"<p style=\"text-align: center;\">(tradu\u00e7\u00e3o de Viviane Querino)<\/p>\n<h2 style=\"text-align: center;\">Nossa situa\u00e7\u00e3o atual<\/h2>\n<dl>\n<dt><img decoding=\"async\" loading=\"lazy\" class=\"aligncenter\" src=\"http:\/\/anvisible.com\/files\/2013\/07\/IMG_5122-002-450x300.jpg\" alt=\"Our Beautiful Land\" width=\"450\" height=\"300\" \/><\/dt>\n<dt><\/dt>\n<\/dl>\n<p style=\"text-align: justify;\"><strong>Em 26 de junho, finalmente compramos a nossa linda terra para o Cora\u00e7\u00e3o de AN!<\/strong><\/p>\n<p style=\"text-align: justify;\"><strong>Na verdade, n\u00f3s compramos dois pequenos peda\u00e7os de propriedades vizinhas, que somam um total de 7.700 metros quadrados ou cerca de dois hectares. Embora seja um come\u00e7o um pouco humilde para o Cora\u00e7\u00e3o de AN, era tudo o que pod\u00edamos pagar.<\/strong><\/p>\n<p style=\"text-align: justify;\"><strong>Nossa terra est\u00e1 localizada em um pequeno vale perto da aldeia de Huaran no Vale Sagrado dos Incas perto de Cusco, Peru. A foto acima mostra a nossa vista deslumbrante sobre a montanha sagrada Apu Sawasiray. Sawasiray significa: costurar juntos em casamento, na l\u00edngua Quechua. Juntamente com a montanha vizinha de Apu Pitusiray: costurar juntos em uni\u00e3o, as duas montanhas sagradas formam um casal eterno. Tais energias perfeitas para o cora\u00e7\u00e3o de um que representa a uni\u00e3o sagrada do Sol e da Lua em um s\u00f3 ser.<\/strong><\/p>\n<p style=\"text-align: justify;\"><strong>A nossa nova terra \u00e9 ensolarada, tranquila e levemente inclinada. De um lado da propriedade \u00e9 um acequia (canal de irriga\u00e7\u00e3o), que tem \u00e1gua o ano todo. O lado oposto da nossa terra tem fachada com uma pequena estrada de terra. Do outro lado da estrada \u00e9 um c\u00f3rrego de fluxo \u00e1gua o ano todo. Isso nos d\u00e1 o som refrescante de \u00e1gua corrente em ambos os lados da propriedade.<\/strong><\/p>\n<p style=\"text-align: justify;\"><strong>A terra cont\u00e9m v\u00e1rias depress\u00f5es circulares, alguns cercados por muros de pedra feitos \u00e0 m\u00e3o, que foram utilizados para o cultivo. Este \u00e9 o lugar onde n\u00f3s vamos colocar nossos edif\u00edcios e alguns pequenos jardins. Estamos muito animados por finalmente ter o lugar para ancorar as energias do Cora\u00e7\u00e3o de AN.<\/strong><\/p>\n<dl>\n<dt><img decoding=\"async\" loading=\"lazy\" class=\"aligncenter size-medium wp-image-1345\" src=\"http:\/\/anvisible.com\/files\/2013\/07\/IMG_5125LL-450x300.jpg\" alt=\"IMG_5125LL\" width=\"450\" height=\"300\" srcset=\"https:\/\/anvisible.com\/wp-content\/blogs.dir\/1\/files\/2013\/07\/IMG_5125LL-450x300.jpg 450w, https:\/\/anvisible.com\/wp-content\/blogs.dir\/1\/files\/2013\/07\/IMG_5125LL-210x140.jpg 210w, https:\/\/anvisible.com\/wp-content\/blogs.dir\/1\/files\/2013\/07\/IMG_5125LL-400x267.jpg 400w, https:\/\/anvisible.com\/wp-content\/blogs.dir\/1\/files\/2013\/07\/IMG_5125LL.jpg 600w\" sizes=\"(max-width: 450px) 100vw, 450px\" \/><\/dt>\n<\/dl>\n<h2 style=\"text-align: center;\">Nossos pr\u00f3ximos passos<\/h2>\n<p style=\"text-align: justify;\"><strong>No momento, estamos trabalhando com um arquiteto amigo nosso para projetar o nosso Plano Mestre do Cora\u00e7\u00e3o de AN. Ele tamb\u00e9m est\u00e1 trabalhando com Solara e Eman\u00e1ku para finalizar os planos de sua casa.<\/strong><\/p>\n<p style=\"text-align: justify;\"><strong>Neste momento, estamos obtendo eletricidade e as licen\u00e7as necess\u00e1rias e esperamos iniciar a constru\u00e7\u00e3o nas pr\u00f3ximas semanas. Vamos come\u00e7ar fazendo uma entrada adequada para a propriedade com uma pequena estrada na terra. Precisamos criar esta entrada e pedir o port\u00e3o da frente. Em seguida ser\u00e1 a constru\u00e7\u00e3o de uma pequena casa guardi\u00e3 que ser\u00e1 incorporada na parede de adobe.\u00a0<\/strong><\/p>\n<p style=\"text-align: justify;\"><strong>Ao mesmo tempo, vamos come\u00e7ar cercando a propriedade com uma combina\u00e7\u00e3o de uma parede de adobe e cercas de metal. H\u00e1 duas raz\u00f5es pelas quais n\u00f3s n\u00e3o estamos construindo uma parede de adobe, como \u00e9 comum nesta \u00e1rea, em todo o im\u00f3vel agora. Um: n\u00e3o temos dinheiro suficiente para construir uma neste momento e Dois: n\u00f3s realmente esperamos ser capazes de comprar alguns dos terrenos circundantes, com a ajuda de nosso Ser \u00danico e cercas de metal s\u00e3o mais f\u00e1ceis de se mover. O muro, cercas, port\u00f5es, sistema de \u00e1gua, sistema el\u00e9trico, sistema de fossa s\u00e9ptica e casa guardi\u00e3 ir\u00e1 utilizar-se de todos os donativos que recebemos at\u00e9 agora para o Cora\u00e7\u00e3o de AN.<\/strong><\/p>\n<p style=\"text-align: justify;\"><strong>Em setembro, vamos come\u00e7ar a construir a casa de Solara e Eman\u00e1ku. Uma vez que eles tamb\u00e9m compram o terreno, a constru\u00e7\u00e3o de sua casa ir\u00e1 esgotar todos os seus recursos pessoais .<\/strong><\/p>\n<h2 style=\"text-align: center;\">Como voc\u00ea pode ajudar<\/h2>\n<p style=\"text-align: justify;\"><strong>H\u00e1 muitas maneiras importantes em que nosso Ser \u00danico podem nos ajudar a manifestar o Cora\u00e7\u00e3o de AN. Sabemos que muitos de voc\u00eas est\u00e3o animados para ver o Cora\u00e7\u00e3o de AN estabelecido no plano f\u00edsico. E que voc\u00ea est\u00e1 ciente da import\u00e2ncia disto para todo o planeta nestes tempos tumultuados da transi\u00e7\u00e3o da dualidade para a Unidade. E muitos de voc\u00eas est\u00e3o ansiosos para nos visitar e participar em v\u00e1rios n\u00edveis com a gente. No entanto, nada disso vai acontecer sem o seu apoio.<\/strong><\/p>\n<p style=\"text-align: center;\"><strong>Aqui est\u00e1 o plano proposto para o Cora\u00e7\u00e3o de AN:<\/strong><\/p>\n<p><strong><img decoding=\"async\" loading=\"lazy\" class=\"aligncenter size-large wp-image-1387\" title=\"Terreno-Descriptions-pt\" src=\"http:\/\/anvisible.com\/files\/2013\/08\/Terreno-Descriptions-pt-599x450.jpg\" alt=\"Terreno-Descriptions-pt\" width=\"599\" height=\"450\" srcset=\"https:\/\/anvisible.com\/wp-content\/blogs.dir\/1\/files\/2013\/08\/Terreno-Descriptions-pt-599x450.jpg 599w, https:\/\/anvisible.com\/wp-content\/blogs.dir\/1\/files\/2013\/08\/Terreno-Descriptions-pt-199x150.jpg 199w, https:\/\/anvisible.com\/wp-content\/blogs.dir\/1\/files\/2013\/08\/Terreno-Descriptions-pt-399x300.jpg 399w, https:\/\/anvisible.com\/wp-content\/blogs.dir\/1\/files\/2013\/08\/Terreno-Descriptions-pt-400x300.jpg 400w, https:\/\/anvisible.com\/wp-content\/blogs.dir\/1\/files\/2013\/08\/Terreno-Descriptions-pt.jpg 1466w\" sizes=\"(max-width: 599px) 100vw, 599px\" \/><\/p>\n<p><\/strong><\/p>\n<h2 style=\"text-align: center;\">Capta\u00e7\u00e3o de recursos para criar a nossa Vis\u00e3o<\/h2>\n<p style=\"text-align: center;\"><strong>Nossas necessidades mais urgentes s\u00e3o<\/p>\n<p>o levantamento de dinheiro para que o<\/p>\n<p>Cora\u00e7\u00e3o de AN possa ser aberta para receber visitantes<\/p>\n<p>e realizar eventos especiais<\/strong><\/p>\n<p style=\"text-align: justify;\"><strong>1. Nossa primeira prioridade \u00e9 arrecadar dinheiro para a construir nosso Santu\u00e1rio AN Sonqo. Este \u00e9 um grande edif\u00edcio circular com muitas janelas onde podemos realizar oficinas e eventos especiais. Uma vez que AN Sonqo (O Cora\u00e7\u00e3o do AN em Quechua) for constru\u00eddo, n\u00f3s seremos capazes de organizar eventos no Cora\u00e7\u00e3o do AN. (N\u00f3s j\u00e1 temos v\u00e1rios grupos que querem nos visitar no pr\u00f3ximo ano, mas sem este pr\u00e9dio, eles n\u00e3o teriam onde nos visitar.) O custo de constru\u00e7\u00e3o de nosso Santu\u00e1rio &#8211; Espa\u00e7o Oficina \u00e9 de cerca de EUA $ 40.000.<\/strong><\/p>\n<p style=\"text-align: justify;\"><strong>2. Em seguida, gostar\u00edamos de levantar os fundos para a constru\u00e7\u00e3o de diversos Oct\u00e1gonos de dois andares. Alguns Octagonos seriam unidades auto-suficientes com uma pequena cozinha, sala e banheiro embaixo, mais 1 a 2 quartos no andar de cima. Outros conteriam apenas quartos e casas de banho no andar de cima e em baixo. Nossos Octagonos seriam usados por funcion\u00e1rios e visitantes. Cada Octagono custar\u00e1 cerca de EUA $ 30.000 para construir.<\/strong><\/p>\n<p style=\"text-align: justify;\"><strong>3. Para levantar o dinheiro para construir um edif\u00edcio de recep\u00e7\u00e3o que conter\u00e1 uma sala de jantar, cozinha, pequena loja, sala de estar, banheiros e quartos para os visitantes. O custo a determinar.<\/strong><\/p>\n<p style=\"text-align: justify;\"><strong>4. Para levantar o dinheiro para comprar alguns outros peda\u00e7os de propriedade circundantes. Esta zona tamp\u00e3o nos permitiria garantir que teremos privacidade e sossego. Al\u00e9m disso, ele nos daria mais espa\u00e7o para criar jardins, est\u00fadios de arte e outros espa\u00e7os de conviv\u00eancia.<\/strong><\/p>\n<p>&nbsp;<\/p>\n<p style=\"text-align: center;\"><strong>Como podemos fazer isso como Ser \u00danico<\/strong><\/p>\n<p style=\"text-align: justify;\"><strong>Levaria apenas vinte pessoas doando $ 2.000 cada um para construir o nosso Santu\u00e1rio &#8211; Espa\u00e7o Oficina.<\/strong><\/p>\n<p><strong>Ou sessenta pessoas doando US $ 500 cada para a constru\u00e7\u00e3o de um oct\u00f3gono.<\/strong><\/p>\n<p><strong>Vamos despertar o gigante adormecido de nosso Ser \u00danico e manifestar o Cora\u00e7\u00e3o de AN juntos!<\/strong><\/p>\n<p>&nbsp;<\/p>\n<h2 style=\"text-align: center;\">Depois que come\u00e7ar a constru\u00e7\u00e3o &#8230;<\/h2>\n<p style=\"text-align: justify;\"><strong>Depois de ter levantado o dinheiro para a constru\u00e7\u00e3o, seria \u00f3timo ter volunt\u00e1rios com habilidades de constru\u00e7\u00e3o e jardinagem para nos ajudar.<\/strong><\/p>\n<p><strong><\/p>\n<p><\/strong><\/p>","protected":false},"excerpt":{"rendered":"<p>(tradu\u00e7\u00e3o de Viviane Querino) Nossa situa\u00e7\u00e3o atual Em 26 de junho, finalmente compramos a nossa linda terra para o Cora\u00e7\u00e3o de AN! Na verdade, n\u00f3s compramos dois pequenos peda\u00e7os de propriedades vizinhas, que somam um total de 7.700 metros quadrados ou cerca de dois hectares. Embora seja um come\u00e7o um pouco humilde para o Cora\u00e7\u00e3o <a class=\"read-more\" href=\"https:\/\/anvisible.com\/pt\/neste-momento\/\">[ Read More&#8230;. ]<\/a><\/p>\n","protected":false},"author":1,"featured_media":0,"parent":0,"menu_order":0,"comment_status":"open","ping_status":"closed","template":"","meta":[],"_links":{"self":[{"href":"https:\/\/anvisible.com\/pt\/wp-json\/wp\/v2\/pages\/1457"}],"collection":[{"href":"https:\/\/anvisible.com\/pt\/wp-json\/wp\/v2\/pages"}],"about":[{"href":"https:\/\/anvisible.com\/pt\/wp-json\/wp\/v2\/types\/page"}],"author":[{"embeddable":true,"href":"https:\/\/anvisible.com\/pt\/wp-json\/wp\/v2\/users\/1"}],"replies":[{"embeddable":true,"href":"https:\/\/anvisible.com\/pt\/wp-json\/wp\/v2\/comments?post=1457"}],"version-history":[{"count":3,"href":"https:\/\/anvisible.com\/pt\/wp-json\/wp\/v2\/pages\/1457\/revisions"}],"predecessor-version":[{"id":1461,"href":"https:\/\/anvisible.com\/pt\/wp-json\/wp\/v2\/pages\/1457\/revisions\/1461"}],"wp:attachment":[{"href":"https:\/\/anvisible.com\/pt\/wp-json\/wp\/v2\/media?parent=1457"}],"curies":[{"name":"wp","href":"https:\/\/api.w.org\/{rel}","templated":true}]}}