{"id":293,"date":"2011-11-19T05:28:45","date_gmt":"2011-11-19T10:28:45","guid":{"rendered":"http:\/\/anvisible.com\/introduction-2\/"},"modified":"2012-01-03T12:26:52","modified_gmt":"2012-01-03T17:26:52","slug":"introduction","status":"publish","type":"page","link":"https:\/\/anvisible.com\/pt\/introduction\/","title":{"rendered":"O CORA\u00c7\u00c3O DE AN"},"content":{"rendered":"<p style=\"text-align: center\"><strong><em>Tradu\u00e7\u00e3o Viviane Querino<\/em><\/strong><\/p>\n<p><strong><img decoding=\"async\" loading=\"lazy\" class=\"aligncenter\" src=\"http:\/\/anvisible.com\/files\/2011\/11\/AN1-450x298.jpg\" alt=\"AN1\" width=\"450\" height=\"298\" \/><\/strong><\/p>\n<p style=\"text-align: justify\"><strong>\u00c0 medida que nos aproximamos da Ativa\u00e7\u00e3o do D\u00e9cimo Primeiro Portal e final do Portal 11:11, nos encontramos no meio da mais incr\u00edvel transforma\u00e7\u00e3o em grande escala que j\u00e1 tenhamos vivenciado.<\/strong><\/p>\n<p style=\"text-align: justify\"><strong>A jornada do 11:11 est\u00e1 mudando nossos seres por inteiro, reorganizando nossas prioridades e transformando profundamente as nossas experi\u00eancias neste mundo. Algo maravilhoso est\u00e1 nascendo de toda a nossa jornada atrav\u00e9s do Portal 11:11, conduzindo-nos aos mais Novos e Verdadeiros n\u00edveis de viver e ser.<\/strong><\/p>\n<p style=\"text-align: justify\"><strong>O Cora\u00e7\u00e3o de AN est\u00e1 agora se tornando vis\u00edvel&#8230;<\/strong><\/p>\n<p style=\"text-align: center\"><span style=\"font-size: medium\"><strong>O Cora\u00e7\u00e3o de AN<\/strong><\/span><\/p>\n<p style=\"text-align: justify\"><strong>O Cora\u00e7\u00e3o de AN \u00e9 o n\u00facleo central de AN que representa a sagrada uni\u00e3o do Sol e da Lua como um Ser \u00danico. AN representa um estado \u00fanico de consci\u00eancia que \u00e9 t\u00e3o Sublime e Real que deve vivenciado para ser totalmente compreendido.<\/strong><\/p>\n<p style=\"text-align: justify\"><strong>Quando nos posicionamos no Cora\u00e7\u00e3o de AN, podemos viver nossos Sonhos Mais Ousados e realizar nosso Prop\u00f3sito Verdadeiro.<\/strong><\/p>\n<p style=\"text-align: center\"><strong><img decoding=\"async\" loading=\"lazy\" class=\"aligncenter\" src=\"http:\/\/anvisible.com\/files\/2011\/11\/AN3-450x253.jpg\" alt=\"AN3\" width=\"450\" height=\"253\" \/><\/strong><\/p>\n<p><span style=\"font-size: medium\"> <strong>Nossa Vis\u00e3o<\/strong><\/span><\/p>\n<p><span style=\"font-size: medium\"> <strong>O Cora\u00e7\u00e3o de AN<\/strong><\/span><\/p>\n<p><span style=\"font-size: medium\"> <strong>Centro de la Vida Verdadera \u2013 Centro da Vida Verdadeira<\/strong><\/span><\/p>\n<p style=\"text-align: justify\"><strong>A sagrada Cordilheira dos Andes da Am\u00e9rica do Sul sustenta a mais forte concentra\u00e7\u00e3o de energia de AN em todo o planeta. \u00c9 aqui que as Torres de Luz de AN come\u00e7ar\u00e3o a ser ativadas em 2012. Mas antes que isto possa acontecer, o Cora\u00e7\u00e3o de AN precisa ser completamente manifestado e ativado.<\/strong><\/p>\n<p style=\"text-align: justify\"><strong>Um dedicado grupo de n\u00f3s, formado por pessoas de v\u00e1rios pa\u00edses, est\u00e1 agora pronto para manifestar o Cora\u00e7\u00e3o de AN em forma de comunidade. N\u00f3s encontramos o lugar certo para isto no Vale Sagrado no Peru. O Centro Cora\u00e7\u00e3o de AN funcionar\u00e1 como um exemplo vivo de SER \u00daNICO EM A\u00c7\u00c3O por conscientemente Viver Vidas Verdadeiras como Seres Verdadeiros. Tamb\u00e9m ser\u00e1 um ref\u00fagio tranq\u00fcilo para muitos de voc\u00eas visitarem em retiros pessoais para reabastecer e recalibrar a energia.<\/strong><\/p>\n<p style=\"text-align: justify\"><strong>O Cora\u00e7\u00e3o de AN sediar\u00e1 eventos especiais e em profundidade, avan\u00e7ados workshops com Solara e outros Facilitadores 11:11 em v\u00e1rias l\u00ednguas.\u00a0 Vamos tamb\u00e9m oferecer aulas de l\u00ednguas, workshops de mandalas e passeis \u00fanicos no Peru e Bol\u00edvia com guias experientes que s\u00e3o Seres Verdadeiros. Estes n\u00e3o ser\u00e3o tours \u201cespirituais\u201d normais; eles te levar\u00e3o aos locais mais verdadeiros dentro de si mesmos. O Cora\u00e7\u00e3o de AN incluir\u00e1 um hotel e restaurante para que todos possam experimentar uma imers\u00e3o completa na Realidade Ultra Maior. Nossos est\u00fadios de artesanato criar\u00e3o produtos \u00fanicos com a resson\u00e2ncia de AN.\u00a0 E, estaremos perto o suficiente de aldeias Quechua para interagir com as pessoas, oferecendo a eles empregos nos nossos v\u00e1rios projetos e aulas para as crian\u00e7as.<\/strong><\/p>\n<p style=\"text-align: center\"><span style=\"font-size: medium\"><strong>O Chamado<\/strong><\/span><\/p>\n<p style=\"text-align: justify\"><strong>Agora \u00e9 o momento para manifestar o Centro Cora\u00e7\u00e3o de AN no plano f\u00edsico. N\u00f3s precisamos urgentemente adquirir a propriedade certa na Cordilheira dos Andes no Peru o mais r\u00e1pido poss\u00edvel.<\/strong><\/p>\n<p style=\"text-align: justify\"><strong>Este \u00e9 um projeto enorme e s\u00f3 podemos faz\u00ea-lo com a ajuda do nosso Ser \u00danico. Estamos chamando os Seres Verdadeiros ao redor de todo o mundo para nos ajudar a comprar o lar verdadeiro para o Cora\u00e7\u00e3o de AN.<\/strong><\/p>\n<p style=\"text-align: justify\"><strong>Para manifestar nossa vis\u00e3o, procuramos por 2000 pessoas que possam doar $1000 (mil d\u00f3lares) ou mais. \u00c9 claro que estamos gratos pelas contribui\u00e7\u00f5es de qualquer valor.<\/strong><\/p>\n<p style=\"text-align: justify\"><strong>O seu donativo para o Cora\u00e7\u00e3o de AN \u00e9 muito necess\u00e1rio e profundamente apreciado.<\/strong><\/p>\n<p style=\"text-align: justify\"><strong>Este \u00e9 um apelo urgente para que possamos rapidamente manifestar o pr\u00f3ximo passo de nosso Verdadeiro Prop\u00f3sito para o beneficio de todos.<\/strong><\/p>\n<p><strong><img decoding=\"async\" loading=\"lazy\" class=\"aligncenter\" src=\"http:\/\/anvisible.com\/files\/2011\/11\/AN2-450x253.jpg\" alt=\"AN2\" width=\"450\" height=\"253\" \/><\/strong><\/p>\n<p style=\"text-align: justify\"><strong><\/p>\n<p><\/strong><\/p>","protected":false},"excerpt":{"rendered":"<p>Tradu\u00e7\u00e3o Viviane Querino \u00c0 medida que nos aproximamos da Ativa\u00e7\u00e3o do D\u00e9cimo Primeiro Portal e final do Portal 11:11, nos encontramos no meio da mais incr\u00edvel transforma\u00e7\u00e3o em grande escala que j\u00e1 tenhamos vivenciado. A jornada do 11:11 est\u00e1 mudando nossos seres por inteiro, reorganizando nossas prioridades e transformando profundamente as nossas experi\u00eancias neste mundo. <a class=\"read-more\" href=\"https:\/\/anvisible.com\/pt\/introduction\/\">[ Read More&#8230;. ]<\/a><\/p>\n","protected":false},"author":1,"featured_media":0,"parent":0,"menu_order":0,"comment_status":"closed","ping_status":"open","template":"","meta":[],"_links":{"self":[{"href":"https:\/\/anvisible.com\/pt\/wp-json\/wp\/v2\/pages\/293"}],"collection":[{"href":"https:\/\/anvisible.com\/pt\/wp-json\/wp\/v2\/pages"}],"about":[{"href":"https:\/\/anvisible.com\/pt\/wp-json\/wp\/v2\/types\/page"}],"author":[{"embeddable":true,"href":"https:\/\/anvisible.com\/pt\/wp-json\/wp\/v2\/users\/1"}],"replies":[{"embeddable":true,"href":"https:\/\/anvisible.com\/pt\/wp-json\/wp\/v2\/comments?post=293"}],"version-history":[{"count":3,"href":"https:\/\/anvisible.com\/pt\/wp-json\/wp\/v2\/pages\/293\/revisions"}],"predecessor-version":[{"id":721,"href":"https:\/\/anvisible.com\/pt\/wp-json\/wp\/v2\/pages\/293\/revisions\/721"}],"wp:attachment":[{"href":"https:\/\/anvisible.com\/pt\/wp-json\/wp\/v2\/media?parent=293"}],"curies":[{"name":"wp","href":"https:\/\/api.w.org\/{rel}","templated":true}]}}